{"id":2929,"date":"2023-11-14T00:30:46","date_gmt":"2023-11-13T19:30:46","guid":{"rendered":"https:\/\/turkmenexporter.com\/hakkimizda\/"},"modified":"2024-02-03T22:33:25","modified_gmt":"2024-02-03T17:33:25","slug":"hakkimizda","status":"publish","type":"page","link":"https:\/\/turkmenexporter.com\/tr\/hakkimizda\/","title":{"rendered":"Hakk\u0131m\u0131zda"},"content":{"rendered":"\t\t<div data-elementor-type=\"wp-page\" data-elementor-id=\"2929\" class=\"elementor elementor-2929 elementor-1095\" data-elementor-post-type=\"page\">\n\t\t\t\t<div class=\"elementor-element elementor-element-53923dd e-flex e-con-boxed e-con e-parent\" data-id=\"53923dd\" data-element_type=\"container\" data-e-type=\"container\">\n\t\t\t\t\t<div class=\"e-con-inner\">\n\t\t\t\t<div class=\"elementor-element elementor-element-70b382b elementor-widget elementor-widget-shortcode\" data-id=\"70b382b\" data-element_type=\"widget\" data-e-type=\"widget\" data-widget_type=\"shortcode.default\">\n\t\t\t\t<div class=\"elementor-widget-container\">\n\t\t\t\t\t\t\t<div class=\"elementor-shortcode\"><nav aria-label=\"breadcrumbs\" class=\"rank-math-breadcrumb\"><p><span class=\"last\">Anasayfa<\/span><\/p><\/nav><\/div>\n\t\t\t\t\t\t<\/div>\n\t\t\t\t<\/div>\n\t\t\t\t\t<\/div>\n\t\t\t\t<\/div>\n\t\t<div class=\"elementor-element elementor-element-6487bd5 e-flex e-con-boxed e-con e-parent\" data-id=\"6487bd5\" data-element_type=\"container\" data-e-type=\"container\">\n\t\t\t\t\t<div class=\"e-con-inner\">\n\t\t\t\t\t<\/div>\n\t\t\t\t<\/div>\n\t\t<div class=\"elementor-element elementor-element-f994e02 e-flex e-con-boxed e-con e-parent\" data-id=\"f994e02\" data-element_type=\"container\" data-e-type=\"container\">\n\t\t\t\t\t<div class=\"e-con-inner\">\n\t\t<div class=\"elementor-element elementor-element-1b01feb e-con-full e-flex e-con e-child\" data-id=\"1b01feb\" data-element_type=\"container\" data-e-type=\"container\">\n\t\t\t\t<div class=\"elementor-element elementor-element-847398f elementor-widget elementor-widget-text-editor\" data-id=\"847398f\" data-element_type=\"widget\" data-e-type=\"widget\" data-widget_type=\"text-editor.default\">\n\t\t\t\t<div class=\"elementor-widget-container\">\n\t\t\t\t\t\t\t\t\t<p><strong>T\u00fcrkmen \u0130hracat\u00e7\u0131<\/strong>, d\u00fcnyan\u0131n her yerinden al\u0131c\u0131lar\u0131 T\u00fcrkmenistan&#8217;daki \u00fcreticilerle bulu\u015fturan, kaliteli \u00fcr\u00fcnleri uygun fiyatlarla toplu olarak sat\u0131n alma f\u0131rsat\u0131 sunan \u00e7evrimi\u00e7i bir B2B pazar\u0131d\u0131r.<\/p>\n\t\t\t\t\t\t\t\t<\/div>\n\t\t\t\t<\/div>\n\t\t<div class=\"elementor-element elementor-element-7101b12 e-con-full e-flex e-con e-child\" data-id=\"7101b12\" data-element_type=\"container\" data-e-type=\"container\">\n\t\t\t\t<div class=\"elementor-element elementor-element-42c5f26 elementor-widget elementor-widget-accordion\" data-id=\"42c5f26\" data-element_type=\"widget\" data-e-type=\"widget\" data-widget_type=\"accordion.default\">\n\t\t\t\t<div class=\"elementor-widget-container\">\n\t\t\t\t\t\t\t<div class=\"elementor-accordion\">\n\t\t\t\t\t\t\t<div class=\"elementor-accordion-item\">\n\t\t\t\t\t<h2 id=\"elementor-tab-title-7001\" class=\"elementor-tab-title\" data-tab=\"1\" role=\"button\" aria-controls=\"elementor-tab-content-7001\" aria-expanded=\"false\">\n\t\t\t\t\t\t\t\t\t\t\t\t\t<span class=\"elementor-accordion-icon elementor-accordion-icon-right\" aria-hidden=\"true\">\n\t\t\t\t\t\t\t\t\t\t\t\t\t\t\t<span class=\"elementor-accordion-icon-closed\"><svg class=\"e-font-icon-svg e-fas-caret-down\" viewBox=\"0 0 320 512\" xmlns=\"http:\/\/www.w3.org\/2000\/svg\"><path d=\"M31.3 192h257.3c17.8 0 26.7 21.5 14.1 34.1L174.1 354.8c-7.8 7.8-20.5 7.8-28.3 0L17.2 226.1C4.6 213.5 13.5 192 31.3 192z\"><\/path><\/svg><\/span>\n\t\t\t\t\t\t\t\t<span class=\"elementor-accordion-icon-opened\"><svg class=\"e-font-icon-svg e-fas-angle-up\" viewBox=\"0 0 320 512\" xmlns=\"http:\/\/www.w3.org\/2000\/svg\"><path d=\"M177 159.7l136 136c9.4 9.4 9.4 24.6 0 33.9l-22.6 22.6c-9.4 9.4-24.6 9.4-33.9 0L160 255.9l-96.4 96.4c-9.4 9.4-24.6 9.4-33.9 0L7 329.7c-9.4-9.4-9.4-24.6 0-33.9l136-136c9.4-9.5 24.6-9.5 34-.1z\"><\/path><\/svg><\/span>\n\t\t\t\t\t\t\t\t\t\t\t\t\t\t<\/span>\n\t\t\t\t\t\t\t\t\t\t\t\t<a class=\"elementor-accordion-title\" tabindex=\"0\">\u015eirket misyonu<\/a>\n\t\t\t\t\t<\/h2>\n\t\t\t\t\t<div id=\"elementor-tab-content-7001\" class=\"elementor-tab-content elementor-clearfix\" data-tab=\"1\" role=\"region\" aria-labelledby=\"elementor-tab-title-7001\"><ul>\n<li>Misyonumuz, giri\u015fimcilerin ve \u015firketlerin i\u015fleri i\u00e7in uygun fiyatlarla mal ve hammadde bulmalar\u0131na yard\u0131mc\u0131 olmakt\u0131r, b\u00f6ylece i\u015flerini m\u00fc\u015fterilerinin avantaj\u0131na g\u00f6re kurabilir ve y\u00fcr\u00fctebilir, hayallerini ger\u00e7ekle\u015ftirebilir ve beklentileri a\u015fabilirler.<\/li>\n<li>K\u00fcresel al\u0131c\u0131lara T\u00fcrkmen \u00fcr\u00fcnleri ve tedarik\u00e7ileri hakk\u0131nda do\u011fru ve g\u00fcvenilir bilgi sa\u011flamak<\/li>\n<\/ul>\n<\/div>\n\t\t\t\t<\/div>\n\t\t\t\t\t\t\t<div class=\"elementor-accordion-item\">\n\t\t\t\t\t<h2 id=\"elementor-tab-title-7002\" class=\"elementor-tab-title\" data-tab=\"2\" role=\"button\" aria-controls=\"elementor-tab-content-7002\" aria-expanded=\"false\">\n\t\t\t\t\t\t\t\t\t\t\t\t\t<span class=\"elementor-accordion-icon elementor-accordion-icon-right\" aria-hidden=\"true\">\n\t\t\t\t\t\t\t\t\t\t\t\t\t\t\t<span class=\"elementor-accordion-icon-closed\"><svg class=\"e-font-icon-svg e-fas-caret-down\" viewBox=\"0 0 320 512\" xmlns=\"http:\/\/www.w3.org\/2000\/svg\"><path d=\"M31.3 192h257.3c17.8 0 26.7 21.5 14.1 34.1L174.1 354.8c-7.8 7.8-20.5 7.8-28.3 0L17.2 226.1C4.6 213.5 13.5 192 31.3 192z\"><\/path><\/svg><\/span>\n\t\t\t\t\t\t\t\t<span class=\"elementor-accordion-icon-opened\"><svg class=\"e-font-icon-svg e-fas-angle-up\" viewBox=\"0 0 320 512\" xmlns=\"http:\/\/www.w3.org\/2000\/svg\"><path d=\"M177 159.7l136 136c9.4 9.4 9.4 24.6 0 33.9l-22.6 22.6c-9.4 9.4-24.6 9.4-33.9 0L160 255.9l-96.4 96.4c-9.4 9.4-24.6 9.4-33.9 0L7 329.7c-9.4-9.4-9.4-24.6 0-33.9l136-136c9.4-9.5 24.6-9.5 34-.1z\"><\/path><\/svg><\/span>\n\t\t\t\t\t\t\t\t\t\t\t\t\t\t<\/span>\n\t\t\t\t\t\t\t\t\t\t\t\t<a class=\"elementor-accordion-title\" tabindex=\"0\">\u015eirket de\u011ferleri<\/a>\n\t\t\t\t\t<\/h2>\n\t\t\t\t\t<div id=\"elementor-tab-content-7002\" class=\"elementor-tab-content elementor-clearfix\" data-tab=\"2\" role=\"region\" aria-labelledby=\"elementor-tab-title-7002\"><ul>\n<li><strong>Kalite:<\/strong> B2B pazar yeri sat\u0131c\u0131lar\u0131m\u0131z, kapsaml\u0131 deneyime ve i\u015flerine ve \u00fcr\u00fcnlerine kar\u015f\u0131 sorumlu bir yakla\u015f\u0131ma sahip, tamamen do\u011frulanm\u0131\u015f, sorumlu \u00fcreticilerdir.<\/li>\n<li><strong>G\u00fcvenilirlik:<\/strong> \u00fcreticilerimiz, \u00e7al\u0131\u015fmalar\u0131n\u0131n her alan\u0131nda tutarl\u0131l\u0131k ve g\u00fcvenilirlik ilkesine ba\u011fl\u0131 kal\u0131rlar. T\u00fcrkmen \u0130hracat\u00e7\u0131, y\u00fck\u00fcml\u00fcl\u00fcklerinin yerine getirilmesini, t\u00fcm i\u015flemlerin son teslim tarihlerine uyulmas\u0131n\u0131 izler.<\/li>\n<li><strong>Servis:<\/strong> t\u00fcm sorulara derhal yan\u0131t veriyoruz. Gerekli t\u00fcm belgelerin haz\u0131rlanmas\u0131na yard\u0131mc\u0131 oluyor, lojistik \u015firketi se\u00e7iminde yard\u0131mc\u0131 oluyoruz.<\/li>\n<\/ul>\n<\/div>\n\t\t\t\t<\/div>\n\t\t\t\t\t\t\t<div class=\"elementor-accordion-item\">\n\t\t\t\t\t<h2 id=\"elementor-tab-title-7003\" class=\"elementor-tab-title\" data-tab=\"3\" role=\"button\" aria-controls=\"elementor-tab-content-7003\" aria-expanded=\"false\">\n\t\t\t\t\t\t\t\t\t\t\t\t\t<span class=\"elementor-accordion-icon elementor-accordion-icon-right\" aria-hidden=\"true\">\n\t\t\t\t\t\t\t\t\t\t\t\t\t\t\t<span class=\"elementor-accordion-icon-closed\"><svg class=\"e-font-icon-svg e-fas-caret-down\" viewBox=\"0 0 320 512\" xmlns=\"http:\/\/www.w3.org\/2000\/svg\"><path d=\"M31.3 192h257.3c17.8 0 26.7 21.5 14.1 34.1L174.1 354.8c-7.8 7.8-20.5 7.8-28.3 0L17.2 226.1C4.6 213.5 13.5 192 31.3 192z\"><\/path><\/svg><\/span>\n\t\t\t\t\t\t\t\t<span class=\"elementor-accordion-icon-opened\"><svg class=\"e-font-icon-svg e-fas-angle-up\" viewBox=\"0 0 320 512\" xmlns=\"http:\/\/www.w3.org\/2000\/svg\"><path d=\"M177 159.7l136 136c9.4 9.4 9.4 24.6 0 33.9l-22.6 22.6c-9.4 9.4-24.6 9.4-33.9 0L160 255.9l-96.4 96.4c-9.4 9.4-24.6 9.4-33.9 0L7 329.7c-9.4-9.4-9.4-24.6 0-33.9l136-136c9.4-9.5 24.6-9.5 34-.1z\"><\/path><\/svg><\/span>\n\t\t\t\t\t\t\t\t\t\t\t\t\t\t<\/span>\n\t\t\t\t\t\t\t\t\t\t\t\t<a class=\"elementor-accordion-title\" tabindex=\"0\">\u015eirket avantajlar\u0131<\/a>\n\t\t\t\t\t<\/h2>\n\t\t\t\t\t<div id=\"elementor-tab-content-7003\" class=\"elementor-tab-content elementor-clearfix\" data-tab=\"3\" role=\"region\" aria-labelledby=\"elementor-tab-title-7003\"><ul>\n<li>Sat\u0131c\u0131larla her zaman ve her yerde kolay ileti\u015fim<\/li>\n<li>\u00c7ok say\u0131da \u00fcr\u00fcn ve tedarik\u00e7i ile geni\u015f pazar<\/li>\n<li>\u0130yi kalite ile ger\u00e7ekten uygun fiyatlar<\/li>\n<\/ul>\n<\/div>\n\t\t\t\t<\/div>\n\t\t\t\t\t\t\t\t\t\t<script type=\"application\/ld+json\">{\"@context\":\"https:\\\/\\\/schema.org\",\"@type\":\"FAQPage\",\"mainEntity\":[{\"@type\":\"Question\",\"name\":\"\\u015eirket misyonu\",\"acceptedAnswer\":{\"@type\":\"Answer\",\"text\":\"<ul>\\n<li>Misyonumuz, giri\\u015fimcilerin ve \\u015firketlerin i\\u015fleri i\\u00e7in uygun fiyatlarla mal ve hammadde bulmalar\\u0131na yard\\u0131mc\\u0131 olmakt\\u0131r, b\\u00f6ylece i\\u015flerini m\\u00fc\\u015fterilerinin avantaj\\u0131na g\\u00f6re kurabilir ve y\\u00fcr\\u00fctebilir, hayallerini ger\\u00e7ekle\\u015ftirebilir ve beklentileri a\\u015fabilirler.<\\\/li>\\n<li>K\\u00fcresel al\\u0131c\\u0131lara T\\u00fcrkmen \\u00fcr\\u00fcnleri ve tedarik\\u00e7ileri hakk\\u0131nda do\\u011fru ve g\\u00fcvenilir bilgi sa\\u011flamak<\\\/li>\\n<\\\/ul>\\n\"}},{\"@type\":\"Question\",\"name\":\"\\u015eirket de\\u011ferleri\",\"acceptedAnswer\":{\"@type\":\"Answer\",\"text\":\"<ul>\\n<li><strong>Kalite:<\\\/strong> B2B pazar yeri sat\\u0131c\\u0131lar\\u0131m\\u0131z, kapsaml\\u0131 deneyime ve i\\u015flerine ve \\u00fcr\\u00fcnlerine kar\\u015f\\u0131 sorumlu bir yakla\\u015f\\u0131ma sahip, tamamen do\\u011frulanm\\u0131\\u015f, sorumlu \\u00fcreticilerdir.<\\\/li>\\n<li><strong>G\\u00fcvenilirlik:<\\\/strong> \\u00fcreticilerimiz, \\u00e7al\\u0131\\u015fmalar\\u0131n\\u0131n her alan\\u0131nda tutarl\\u0131l\\u0131k ve g\\u00fcvenilirlik ilkesine ba\\u011fl\\u0131 kal\\u0131rlar. T\\u00fcrkmen \\u0130hracat\\u00e7\\u0131, y\\u00fck\\u00fcml\\u00fcl\\u00fcklerinin yerine getirilmesini, t\\u00fcm i\\u015flemlerin son teslim tarihlerine uyulmas\\u0131n\\u0131 izler.<\\\/li>\\n<li><strong>Servis:<\\\/strong> t\\u00fcm sorulara derhal yan\\u0131t veriyoruz. Gerekli t\\u00fcm belgelerin haz\\u0131rlanmas\\u0131na yard\\u0131mc\\u0131 oluyor, lojistik \\u015firketi se\\u00e7iminde yard\\u0131mc\\u0131 oluyoruz.<\\\/li>\\n<\\\/ul>\\n\"}},{\"@type\":\"Question\",\"name\":\"\\u015eirket avantajlar\\u0131\",\"acceptedAnswer\":{\"@type\":\"Answer\",\"text\":\"<ul>\\n<li>Sat\\u0131c\\u0131larla her zaman ve her yerde kolay ileti\\u015fim<\\\/li>\\n<li>\\u00c7ok say\\u0131da \\u00fcr\\u00fcn ve tedarik\\u00e7i ile geni\\u015f pazar<\\\/li>\\n<li>\\u0130yi kalite ile ger\\u00e7ekten uygun fiyatlar<\\\/li>\\n<\\\/ul>\\n\"}}]}<\/script>\n\t\t\t\t\t<\/div>\n\t\t\t\t\t\t<\/div>\n\t\t\t\t<\/div>\n\t\t\t\t<\/div>\n\t\t\t\t<\/div>\n\t\t\t\t\t<\/div>\n\t\t\t\t<\/div>\n\t\t\t\t<\/div>\n\t\t","protected":false},"excerpt":{"rendered":"<p>T\u00fcrkmen \u0130hracat\u00e7\u0131, d\u00fcnyan\u0131n her yerinden al\u0131c\u0131lar\u0131 T\u00fcrkmenistan&#8217;daki \u00fcreticilerle bulu\u015fturan, kaliteli \u00fcr\u00fcnleri uygun fiyatlarla toplu olarak sat\u0131n alma f\u0131rsat\u0131 sunan \u00e7evrimi\u00e7i bir B2B pazar\u0131d\u0131r. \u015eirket misyonu Misyonumuz, giri\u015fimcilerin ve \u015firketlerin i\u015fleri i\u00e7in uygun fiyatlarla mal ve hammadde bulmalar\u0131na yard\u0131mc\u0131 olmakt\u0131r, b\u00f6ylece i\u015flerini m\u00fc\u015fterilerinin avantaj\u0131na g\u00f6re kurabilir ve y\u00fcr\u00fctebilir, hayallerini ger\u00e7ekle\u015ftirebilir ve beklentileri a\u015fabilirler. K\u00fcresel al\u0131c\u0131lara T\u00fcrkmen [&hellip;]<\/p>\n","protected":false},"author":1,"featured_media":0,"parent":0,"menu_order":0,"comment_status":"closed","ping_status":"closed","template":"","meta":{"_acf_changed":false,"footnotes":""},"class_list":["post-2929","page","type-page","status-publish","hentry"],"acf":[],"_links":{"self":[{"href":"https:\/\/turkmenexporter.com\/tr\/wp-json\/wp\/v2\/pages\/2929","targetHints":{"allow":["GET"]}}],"collection":[{"href":"https:\/\/turkmenexporter.com\/tr\/wp-json\/wp\/v2\/pages"}],"about":[{"href":"https:\/\/turkmenexporter.com\/tr\/wp-json\/wp\/v2\/types\/page"}],"author":[{"embeddable":true,"href":"https:\/\/turkmenexporter.com\/tr\/wp-json\/wp\/v2\/users\/1"}],"replies":[{"embeddable":true,"href":"https:\/\/turkmenexporter.com\/tr\/wp-json\/wp\/v2\/comments?post=2929"}],"version-history":[{"count":4,"href":"https:\/\/turkmenexporter.com\/tr\/wp-json\/wp\/v2\/pages\/2929\/revisions"}],"predecessor-version":[{"id":3029,"href":"https:\/\/turkmenexporter.com\/tr\/wp-json\/wp\/v2\/pages\/2929\/revisions\/3029"}],"wp:attachment":[{"href":"https:\/\/turkmenexporter.com\/tr\/wp-json\/wp\/v2\/media?parent=2929"}],"curies":[{"name":"wp","href":"https:\/\/api.w.org\/{rel}","templated":true}]}}