{"id":2992,"date":"2023-12-19T12:59:23","date_gmt":"2023-12-19T07:59:23","guid":{"rendered":"https:\/\/turkmenexporter.com\/cerez-politikasi\/"},"modified":"2024-02-03T01:57:31","modified_gmt":"2024-02-02T20:57:31","slug":"cerez-politikasi","status":"publish","type":"page","link":"https:\/\/turkmenexporter.com\/tr\/cerez-politikasi\/","title":{"rendered":"\u00c7erez Politikas\u0131"},"content":{"rendered":"\t\t<div data-elementor-type=\"wp-page\" data-elementor-id=\"2992\" class=\"elementor elementor-2992 elementor-1939\" data-elementor-post-type=\"page\">\n\t\t\t\t<div class=\"elementor-element elementor-element-129e8c8 e-flex e-con-boxed e-con e-parent\" data-id=\"129e8c8\" data-element_type=\"container\" data-e-type=\"container\" data-settings=\"{&quot;background_background&quot;:&quot;classic&quot;}\">\n\t\t\t\t\t<div class=\"e-con-inner\">\n\t\t<div class=\"elementor-element elementor-element-9be271b e-con-full e-flex e-con e-child\" data-id=\"9be271b\" data-element_type=\"container\" data-e-type=\"container\" data-settings=\"{&quot;background_background&quot;:&quot;classic&quot;}\">\n\t\t\t\t<div class=\"elementor-element elementor-element-83c1641 elementor-widget elementor-widget-heading\" data-id=\"83c1641\" data-element_type=\"widget\" data-e-type=\"widget\" data-widget_type=\"heading.default\">\n\t\t\t\t<div class=\"elementor-widget-container\">\n\t\t\t\t\t<h1 class=\"elementor-heading-title elementor-size-default\">\u00c7erez Politikas\u0131<\/h1>\t\t\t\t<\/div>\n\t\t\t\t<\/div>\n\t\t<div class=\"elementor-element elementor-element-f7002bd e-con-full e-flex e-con e-child\" data-id=\"f7002bd\" data-element_type=\"container\" data-e-type=\"container\" data-settings=\"{&quot;background_background&quot;:&quot;classic&quot;}\">\n\t\t\t\t<div class=\"elementor-element elementor-element-66dea68 elementor-widget elementor-widget-text-editor\" data-id=\"66dea68\" data-element_type=\"widget\" data-e-type=\"widget\" data-widget_type=\"text-editor.default\">\n\t\t\t\t<div class=\"elementor-widget-container\">\n\t\t\t\t\t\t\t\t\t<p>Son g\u00fcncelleme: 2024-19-12<\/p>\n<p>Turkmenexporter.com gizlilik konusundaki endi\u015felerinize sayg\u0131 duyar ve sizinle olan ili\u015fkimize de\u011fer verir. Web sitemizi ziyaret etti\u011finizde veya Web sitemize eri\u015fti\u011finizde, size en iyi deneyimi ve daha \u00f6zelle\u015ftirilmi\u015f bir hizmet sunmak i\u00e7in \u00e7erezleri kullanaca\u011f\u0131z. Web sitemizi kullanarak, \u00e7erezleri bu \u00c7erez Politikas\u0131 ve Gizlilik Politikam\u0131za uygun olarak kullanmam\u0131za izin vermi\u015f olursunuz.<\/p>\n<p>Bu \u00c7erez Politikas\u0131, \u00e7erezlerin ne oldu\u011funu, bunlar\u0131 nas\u0131l kulland\u0131\u011f\u0131m\u0131z\u0131 ve Gizlilik Politikam\u0131z\u0131n bir par\u00e7as\u0131 olan ne gibi faydalar sa\u011flad\u0131\u011f\u0131n\u0131 a\u00e7\u0131klamaktad\u0131r. \u00c7erezleri bu \u015fekilde kullanmam\u0131z\u0131 kabul etmiyorsan\u0131z, taray\u0131c\u0131 ayarlar\u0131n\u0131z\u0131 buna g\u00f6re yapmal\u0131, kulland\u0131\u011f\u0131m\u0131z \u00e7erezleri devre d\u0131\u015f\u0131 b\u0131rakmal\u0131 veya Web Sitemizi hi\u00e7 kullanmamal\u0131s\u0131n\u0131z. Kulland\u0131\u011f\u0131m\u0131z \u00e7erezleri devre d\u0131\u015f\u0131 b\u0131rak\u0131rsan\u0131z, bu, Web Sitesindeyken kullan\u0131c\u0131 deneyiminizi etkileyebilir.<\/p>\n<h2><strong>Kurabiye nedir?<\/strong><\/h2>\n<p>\u00c7erezler, bir web sitesini ziyaret etti\u011finizde bilgisayar\u0131n\u0131za, ak\u0131ll\u0131 telefonunuza veya internete eri\u015fmek i\u00e7in kulland\u0131\u011f\u0131n\u0131z di\u011fer cihazlara g\u00f6nderilen ve bu cihazlarda depolanan k\u00fc\u00e7\u00fck metin dosyalar\u0131d\u0131r (yaln\u0131zca harf ve rakamlardan olu\u015fur). Her \u00e7erez web taray\u0131c\u0131n\u0131za \u00f6zg\u00fcd\u00fcr. Benzersiz bir tan\u0131mlay\u0131c\u0131 ve web sitesi ad\u0131 ve baz\u0131 rakamlar ve say\u0131lar gibi baz\u0131 anonim bilgiler i\u00e7erecektir. \u00c7erezler, onlar\u0131 olu\u015fturan sunucuya \u00f6zg\u00fcd\u00fcr ve di\u011fer sunucular taraf\u0131ndan eri\u015filemez, bu da web&#8217;deki hareketlerinizi izlemek i\u00e7in kullan\u0131lamayacaklar\u0131 anlam\u0131na gelir.<\/p>\n<p>Ziyaret etti\u011finiz \u00e7o\u011fu web sitesi, ziyaretiniz s\u00fcresince (&#8216;oturum \u00e7erezi&#8217; kullanarak) veya tekrar ziyaretlerinizde (&#8216;kal\u0131c\u0131 \u00e7erez&#8217; kullanarak) web sitesinin sizi &#8216;hat\u0131rlamas\u0131n\u0131&#8217; sa\u011flayarak kullan\u0131c\u0131 deneyiminizi iyile\u015ftirmek i\u00e7in \u00e7erezler kullanacakt\u0131r.<\/p>\n<p>Turkmenexporter.com \u00e7erezleri, insanlar\u0131n Web Sitemizi nas\u0131l kulland\u0131\u011f\u0131n\u0131 anlamam\u0131z\u0131 sa\u011flayan ve yap\u0131s\u0131n\u0131 ve i\u00e7eri\u011fini geli\u015ftirmemize yard\u0131mc\u0131 olan ve ayr\u0131ca reklam kampanyalar\u0131n\u0131n etkinli\u011fini \u00f6l\u00e7memize yard\u0131mc\u0131 olan anonim, toplu istatistikler derlemek gibi \u00e7e\u015fitli nedenlerle kullan\u0131r; test etmek ve di\u011fer ama\u00e7lar\u0131 ger\u00e7ekle\u015ftirmek i\u00e7in.<\/p>\n<p>\u00c7erezler, ziyaret etti\u011finiz web sitesi taraf\u0131ndan (&#8216;birinci taraf \u00e7erezleri&#8217;) veya g\u00f6r\u00fcnt\u00fcledi\u011finiz sayfada i\u00e7erik \u00e7al\u0131\u015ft\u0131ran di\u011fer web siteleri (&#8216;\u00fc\u00e7\u00fcnc\u00fc taraf \u00e7erezleri&#8217;) taraf\u0131ndan belirlenebilir.<\/p>\n<p>\u00c7erezler taraf\u0131ndan toplanan bilgileri satm\u0131yoruz veya yasalar\u0131n gerektirdi\u011fi durumlar d\u0131\u015f\u0131nda (\u00f6rne\u011fin, devlet kurumlar\u0131na ve kolluk kuvvetlerine) bilgileri \u00fc\u00e7\u00fcnc\u00fc taraflara if\u015fa etmiyoruz.<\/p>\n<h2><strong>Hangi \u00e7erezleri kullan\u0131yoruz?<\/strong><\/h2>\n<p><strong>Kesinlikle gerekli.<\/strong> Bu \u00e7erezler Web Sitemizin do\u011fru \u00e7al\u0131\u015fmas\u0131 i\u00e7in gereklidir, \u00f6zelliklerimizi kullanman\u0131z\u0131 sa\u011flarlar.<\/p>\n<ul>\n<li>Bu \u00e7erezler ki\u015fisel veri topluyor mu \/ beni tan\u0131ml\u0131yor mu?<\/li>\n<li>Bu \u00e7erezler sizi bir birey olarak tan\u0131mlamaz. Bu \u00e7erezleri kabul etmezseniz, Web Sitesinin veya baz\u0131 b\u00f6l\u00fcmlerinin performans\u0131n\u0131 etkileyebilir.<\/li>\n<\/ul>\n<p><strong>Performans \u00c7erezleri.<\/strong> Bu \u00e7erezler, Web Sitemizi nas\u0131l kulland\u0131\u011f\u0131n\u0131z hakk\u0131nda, \u00f6rne\u011fin Web Sitemizde ge\u00e7irdi\u011finiz s\u00fcre ve hata mesajlar\u0131 gibi kar\u015f\u0131la\u015f\u0131lan sorunlar hakk\u0131nda bilgi toplar. Bu, Web Sitemizin performans\u0131n\u0131 iyile\u015ftirmemize yard\u0131mc\u0131 olur.<\/p>\n<ul>\n<li>Bu \u00e7erezler ki\u015fisel veri topluyor mu \/ beni tan\u0131ml\u0131yor mu?<\/li>\n<li>Bu \u00e7erezler sizi bir birey olarak tan\u0131mlamaz. Bu \u00e7erezlerin toplad\u0131\u011f\u0131 t\u00fcm bilgiler bir araya getirilmi\u015ftir ve bu nedenle anonimdir. Yaln\u0131zca bir Web Sitesinin \u00e7al\u0131\u015fma \u015feklini iyile\u015ftirmek i\u00e7in kullan\u0131l\u0131r.<\/li>\n<\/ul>\n<p><strong>\u0130\u015flevsellik \u00c7erezleri.<\/strong> Bu \u00e7erezler, daha ki\u015fiselle\u015ftirilmi\u015f bir \u00e7evrimi\u00e7i deneyim sa\u011flamak i\u00e7in web sitelerimizin yapt\u0131\u011f\u0131n\u0131z se\u00e7imleri (dil gibi) hat\u0131rlamas\u0131na olanak tan\u0131r.<\/p>\n<ul>\n<li>Bu \u00e7erezler ki\u015fisel veri topluyor mu\/kimli\u011fimi tespit ediyor mu?<\/li>\n<li>Bu \u00e7erezlerin toplad\u0131\u011f\u0131 bilgiler, if\u015fa etti\u011finiz ki\u015fisel verileri i\u00e7erebilir. Bu \u00e7erezleri kabul etmezseniz, web sitesinin performans\u0131n\u0131 ve i\u015flevselli\u011fini etkileyebilir ve Web Sitesindeki i\u00e7eri\u011fe eri\u015fimi k\u0131s\u0131tlayabilir.<\/li>\n<\/ul>\n<table width=\"690\">\n<thead>\n<tr>\n<td width=\"132\">\n<p><strong>Ad\u0131n\u0131z<\/strong><\/p>\n<\/td>\n<td width=\"274\">\n<p><strong>A\u00e7\u0131klama<\/strong><\/p>\n<\/td>\n<td width=\"132\">\n<p><strong>Kategori<\/strong><\/p>\n<\/td>\n<td width=\"151\">\n<p><strong>Son kullanma tarihi<\/strong><\/p>\n<\/td>\n<\/tr>\n<\/thead>\n<tbody>\n<tr>\n<td width=\"132\">\n<p>ymex<\/p>\n<\/td>\n<td width=\"274\">\n<p>Ziyaret\u00e7ilerin web sitesi davran\u0131\u015flar\u0131 hakk\u0131ndaki verileri kaydeder.<\/p>\n<\/td>\n<td width=\"132\">\n<p>Kesinlikle gerekli<\/p>\n<\/td>\n<td width=\"151\">\n<p>Taray\u0131c\u0131 oturumunun sonu<\/p>\n<\/td>\n<\/tr>\n<tr>\n<td width=\"132\">\n<p>yabs-sid<\/p>\n<\/td>\n<td width=\"274\">\n<p>Session ID<\/p>\n<\/td>\n<td width=\"132\">\n<p>Kesinlikle gerekli<\/p>\n<\/td>\n<td width=\"151\">\n<p>Taray\u0131c\u0131 oturumunun sonu<\/p>\n<\/td>\n<\/tr>\n<tr>\n<td width=\"132\">\n<p>yandexuid<\/p>\n<\/td>\n<td width=\"274\">\n<p>Ziyaret\u00e7ilerin web sitesi davran\u0131\u015flar\u0131na ili\u015fkin verileri kaydeder<\/p>\n<\/td>\n<td width=\"132\">\n<p>Kesinlikle gerekli<\/p>\n<\/td>\n<td width=\"151\">\n<p>Taray\u0131c\u0131 oturumunun sonu<\/p>\n<\/td>\n<\/tr>\n<tr>\n<td width=\"132\">\n<p>i<\/p>\n<\/td>\n<td width=\"274\">\n<p>Site kullan\u0131c\u0131lar\u0131n\u0131 tan\u0131mlamak i\u00e7in kullan\u0131l\u0131r<\/p>\n<\/td>\n<td width=\"132\">\n<p>Kesinlikle gerekli<\/p>\n<\/td>\n<td width=\"151\">\n<p>1 dakika<\/p>\n<\/td>\n<\/tr>\n<tr>\n<td width=\"132\">\n<p>_____dc<\/p>\n<\/td>\n<td width=\"274\">\n<p>Ziyaret\u00e7ilerin web sitesi davran\u0131\u015flar\u0131na ili\u015fkin verileri kaydeder<\/p>\n<\/td>\n<td width=\"132\">\n<p>Kesinlikle gerekli<\/p>\n<\/td>\n<td width=\"151\">\n<p>1 g\u00fcn<\/p>\n<\/td>\n<\/tr>\n<tr>\n<td width=\"132\">\n<p>yuidss<\/p>\n<\/td>\n<td width=\"274\">\n<p>Ziyaret\u00e7i davran\u0131\u015flar\u0131 hakk\u0131nda bilgi toplar<\/p>\n<\/td>\n<td width=\"132\">\n<p>Kesinlikle gerekli<\/p>\n<\/td>\n<td width=\"151\">\n<p>2 g\u00fcn<\/p>\n<\/td>\n<\/tr>\n<tr>\n<td width=\"132\">\n<p>client_code<\/p>\n<\/td>\n<td width=\"274\">\n<p>Kullan\u0131c\u0131lar\u0131 ay\u0131rt etmek i\u00e7in kullan\u0131l\u0131r<\/p>\n<\/td>\n<td width=\"132\">\n<p>Kesinlikle gerekli<\/p>\n<\/td>\n<td width=\"151\">\n<p>1 ay<\/p>\n<\/td>\n<\/tr>\n<tr>\n<td width=\"132\">\n<p>_ym_visorc_61577842<\/p>\n<\/td>\n<td width=\"274\">\n<p>Ziyaret\u00e7ilerin web sitesi davran\u0131\u015flar\u0131na ili\u015fkin verileri kaydeder<\/p>\n<\/td>\n<td width=\"132\">\n<p>Kesinlikle gerekli<\/p>\n<\/td>\n<td width=\"151\">\n<p>1 ay<\/p>\n<\/td>\n<\/tr>\n<tr>\n<td width=\"132\">\n<p>_ym_isad<\/p>\n<\/td>\n<td width=\"274\">\n<p>Bir kullan\u0131c\u0131n\u0131n reklam engelleyicisi olup olmad\u0131\u011f\u0131n\u0131 belirler<\/p>\n<\/td>\n<td width=\"132\">\n<p>Kesinlikle gerekli<\/p>\n<\/td>\n<td width=\"151\">\n<p>2 g\u00fcn<\/p>\n<\/td>\n<\/tr>\n<tr>\n<td width=\"132\">\n<p>_ym_uid<\/p>\n<\/td>\n<td width=\"274\">\n<p>Site kullan\u0131c\u0131lar\u0131n\u0131 tan\u0131mlamak i\u00e7in kullan\u0131l\u0131r<\/p>\n<\/td>\n<td width=\"132\">\n<p>Kesinlikle gerekli<\/p>\n<\/td>\n<td width=\"151\">\n<p>1 y\u0131l<\/p>\n<\/td>\n<\/tr>\n<tr>\n<td width=\"132\">\n<p>roistat_first_visit<\/p>\n<\/td>\n<td width=\"274\">\n<p>Site kullan\u0131c\u0131lar\u0131n\u0131 tan\u0131mlamak i\u00e7in kullan\u0131l\u0131r<\/p>\n<\/td>\n<td width=\"132\">\n<p>Kesinlikle gerekli<\/p>\n<\/td>\n<td width=\"151\">\n<p>1 y\u0131l<\/p>\n<\/td>\n<\/tr>\n<tr>\n<td width=\"132\">\n<p>roistat_marker_old<\/p>\n<\/td>\n<td width=\"274\">\n<p>Site kullan\u0131c\u0131lar\u0131n\u0131 tan\u0131mlamak i\u00e7in kullan\u0131l\u0131r<\/p>\n<\/td>\n<td width=\"132\">\n<p>Kesinlikle gerekli<\/p>\n<\/td>\n<td width=\"151\">\n<p>1 y\u0131l<\/p>\n<\/td>\n<\/tr>\n<tr>\n<td width=\"132\">\n<p>_ym_d<\/p>\n<\/td>\n<td width=\"274\">\n<p>Kullan\u0131c\u0131n\u0131n ilk site oturumunun tarihini kaydeder<\/p>\n<\/td>\n<td width=\"132\">\n<p>Kesinlikle gerekli<\/p>\n<\/td>\n<td width=\"151\">\n<p>2 y\u0131l<\/p>\n<\/td>\n<\/tr>\n<tr>\n<td width=\"132\">\n<p>roistat_is_need_listen_requests<\/p>\n<\/td>\n<td width=\"274\">\n<p>Site kullan\u0131c\u0131lar\u0131n\u0131 tan\u0131mlamak i\u00e7in kullan\u0131l\u0131r<\/p>\n<\/td>\n<td width=\"132\">\n<p>Opsiyonel<\/p>\n<\/td>\n<td width=\"151\">\n<p>10 y\u0131l<\/p>\n<\/td>\n<\/tr>\n<tr>\n<td width=\"132\">\n<p>_ga<\/p>\n<\/td>\n<td width=\"274\">\n<p>Kullan\u0131c\u0131lar\u0131 ay\u0131rt etmek i\u00e7in kullan\u0131l\u0131r<\/p>\n<\/td>\n<td width=\"132\">\n<p>Opsiyonel<\/p>\n<\/td>\n<td width=\"151\">\n<p>10 y\u0131l<\/p>\n<\/td>\n<\/tr>\n<tr>\n<td width=\"132\">\n<p>roistat_visit_cookie_expire<\/p>\n<\/td>\n<td width=\"274\">\n<p>Site kullan\u0131c\u0131lar\u0131n\u0131 tan\u0131mlamak i\u00e7in kullan\u0131l\u0131r<\/p>\n<\/td>\n<td width=\"132\">\n<p>Opsiyonel<\/p>\n<\/td>\n<td width=\"151\">\n<p>10 y\u0131l<\/p>\n<\/td>\n<\/tr>\n<tr>\n<td width=\"132\">\n<p>_gid<\/p>\n<\/td>\n<td width=\"274\">\n<p>Kullan\u0131c\u0131lar\u0131 ay\u0131rt etmek i\u00e7in kullan\u0131l\u0131r<\/p>\n<\/td>\n<td width=\"132\">\n<p>Opsiyonel<\/p>\n<\/td>\n<td width=\"151\">\n<p>10 y\u0131l<\/p>\n<\/td>\n<\/tr>\n<tr>\n<td width=\"132\">\n<p>roistat_visit<\/p>\n<\/td>\n<td width=\"274\"> <\/td>\n<td width=\"132\">\n<p>Opsiyonel<\/p>\n<\/td>\n<td width=\"151\">\n<p>10 y\u0131l<\/p>\n<\/td>\n<\/tr>\n<\/tbody>\n<\/table>\n<p>Anonimle\u015ftirilmi\u015f tarama ge\u00e7mi\u015finizin Web Sitemizdeki analitik \u00e7erezlere yaz\u0131lmas\u0131n\u0131 devre d\u0131\u015f\u0131 b\u0131rakma se\u00e7ene\u011finiz vard\u0131r. A\u015fa\u011f\u0131da listelenen sa\u011flay\u0131c\u0131lar\u0131n hizmetlerini kullan\u0131yoruz. A\u015fa\u011f\u0131daki ba\u011flant\u0131lara t\u0131klayarak gizlilik politikalar\u0131 hakk\u0131nda daha fazla bilgi edinebilir ve analitik \u00e7erezlerini nas\u0131l reddedebilece\u011finizi \u00f6\u011frenebilirsiniz:<\/p>\n<ul>\n<li>Google Analytics: <a href=\"http:\/\/www.google.com\/analytics\/learn\/privacy.html\" target=\"_blank\" rel=\"noopener\">http:\/\/www.google.com\/analytics\/learn\/privacy.html<\/a><\/li>\n<li>Metrica: <a href=\"https:\/\/metrica.yandex.com\/about\/info\/data-policy\/\" target=\"_blank\" rel=\"noopener\">https:\/\/metrica.yandex.com\/about\/info\/data-policy\/<\/a><\/li>\n<\/ul>\n<p>Veri toplamak i\u00e7in kulland\u0131\u011f\u0131m\u0131z hizmetlerin gizlilik politikalar\u0131n\u0131 da okuyabilirsiniz:<\/p>\n<ul>\n<li>Roistat: <a href=\"https:\/\/roistat.com\/ru\/privacy\" target=\"_blank\" rel=\"noopener\">https:\/\/roistat.com\/ru\/privacy<\/a><\/li>\n<li>Amocrm: <a href=\"https:\/\/www.amocrm.com\/privacy\/\" target=\"_blank\" rel=\"noopener\">https:\/\/www.amocrm.com\/privacy\/<\/a><\/li>\n<\/ul>\n<h2><strong>Kulland\u0131\u011f\u0131m\u0131z \u00e7erezin s\u00fcresi<\/strong><\/h2>\n<p>S\u00fcre bak\u0131m\u0131ndan, Web Sitemizde iki farkl\u0131 t\u00fcrde \u00e7erez kullanabiliriz<\/p>\n<ul>\n<li>Oturum \u00c7erezleri Bu \u00e7erezler, siz Web Sitemizden ayr\u0131lana kadar cihaz\u0131n\u0131zda kalan ge\u00e7ici \u00e7erezlerdir; veya <\/li>\n<li>Kal\u0131c\u0131 \u00c7erezler Bu \u00e7erezler cihaz\u0131n\u0131zda \u00e7ok daha uzun s\u00fcre veya siz onlar\u0131 manuel olarak silene kadar kal\u0131r (\u00e7erezin cihaz\u0131n\u0131zda ne kadar s\u00fcre kalaca\u011f\u0131, belirli \u00e7erezin s\u00fcresine veya &#8220;\u00f6mr\u00fcne&#8221; ve ayr\u0131ca taray\u0131c\u0131 ayarlar\u0131n\u0131za ba\u011fl\u0131 olacakt\u0131r).<\/li>\n<\/ul>\n<h2><strong>\u00c7erez ayarlar\u0131n\u0131z\u0131 nas\u0131l y\u00f6netirsiniz<\/strong><\/h2>\n<p>\u00c7erez ayarlar\u0131n\u0131z\u0131 y\u00f6netebilece\u011finiz ve kontrol edebilece\u011finiz \u00e7e\u015fitli yollar vard\u0131r. \u00c7erezleri silerek veya engelleyerek, Web Sitesinin baz\u0131 \u00f6zelliklerinin d\u00fczg\u00fcn veya etkili bir \u015fekilde \u00e7al\u0131\u015fmayabilece\u011fini l\u00fctfen unutmay\u0131n.<\/p>\n<p>Web taray\u0131c\u0131n\u0131z arac\u0131l\u0131\u011f\u0131yla \u00e7erezleri kapatma.<\/p>\n<p>\u00c7o\u011fu web taray\u0131c\u0131s\u0131 size \u00e7erezler hakk\u0131nda baz\u0131 genel bilgiler sunacak, cihaz\u0131n\u0131zda hangi \u00e7erezlerin depoland\u0131\u011f\u0131n\u0131 g\u00f6rmenizi sa\u011flayacak, hepsini veya tek tek silmenize izin verecek ve t\u00fcm web siteleri veya tek tek se\u00e7ilen web siteleri i\u00e7in \u00e7erezleri engellemenize veya izin vermenize olanak tan\u0131yacakt\u0131r. Bir taray\u0131c\u0131 veya cihaz taraf\u0131ndan sunulan ayarlar\u0131n genellikle yaln\u0131zca s\u00f6z konusu taray\u0131c\u0131 veya cihaz i\u00e7in ge\u00e7erli oldu\u011funu l\u00fctfen unutmay\u0131n.<\/p>\n<p>Hangi \u00e7erezlerin ayarland\u0131\u011f\u0131n\u0131 nas\u0131l g\u00f6rebilece\u011finiz ve bunlar\u0131 nas\u0131l y\u00f6netip silebilece\u011finiz dahil olmak \u00fczere \u00e7erezler hakk\u0131nda daha fazla bilgi edinmek i\u00e7in <a href=\"https:\/\/www.allaboutcookies.org\/\" target=\"_blank\" rel=\"noopener\">www.allaboutcookies.org.<\/a><\/p>\n\t\t\t\t\t\t\t\t<\/div>\n\t\t\t\t<\/div>\n\t\t\t\t<\/div>\n\t\t\t\t<\/div>\n\t\t\t\t\t<\/div>\n\t\t\t\t<\/div>\n\t\t\t\t<\/div>\n\t\t","protected":false},"excerpt":{"rendered":"<p>\u00c7erez Politikas\u0131 Son g\u00fcncelleme: 2024-19-12 Turkmenexporter.com gizlilik konusundaki endi\u015felerinize sayg\u0131 duyar ve sizinle olan ili\u015fkimize de\u011fer verir. Web sitemizi ziyaret etti\u011finizde veya Web sitemize eri\u015fti\u011finizde, size en iyi deneyimi ve daha \u00f6zelle\u015ftirilmi\u015f bir hizmet sunmak i\u00e7in \u00e7erezleri kullanaca\u011f\u0131z. Web sitemizi kullanarak, \u00e7erezleri bu \u00c7erez Politikas\u0131 ve Gizlilik Politikam\u0131za uygun olarak kullanmam\u0131za izin vermi\u015f olursunuz. Bu [&hellip;]<\/p>\n","protected":false},"author":1,"featured_media":0,"parent":0,"menu_order":0,"comment_status":"closed","ping_status":"closed","template":"","meta":{"_acf_changed":false,"footnotes":""},"class_list":["post-2992","page","type-page","status-publish","hentry"],"acf":[],"_links":{"self":[{"href":"https:\/\/turkmenexporter.com\/tr\/wp-json\/wp\/v2\/pages\/2992","targetHints":{"allow":["GET"]}}],"collection":[{"href":"https:\/\/turkmenexporter.com\/tr\/wp-json\/wp\/v2\/pages"}],"about":[{"href":"https:\/\/turkmenexporter.com\/tr\/wp-json\/wp\/v2\/types\/page"}],"author":[{"embeddable":true,"href":"https:\/\/turkmenexporter.com\/tr\/wp-json\/wp\/v2\/users\/1"}],"replies":[{"embeddable":true,"href":"https:\/\/turkmenexporter.com\/tr\/wp-json\/wp\/v2\/comments?post=2992"}],"version-history":[{"count":3,"href":"https:\/\/turkmenexporter.com\/tr\/wp-json\/wp\/v2\/pages\/2992\/revisions"}],"predecessor-version":[{"id":2996,"href":"https:\/\/turkmenexporter.com\/tr\/wp-json\/wp\/v2\/pages\/2992\/revisions\/2996"}],"wp:attachment":[{"href":"https:\/\/turkmenexporter.com\/tr\/wp-json\/wp\/v2\/media?parent=2992"}],"curies":[{"name":"wp","href":"https:\/\/api.w.org\/{rel}","templated":true}]}}