{"id":3008,"date":"2023-12-19T13:53:39","date_gmt":"2023-12-19T08:53:39","guid":{"rendered":"https:\/\/turkmenexporter.com\/gi%cc%87zli%cc%87li%cc%87k-poli%cc%87ti%cc%87kasi\/"},"modified":"2024-02-03T21:37:01","modified_gmt":"2024-02-03T16:37:01","slug":"gizlilik-politikasi","status":"publish","type":"page","link":"https:\/\/turkmenexporter.com\/tr\/gizlilik-politikasi\/","title":{"rendered":"Gizlilik Politikas\u0131"},"content":{"rendered":"\t\t<div data-elementor-type=\"wp-page\" data-elementor-id=\"3008\" class=\"elementor elementor-3008 elementor-1951\" data-elementor-post-type=\"page\">\n\t\t\t\t<div class=\"elementor-element elementor-element-5f4f763 e-flex e-con-boxed e-con e-parent\" data-id=\"5f4f763\" data-element_type=\"container\" data-e-type=\"container\" data-settings=\"{&quot;background_background&quot;:&quot;classic&quot;}\">\n\t\t\t\t\t<div class=\"e-con-inner\">\n\t\t<div class=\"elementor-element elementor-element-4ebc213 e-con-full e-flex e-con e-child\" data-id=\"4ebc213\" data-element_type=\"container\" data-e-type=\"container\" data-settings=\"{&quot;background_background&quot;:&quot;classic&quot;}\">\n\t\t\t\t<div class=\"elementor-element elementor-element-12232c0 elementor-widget elementor-widget-heading\" data-id=\"12232c0\" data-element_type=\"widget\" data-e-type=\"widget\" data-widget_type=\"heading.default\">\n\t\t\t\t<div class=\"elementor-widget-container\">\n\t\t\t\t\t<h1 class=\"elementor-heading-title elementor-size-default\">Gizlilik Politikas\u0131 <\/h1>\t\t\t\t<\/div>\n\t\t\t\t<\/div>\n\t\t<div class=\"elementor-element elementor-element-c01eb33 e-con-full e-flex e-con e-child\" data-id=\"c01eb33\" data-element_type=\"container\" data-e-type=\"container\" data-settings=\"{&quot;background_background&quot;:&quot;classic&quot;}\">\n\t\t\t\t<div class=\"elementor-element elementor-element-35e887c elementor-widget elementor-widget-text-editor\" data-id=\"35e887c\" data-element_type=\"widget\" data-e-type=\"widget\" data-widget_type=\"text-editor.default\">\n\t\t\t\t<div class=\"elementor-widget-container\">\n\t\t\t\t\t\t\t\t\t<p>Son g\u00fcncelleme: 19-12-2024<\/p>\n<p>turkmenexporter.com i\u00e7in Gizlilik Politikas\u0131na ho\u015f geldiniz! Burada, Web Sitemize geldi\u011finizde ve Web Sitemizi kulland\u0131\u011f\u0131n\u0131zda hangi verileri toplad\u0131\u011f\u0131m\u0131z\u0131 a\u00e7\u0131kl\u0131yoruz. Ayr\u0131ca bu verileri neden toplad\u0131\u011f\u0131m\u0131z\u0131 ve verilerinizin kimlerle payla\u015f\u0131ld\u0131\u011f\u0131n\u0131 da a\u00e7\u0131kl\u0131yoruz. L\u00fctfen bunu okuyun ve bu belgeyle ilgili sorular\u0131n\u0131z i\u00e7in bizimle ileti\u015fime ge\u00e7in.<\/p>\n<p>Turkmenexporter.com, &#8220;<strong>biz<\/strong>&#8221; veya &#8220;<strong>bize<\/strong>&#8220;, turkmenexporter.com &#8220;Web Sitesi&#8221; ziyaret\u00e7ilerinden &#8220;<strong>Ziyaret\u00e7iler<\/strong>&#8221; toplanan veya al\u0131nan ki\u015fisel verileri korumay\u0131 taahh\u00fct eder. Archabil shayoly 54, Ashgabat, T\u00fcrkmenistan adresinde kay\u0131tl\u0131y\u0131z.<\/p>\n<p>Bu Gizlilik Politikas\u0131nda &#8220;<strong>Politika<\/strong>&#8220;, ki\u015fisel verilerinizin, yani tan\u0131mlanm\u0131\u015f veya tan\u0131mlanabilir bir ger\u00e7ek ki\u015fi olarak sizinle ilgili herhangi bir bilginin &#8220;<strong>Ki\u015fisel Veriler<\/strong>&#8220;, hakk\u0131n\u0131zda tutabilece\u011fimiz, nas\u0131l topland\u0131\u011f\u0131n\u0131, kullan\u0131ld\u0131\u011f\u0131n\u0131, sakland\u0131\u011f\u0131n\u0131, if\u015fa edildi\u011fini ve kald\u0131r\u0131ld\u0131\u011f\u0131n\u0131 (her biri ve t\u00fcm\u00fc &#8220;<strong>i\u015fleme<\/strong>&#8221; olarak an\u0131lacakt\u0131r) a\u00e7\u0131kl\u0131yoruz.<\/p>\n<p>Bu Politika yaln\u0131zca Web Sitemizi kulland\u0131\u011f\u0131n\u0131zda i\u015fledi\u011fimiz bilgiler i\u00e7in ge\u00e7erlidir. Sahibi olmad\u0131\u011f\u0131m\u0131z veya kontrol etmedi\u011fimiz \u015firketlerin uygulamalar\u0131 veya y\u00f6netmedi\u011fimiz \u00e7al\u0131\u015fanlar i\u00e7in ge\u00e7erli de\u011fildir. Bu bilgilerin taraf\u0131m\u0131zca bu \u015fekilde kullan\u0131lmas\u0131n\u0131 istemiyorsan\u0131z l\u00fctfen bize herhangi bir Ki\u015fisel Veri sa\u011flamay\u0131n.<\/p>\n<p>Bu Politikay\u0131 zaman zaman g\u00fcncelleyebiliriz ve haklar\u0131n\u0131z\u0131 etkileyen bu Politikadaki de\u011fi\u015fiklikleri Web Sitemizde yay\u0131nlayarak size bildirece\u011fiz. De\u011fi\u015fiklikler Politika sayfas\u0131nda yay\u0131nlan\u0131r yay\u0131nlanmaz y\u00fcr\u00fcrl\u00fc\u011fe girecektir.<\/p>\n<ol>\n<li><strong>Genel Bak\u0131\u015f<\/strong><\/li>\n<\/ol>\n<p>Bilgileri 2018 Veri Koruma Yasas\u0131 (DPA) ve di\u011fer ilgili mevzuat ve d\u00fczenlemelere uygun olarak toplayabilir, saklayabilir ve kullanabiliriz.<\/p>\n<p>DPA&#8217;n\u0131n ama\u00e7lar\u0131 do\u011frultusunda, hakk\u0131n\u0131zda i\u015fledi\u011fimiz t\u00fcm Ki\u015fisel Veri bilgilerinin veri denetleyicisi biziz.<\/p>\n<ol start=\"2\">\n<li><strong>Hangi Ki\u015fisel Veriler toplan\u0131r ve amac\u0131 nedir?<\/strong><\/li>\n<\/ol>\n<p>Web Sitesine yapt\u0131\u011f\u0131n\u0131z her ziyaretle ilgili olarak a\u015fa\u011f\u0131daki Ki\u015fisel Verileri otomatik olarak toplayaca\u011f\u0131z:<\/p>\n<ul>\n<li>Bilgisayar\u0131n\u0131z\u0131 internete ba\u011flamak i\u00e7in kullan\u0131lan \u0130nternet Protokol\u00fc (IP) adresi, taray\u0131c\u0131 t\u00fcr\u00fc ve s\u00fcr\u00fcm\u00fc, saat dilimi ayar\u0131, taray\u0131c\u0131 eklenti t\u00fcrleri ve s\u00fcr\u00fcmleri, i\u015fletim sistemi ve platform dahil olmak \u00fczere teknik bilgiler;<\/li>\n<li>Tekd\u00fczen Kaynak Konum Belirleyicilerinin (URL) Web Sitesine, Web Sitesi \u00fczerinden ve Web Sitesinden t\u0131klama ak\u0131\u015f\u0131n\u0131n tamam\u0131 (tarih ve saat dahil); g\u00f6r\u00fcnt\u00fcledi\u011finiz veya arad\u0131\u011f\u0131n\u0131z \u00fcr\u00fcnler; indirme hatalar\u0131, Web Sitesine yap\u0131lan ziyaretlerin uzunlu\u011fu ve sayfadan uzakla\u015fmak i\u00e7in kullan\u0131lan y\u00f6ntemler dahil olmak \u00fczere Web Sitesini ziyaretinizle ilgili bilgiler.<\/li>\n<\/ul>\n<p>Bu bilgileri Web sitemizi geli\u015ftirmek, idari ama\u00e7lar\u0131m\u0131z\u0131 yerine getirmek, ticari \u00e7\u0131karlar\u0131m\u0131z\u0131 korumak, pazar ara\u015ft\u0131rmas\u0131, analiz, test ve izleme i\u00e7in topluyoruz.<\/p>\n<p>Daha fazla bilgi i\u00e7in l\u00fctfen <u><a href=\"https:\/\/turkmenexporter.com\/tr\/cerez-politikasi\/\">\u00c7erez Politikam\u0131z\u0131<\/a><\/u> okuyun.<\/p>\n<p>Ba\u011flant\u0131 i\u00e7in bir talep g\u00f6ndermek isterseniz telefon numaran\u0131z\u0131 alaca\u011f\u0131z. Bu Ki\u015fisel Verileri, sizinle ileti\u015fim kurmak ve sizinle ileti\u015fim kurmak i\u00e7in ve ayr\u0131ca kendi i\u00e7 kay\u0131t tutma gereksinimlerimiz i\u00e7in topluyoruz.<\/p>\n<p>Ki\u015fisel Verilerinizin yukar\u0131da belirtilen ama\u00e7lardan herhangi birini yerine getirmek i\u00e7in kullan\u0131lmas\u0131na itiraz ediyorsan\u0131z, l\u00fctfen bizimle ileti\u015fime ge\u00e7in. Ki\u015fisel Verilerinizi bize sa\u011flama karar\u0131n\u0131z genellikle g\u00f6n\u00fcll\u00fcl\u00fck esas\u0131na dayanmakla birlikte, belirli bilgileri sa\u011flamaman\u0131z halinde bu Politikada belirtilen ama\u00e7lardan baz\u0131lar\u0131n\u0131 ger\u00e7ekle\u015ftiremeyebiliriz. \u00d6rne\u011fin, telefon numaran\u0131z\u0131 bilmeden sizinle ileti\u015fime ge\u00e7emeyebiliriz.<\/p>\n<p>Di\u011fer Ki\u015fisel Veri t\u00fcrlerini yaln\u0131zca istisnai durumlarda toplayabiliriz. Hakk\u0131n\u0131zda ek ki\u015fisel veri t\u00fcrlerini i\u015flememiz gerekirse, ki\u015fisel verilerinizin i\u015flenmesi hakk\u0131nda bilgilendirildi\u011finizden ve bunu yapmak i\u00e7in ge\u00e7erli bir yasal dayanak oldu\u011fundan emin olaca\u011f\u0131z (\u00f6rne\u011fin, onay\u0131n\u0131z).<\/p>\n<ol start=\"3\">\n<li><strong>Ki\u015fisel Verilerin kullan\u0131m\u0131n\u0131n hukuki temeli nedir?<\/strong>\n<ul>\n<li>Me\u015fru Menfaatler: \u00d6zellikle kendi me\u015fru menfaatlerimizi takip etmek i\u00e7in taraf\u0131m\u0131zdan gerekli oldu\u011fu \u00fczere:\n<ul>\n<li>sizinle ileti\u015fim kurmak i\u00e7in;<\/li>\n<li>Web sitemizi izlememize, geli\u015ftirmemize, y\u00f6netmemize ve korumam\u0131za yard\u0131mc\u0131 olmak i\u00e7in;<\/li>\n<li>size ve ba\u015fkalar\u0131na sundu\u011fumuz reklamlar\u0131n etkinli\u011fini \u00f6l\u00e7mek veya anlamak i\u00e7in.<\/li>\n<\/ul>\n<\/li>\n<li>Onay: A\u015fa\u011f\u0131dakilere tabi olarak, sizinle ileti\u015fime ge\u00e7ece\u011fiz ve size i\u015f teklifi g\u00f6nderece\u011fiz. Bu yaln\u0131zca bize izin verdi\u011finiz durumlarda g\u00f6nderilecektir.<\/li>\n<\/ul>\n<\/li>\n<li><strong>Ki\u015fisel Verilerinizi nas\u0131l g\u00fcvende tutuyoruz?<\/strong><\/li>\n<\/ol>\n<p>Ki\u015fisel Verilerinizi g\u00fcvende tutman\u0131n \u00f6nemini anl\u0131yoruz. Ki\u015fisel Verilerinizin gizlili\u011fini, b\u00fct\u00fcnl\u00fc\u011f\u00fcn\u00fc, kullan\u0131labilirli\u011fini ve mahremiyetini sa\u011flamak ve Ki\u015fisel Verilerinizi kay\u0131p, h\u0131rs\u0131zl\u0131k, yetkisiz eri\u015fim, k\u00f6t\u00fcye kullan\u0131m, de\u011fi\u015fiklik veya imhadan korumak i\u00e7in sekt\u00f6r taraf\u0131ndan genel olarak kabul edilen bir dizi teknik, organizasyonel ve idari \u00f6nlem uygulad\u0131k. elindeki Ki\u015fisel Verileri korumak i\u00e7in. \u00d6rne\u011fin, BT sistemlerimiz g\u00fcvenlik duvarlar\u0131, d\u00fczenli yaz\u0131l\u0131m g\u00fcncellemeleri ve anti-vir\u00fcs korumalar\u0131 ile korunmaktad\u0131r. Bir veri ihlalinden haberdar olursak, Bilgi Komiserli\u011fi Ofisi&#8217;ni zaman\u0131nda bilgilendirece\u011fiz. \u0130hlalin ciddi oldu\u011funa inanmam\u0131z halinde de sizi bilgilendirebiliriz.<\/p>\n<ol start=\"5\">\n<li><strong>Ki\u015fisel Verilerinizi ne kadar s\u00fcreyle sakl\u0131yoruz?<\/strong><\/li>\n<\/ol>\n<p>Veri koruma yasalar\u0131 uyar\u0131nca, ki\u015fisel bilgilerinizi, toplad\u0131\u011f\u0131m\u0131z ama\u00e7lar\u0131 yerine getirmek i\u00e7in gerekli olandan daha uzun s\u00fcre sizi tan\u0131mlayan bir bi\u00e7imde saklayamay\u0131z. Bu, herhangi bir yasal, muhasebe veya raporlama gereklili\u011fini yerine getirme ama\u00e7lar\u0131n\u0131 i\u00e7erebilir.<\/p>\n<p>Telefon numaran\u0131z\u0131 1 (bir) y\u0131l s\u00fcreyle sakl\u0131yoruz.<\/p>\n<p>Ki\u015fisel Verilerinizi ne kadar s\u00fcreyle saklayaca\u011f\u0131m\u0131z\u0131 belirlemek i\u00e7in, Ki\u015fisel Verilerinizi neden saklamaya devam etmemiz gerekti\u011fini, verilerinize eri\u015fimimiz olmadan ayn\u0131 sonucu elde edip edemeyece\u011fimizi ve verilerinizi etkileyen bir veri ihlali olmas\u0131 durumunda potansiyel riskin ne oldu\u011funu dikkate al\u0131r\u0131z.<\/p>\n<p>Teknik bilgiler ve Web Sitesini ziyaretinizle ilgili bilgilere gelince, bu verileri anonimle\u015ftiriyoruz, yani art\u0131k sizinle ili\u015fkilendirilmiyor. Bunu, size sundu\u011fumuz Web Sitesini geli\u015ftirebilmemiz i\u00e7in istatistiksel veya ara\u015ft\u0131rma amac\u0131yla yap\u0131yoruz. Anonim verileri size daha fazla bildirimde bulunmadan s\u00fcresiz olarak kullanabiliriz.<\/p>\n<ol start=\"6\">\n<li><strong>Ki\u015fisel Verileriniz kimlerle payla\u015f\u0131lacak?<\/strong><\/li>\n<\/ol>\n<p>Ki\u015fisel Verilerinizi a\u015fa\u011f\u0131dakilerle payla\u015fabiliriz:<\/p>\n<ul>\n<li>Siz veya sizin ad\u0131n\u0131za hareket edenler;<\/li>\n<li>Bu Politikada a\u00e7\u0131klanan ama\u00e7lar do\u011frultusunda ve her zaman bu Politikan\u0131n \u015fartlar\u0131na uygun olarak ortak kontrol alt\u0131ndaki \u015firketler veya grubumuzdaki di\u011fer kurulu\u015flar;<\/li>\n<li>Yasalar gere\u011fi bilgileri if\u015fa etmemiz gerekti\u011fine inand\u0131\u011f\u0131m\u0131z herhangi bir \u00fc\u00e7\u00fcnc\u00fc tarafa; ve<\/li>\n<li>Yasal taleplere kar\u015f\u0131 savunma da dahil olmak \u00fczere haklar\u0131m\u0131z\u0131 veya \u00fc\u00e7\u00fcnc\u00fc taraflar\u0131n haklar\u0131n\u0131 veya g\u00fcvenli\u011fini korumak ve savunmak i\u00e7in herhangi bir \u00fc\u00e7\u00fcnc\u00fc tarafa.<\/li>\n<\/ul>\n<p>Bu payla\u015f\u0131m yukar\u0131da belirtilen ama\u00e7lar do\u011frultusunda veya tabi oldu\u011fumuz belirli yasal y\u00fck\u00fcml\u00fcl\u00fcklere uymak i\u00e7in olacakt\u0131r.<\/p>\n<p>Ki\u015fisel bilgiler i\u00e7in daha d\u00fc\u015f\u00fck d\u00fczeyde koruma sa\u011flad\u0131\u011f\u0131 d\u00fc\u015f\u00fcn\u00fclen Avrupa Ekonomik Alan\u0131 d\u0131\u015f\u0131ndaki \u00fclkelere aktar\u0131lan Ki\u015fisel Verileri korumak i\u00e7in uygun \u00f6nlemleri kullan\u0131r\u0131z.<\/p>\n<\/p>\n<ol start=\"7\">\n<li><strong>Uluslararas\u0131 Veri Aktar\u0131mlar\u0131<\/strong><\/li>\n<\/ol>\n<p>Bilgilerinizi \u00f6ncelikle Avrupa Ekonomik Alan\u0131 i\u00e7inde sakl\u0131yoruz. Ancak, baz\u0131 \u00f6zellikler ve gereksinimler, bilgilerinizin Avrupa Ekonomik Alan\u0131 d\u0131\u015f\u0131ndaki \u00fc\u00e7\u00fcnc\u00fc taraflara aktar\u0131lmas\u0131n\u0131 i\u00e7erebilir. T\u00fcm bu \u00fc\u00e7\u00fcnc\u00fc taraflar\u0131 yukar\u0131da &#8220;Ki\u015fisel verileriniz kimlerle payla\u015f\u0131lacak?&#8221; b\u00f6l\u00fcm\u00fcnde a\u00e7\u0131klad\u0131k. S\u00f6z konusu \u00fc\u00e7\u00fcnc\u00fc taraflar\u0131n Amerika Birle\u015fik Devletleri gibi 2016\/679 say\u0131l\u0131 T\u00fcz\u00fck (AB) kapsam\u0131nda yeterli d\u00fczeyde koruma sa\u011flayan bir \u00fclkede yerle\u015fik olmamas\u0131 halinde, aktar\u0131mlar Avrupa Komisyonu taraf\u0131ndan kabul edilen standart veri koruma h\u00fck\u00fcmleri veya Gizlilik Kalkan\u0131 \u00c7er\u00e7evesi gibi ba\u015fka bir uygun koruma mekanizmas\u0131 kapsam\u0131nda olacakt\u0131r.<\/p>\n<ol start=\"8\">\n<li><strong>Ki\u015fisel Verilerinizle ilgili haklar\u0131n\u0131z<\/strong><\/li>\n<\/ol>\n<p>Burada, veri koruma kanunu kapsam\u0131nda sahip oldu\u011funuz temel haklar\u0131 \u00f6zetledik. Baz\u0131 haklar karma\u015f\u0131kt\u0131r, verilerin i\u015flenmesine ili\u015fkin yasal dayana\u011fa ba\u011fl\u0131 olarak k\u0131s\u0131tlamalar i\u00e7erebilir ve t\u00fcm ayr\u0131nt\u0131lar \u00f6zetlerimize dahil edilmemi\u015ftir. \u00d6rne\u011fin, bizden bir \u00fcr\u00fcn sat\u0131n ald\u0131ysan\u0131z, girdi\u011finiz s\u00f6zle\u015fme i\u00e7in gerekli olaca\u011f\u0131ndan t\u00fcm bilgilerinizi silmemizi talep edemezsiniz. Bunun yasal dayana\u011f\u0131n\u0131 size her zaman bildirece\u011fiz. Buna g\u00f6re, bu haklar\u0131n tam bir a\u00e7\u0131klamas\u0131 i\u00e7in ilgili yasalar\u0131 ve d\u00fczenleyici makamlar\u0131n k\u0131lavuzlar\u0131n\u0131 okumal\u0131s\u0131n\u0131z.<\/p>\n<p>Veri koruma kanunu kapsam\u0131ndaki temel haklar\u0131n\u0131z \u015funlard\u0131r:<\/p>\n<ul>\n<li>eri\u015fim hakk\u0131;<\/li>\n<\/ul>\n<p>Ki\u015fisel verilerinizi i\u015fleyip i\u015flemedi\u011fimizi teyit etme ve i\u015fledi\u011fimiz durumlarda ki\u015fisel verilere eri\u015fim hakk\u0131na sahipsiniz. Ba\u015fkalar\u0131n\u0131n hak ve \u00f6zg\u00fcrl\u00fcklerinin etkilenmemesi ko\u015fuluyla, ki\u015fisel verilerinizin bir kopyas\u0131n\u0131 size temin edece\u011fiz. \u0130lk kopya \u00fccretsiz olarak sa\u011flanacakt\u0131r, ancak ek kopyalar makul bir \u00fccrete tabi olabilir. M\u00fc\u015fteri deste\u011fimizle ileti\u015fime ge\u00e7erek ki\u015fisel verilerinizi isteyebilirsiniz.<\/p>\n<ul>\n<li>d\u00fczeltme hakk\u0131;<\/li>\n<\/ul>\n<p>Hakk\u0131n\u0131zdaki yanl\u0131\u015f ki\u015fisel verilerin d\u00fczeltilmesini ve i\u015fleme ama\u00e7lar\u0131 dikkate al\u0131narak hakk\u0131n\u0131zdaki eksik ki\u015fisel verilerin tamamlanmas\u0131n\u0131 isteme hakk\u0131na sahipsiniz.<\/p>\n<ul>\n<li>silme hakk\u0131;<\/li>\n<\/ul>\n<p>Ki\u015fisel verilerinizin silinmesini talep etme hakk\u0131na sahipsiniz. Ki\u015fisel verilerin saklanmas\u0131 ve silinmesine ili\u015fkin politikam\u0131z\u0131 yukar\u0131da B\u00f6l\u00fcm 5&#8217;te a\u00e7\u0131klad\u0131k.<\/p>\n<ul>\n<li>i\u015flemeye itiraz etme hakk\u0131;<\/li>\n<\/ul>\n<p>Ki\u015fisel verilerinizi \u00f6zel durumunuzla ilgili gerek\u00e7elerle i\u015flememize itiraz etme hakk\u0131na sahipsiniz, ancak yaln\u0131zca i\u015flemenin yasal dayana\u011f\u0131, i\u015flemenin a\u015fa\u011f\u0131dakiler i\u00e7in gerekli oldu\u011fu \u00f6l\u00e7\u00fcde: kamu yarar\u0131na y\u00fcr\u00fct\u00fclen bir g\u00f6revin yerine getirilmesi veya bize verilen herhangi bir resmi yetkinin kullan\u0131lmas\u0131; veya taraf\u0131m\u0131zdan veya \u00fc\u00e7\u00fcnc\u00fc bir taraf\u00e7a izlenen me\u015fru menfaatlerin ama\u00e7lar\u0131. B\u00f6yle bir itirazda bulunursan\u0131z, i\u015fleme i\u00e7in \u00e7\u0131karlar\u0131n\u0131z\u0131, haklar\u0131n\u0131z\u0131 ve \u00f6zg\u00fcrl\u00fcklerinizi ge\u00e7ersiz k\u0131lan zorlay\u0131c\u0131 me\u015fru gerek\u00e7eler g\u00f6steremedi\u011fimiz veya i\u015fleme yasal taleplerin olu\u015fturulmas\u0131, uygulanmas\u0131 veya savunulmas\u0131 i\u00e7in olmad\u0131\u011f\u0131 s\u00fcrece ki\u015fisel bilgileri i\u015flemeyi durduraca\u011f\u0131z.<\/p>\n<ul>\n<li>veri ta\u015f\u0131nabilirli\u011fi hakk\u0131;<\/li>\n<\/ul>\n<p>Ki\u015fisel verilerinizi i\u015flememizin yasal dayana\u011f\u0131 r\u0131za oldu\u011fu ve bu i\u015flem otomatik yollarla ger\u00e7ekle\u015ftirildi\u011fi \u00f6l\u00e7\u00fcde, ki\u015fisel verilerinizi bizden yap\u0131land\u0131r\u0131lm\u0131\u015f, yayg\u0131n olarak kullan\u0131lan ve makine taraf\u0131ndan okunabilir bir formatta alma hakk\u0131na sahipsiniz. Ancak bu hak, ba\u015fkalar\u0131n\u0131n hak ve \u00f6zg\u00fcrl\u00fcklerini olumsuz etkileyecek durumlarda ge\u00e7erli de\u011fildir.<\/p>\n<ul>\n<li>bir denetim makam\u0131na \u015fikayette bulunma hakk\u0131;<\/li>\n<\/ul>\n<p>Ki\u015fisel bilgilerinizi i\u015flememizin veri koruma yasalar\u0131n\u0131 ihlal etti\u011fini d\u00fc\u015f\u00fcn\u00fcyorsan\u0131z, veri korumadan sorumlu bir denetim makam\u0131na \u015fikayette bulunma konusunda yasal hakk\u0131n\u0131z vard\u0131r. Bunu mutat ikametgah\u0131n\u0131z\u0131n, i\u015f yerinizin veya iddia edilen ihlalin ger\u00e7ekle\u015fti\u011fi yerin bulundu\u011fu AB \u00fcye \u00fclkesinde yapabilirsiniz.<\/p>\n<ul>\n<li>r\u0131zay\u0131 geri \u00e7ekme hakk\u0131.<\/li>\n<\/ul>\n<p>Ki\u015fisel bilgilerinizi i\u015flememizin yasal dayana\u011f\u0131 r\u0131za oldu\u011fu \u00f6l\u00e7\u00fcde, bu r\u0131zay\u0131 istedi\u011finiz zaman geri \u00e7ekme hakk\u0131na sahipsiniz. Geri \u00e7ekilme, geri \u00e7ekilmeden \u00f6nceki i\u015flemenin yasall\u0131\u011f\u0131n\u0131 etkilemeyecektir.<\/p>\n<p>Ki\u015fisel verilerinizle ilgili haklar\u0131n\u0131zdan herhangi birini m\u00fc\u015fteri deste\u011fimizle ileti\u015fime ge\u00e7erek kullanabilirsiniz.<\/p>\n<ol start=\"9\">\n<li><strong>Bilgi komiserli\u011fi ofisine \u015fikayette bulunma hakk\u0131n\u0131z<\/strong><\/li>\n<\/ol>\n<p>Talebinizi uygun bir \u015fekilde ele almad\u0131\u011f\u0131m\u0131z\u0131 d\u00fc\u015f\u00fcn\u00fcyorsan\u0131z, Bilgi Komiserli\u011fi&#8217;ne (ICO) \u015fikayette bulunma hakk\u0131na sahipsiniz. Bununla birlikte, herhangi bir \u015fikayette bulunmadan \u00f6nce bizimle ileti\u015fime ge\u00e7menizi \u00f6neririz ve sahip olabilece\u011finiz t\u00fcm sorunlar\u0131 veya endi\u015feleri \u00e7\u00f6zmeye \u00e7al\u0131\u015faca\u011f\u0131z.<br \/>ICO ile ileti\u015fime ge\u00e7me hakk\u0131nda bilgi i\u00e7in l\u00fctfen <a href=\"https:\/\/www.ico.org.uk\/\" target=\"_blank\" rel=\"noopener\">www.ico.org.uk<\/a> adresindeki web sitesine bak\u0131n.<\/p>\n<ol start=\"10\">\n<li><strong>Politika G\u00fcncellemeleri<\/strong><\/li>\n<\/ol>\n<p>Bu Politika, tamamen kendi takdirimize ba\u011fl\u0131 olarak, \u00f6nceden bildirimde bulunmaks\u0131z\u0131n herhangi bir zamanda revize edilebilir, de\u011fi\u015ftirilebilir, g\u00fcncellenebilir ve\/veya tamamlanabilir. Bunu yapt\u0131\u011f\u0131m\u0131zda, Web Sitemizin ana sayfas\u0131nda bir bildirim yay\u0131nlayaca\u011f\u0131z ve bu sayfan\u0131n \u00fcst k\u0131sm\u0131ndaki g\u00fcncellenmi\u015f tarihi revize edece\u011fiz. Toplad\u0131\u011f\u0131m\u0131z Ki\u015fisel Verilerin korunmas\u0131na nas\u0131l yard\u0131mc\u0131 oldu\u011fumuz hakk\u0131nda bilgi sahibi olmak i\u00e7in bu sayfay\u0131 herhangi bir de\u011fi\u015fiklik i\u00e7in d\u00fczenli aral\u0131klarla kontrol etmenizi \u00f6neririz. Her Ziyaret\u00e7i, bu Politikay\u0131 periyodik olarak g\u00f6zden ge\u00e7irmenin ve de\u011fi\u015fikliklerden haberdar olman\u0131n kendi ki\u015fisel sorumlulu\u011fu oldu\u011funu kabul etmeli ve onaylamal\u0131d\u0131r.<br \/>Web sitemizi kullanarak, bu Politikay\u0131 kabul etti\u011finizi otomatik olarak belirtmi\u015f olursunuz. Bu Politikay\u0131 kabul etmiyorsan\u0131z, Web Sitemizi kullanmaman\u0131z\u0131 talep ederiz.<\/p>\n<ol start=\"11\">\n<li><strong>Bizimle nas\u0131l ileti\u015fime ge\u00e7ebilirsiniz?<\/strong><\/li>\n<\/ol>\n<p>Bu Politika hakk\u0131nda herhangi bir sorunuz varsa, hakk\u0131n\u0131zda sahip oldu\u011fumuz bilgileri g\u00fcncellemek istiyorsan\u0131z veya belirtilen haklardan herhangi birini kullanmak istiyorsan\u0131z, a\u015fa\u011f\u0131dakilerden birini yapabilirsiniz:<\/p>\n<p>Bize e-posta g\u00f6nderin: <a href=\"info@kudretmakine.com\">info@turkmenexporter.com<\/a><\/p>\n<p>Bize yaz\u0131n: Archabil shayoly 54, A\u015fkabat, T\u00fcrkmenistan.<\/p><\/p>\n\t\t\t\t\t\t\t\t<\/div>\n\t\t\t\t<\/div>\n\t\t\t\t<\/div>\n\t\t\t\t<\/div>\n\t\t\t\t\t<\/div>\n\t\t\t\t<\/div>\n\t\t\t\t<\/div>\n\t\t","protected":false},"excerpt":{"rendered":"<p>Gizlilik Politikas\u0131 Son g\u00fcncelleme: 19-12-2024 turkmenexporter.com i\u00e7in Gizlilik Politikas\u0131na ho\u015f geldiniz! Burada, Web Sitemize geldi\u011finizde ve Web Sitemizi kulland\u0131\u011f\u0131n\u0131zda hangi verileri toplad\u0131\u011f\u0131m\u0131z\u0131 a\u00e7\u0131kl\u0131yoruz. Ayr\u0131ca bu verileri neden toplad\u0131\u011f\u0131m\u0131z\u0131 ve verilerinizin kimlerle payla\u015f\u0131ld\u0131\u011f\u0131n\u0131 da a\u00e7\u0131kl\u0131yoruz. L\u00fctfen bunu okuyun ve bu belgeyle ilgili sorular\u0131n\u0131z i\u00e7in bizimle ileti\u015fime ge\u00e7in. Turkmenexporter.com, &#8220;biz&#8221; veya &#8220;bize&#8220;, turkmenexporter.com &#8220;Web Sitesi&#8221; ziyaret\u00e7ilerinden &#8220;Ziyaret\u00e7iler&#8221; [&hellip;]<\/p>\n","protected":false},"author":1,"featured_media":0,"parent":0,"menu_order":0,"comment_status":"closed","ping_status":"closed","template":"","meta":{"_acf_changed":false,"footnotes":""},"class_list":["post-3008","page","type-page","status-publish","hentry"],"acf":[],"_links":{"self":[{"href":"https:\/\/turkmenexporter.com\/tr\/wp-json\/wp\/v2\/pages\/3008","targetHints":{"allow":["GET"]}}],"collection":[{"href":"https:\/\/turkmenexporter.com\/tr\/wp-json\/wp\/v2\/pages"}],"about":[{"href":"https:\/\/turkmenexporter.com\/tr\/wp-json\/wp\/v2\/types\/page"}],"author":[{"embeddable":true,"href":"https:\/\/turkmenexporter.com\/tr\/wp-json\/wp\/v2\/users\/1"}],"replies":[{"embeddable":true,"href":"https:\/\/turkmenexporter.com\/tr\/wp-json\/wp\/v2\/comments?post=3008"}],"version-history":[{"count":3,"href":"https:\/\/turkmenexporter.com\/tr\/wp-json\/wp\/v2\/pages\/3008\/revisions"}],"predecessor-version":[{"id":3020,"href":"https:\/\/turkmenexporter.com\/tr\/wp-json\/wp\/v2\/pages\/3008\/revisions\/3020"}],"wp:attachment":[{"href":"https:\/\/turkmenexporter.com\/tr\/wp-json\/wp\/v2\/media?parent=3008"}],"curies":[{"name":"wp","href":"https:\/\/api.w.org\/{rel}","templated":true}]}}