{"id":6777,"date":"2024-03-20T01:42:30","date_gmt":"2024-03-19T20:42:30","guid":{"rendered":"https:\/\/turkmenexporter.com\/iade-ve-geri-odeme-politikasi\/"},"modified":"2024-03-23T00:03:11","modified_gmt":"2024-03-22T19:03:11","slug":"iade-ve-geri-odeme-politikasi","status":"publish","type":"page","link":"https:\/\/turkmenexporter.com\/tr\/iade-ve-geri-odeme-politikasi\/","title":{"rendered":"\u0130ade ve Geri \u00d6deme Politikas\u0131"},"content":{"rendered":"\t\t<div data-elementor-type=\"wp-page\" data-elementor-id=\"6777\" class=\"elementor elementor-6777 elementor-6751\" data-elementor-post-type=\"page\">\n\t\t\t\t<div class=\"elementor-element elementor-element-7d5a86b e-flex e-con-boxed e-con e-parent\" data-id=\"7d5a86b\" data-element_type=\"container\" data-e-type=\"container\">\n\t\t\t\t\t<div class=\"e-con-inner\">\n\t\t\t\t<div class=\"elementor-element elementor-element-88a8dc2 elementor-widget elementor-widget-text-editor\" data-id=\"88a8dc2\" data-element_type=\"widget\" data-e-type=\"widget\" data-widget_type=\"text-editor.default\">\n\t\t\t\t<div class=\"elementor-widget-container\">\n\t\t\t\t\t\t\t\t\t<p><strong>\u0130ade ve Geri \u00d6deme Politikas\u0131<\/strong><\/p>\n<p>TurkmenExporter.com&#8217;da, her sat\u0131n alma i\u015fleminde m\u00fc\u015fterilerimizin memnuniyetini sa\u011flamak i\u00e7in \u00e7al\u0131\u015f\u0131yoruz. Sat\u0131n alma i\u015fleminizden tamamen memnun kalmazsan\u0131z, size yard\u0131mc\u0131 olmak i\u00e7in buraday\u0131z. Web sitemizden sat\u0131n ald\u0131\u011f\u0131n\u0131z \u00fcr\u00fcnleri iade ederken haklar\u0131n\u0131z\u0131 ve y\u00fck\u00fcml\u00fcl\u00fcklerinizi anlamak i\u00e7in l\u00fctfen iade ve geri \u00f6deme politikam\u0131z\u0131 dikkatlice okuyun.<\/p>\n<p><strong>\u0130ade S\u00fcreci:<\/strong><\/p>\n<ol>\n<li><strong>Bize Ula\u015f\u0131n:<\/strong> Bir iade i\u015flemi ba\u015flatmadan \u00f6nce, l\u00fctfen sipari\u015finizi ald\u0131ktan sonraki 1 g\u00fcn i\u00e7inde m\u00fc\u015fteri hizmetleri ekibimizle ileti\u015fime ge\u00e7erek sorunu bize bildirin ve bir iade yetkilendirmesi talep edin.<\/li>\n<li><strong>\u0130ade Yetkisi:<\/strong> \u0130ade talebiniz onayland\u0131ktan sonra, bir \u0130ade Yetkisi (RA) numaras\u0131 ve iadeye nas\u0131l devam edece\u011finize dair talimatlar alacaks\u0131n\u0131z.<\/li>\n<li><strong>\u00dcr\u00fcn\u00fcn\u00fcz\u00fc Paketleyin:<\/strong> \u00dcr\u00fcn\u00fc orijinal ambalaj\u0131nda, t\u00fcm aksesuar ve belgelerin dahil oldu\u011fundan emin olarak g\u00fcvenli bir \u015fekilde paketleyin.<\/li>\n<li><strong>Nakliye:<\/strong> \u00dcr\u00fcn\u00fc bize geri g\u00f6ndermekten siz sorumlusunuz. \u0130adenizin bize g\u00fcvenli bir \u015fekilde ula\u015ft\u0131\u011f\u0131ndan emin olmak i\u00e7in izlenebilir bir nakliye y\u00f6ntemi kullanman\u0131z\u0131 \u00f6neririz.<\/li>\n<li><strong>\u0130nceleme:<\/strong> \u0130ade edilen \u00fcr\u00fcn\u00fc teslim ald\u0131ktan sonra, ekibimiz iade kriterlerimizi (a\u015fa\u011f\u0131da \u00f6zetlenmi\u015ftir) kar\u015f\u0131lad\u0131\u011f\u0131ndan emin olmak i\u00e7in \u00fcr\u00fcn\u00fc inceleyecektir.<\/li>\n<li><strong>\u0130ade veya De\u011fi\u015fim:<\/strong> \u00dcr\u00fcn iade kriterlerimizi kar\u015f\u0131l\u0131yorsa, tercihinize g\u00f6re iadenizi veya de\u011fi\u015fiminizi i\u015fleme alaca\u011f\u0131z.<\/li>\n<\/ol>\n<p><strong>Geri \u00d6deme S\u00fcreci:<\/strong><\/p>\n<ol>\n<li><strong>\u0130ade Y\u00f6ntemi:<\/strong> \u0130adeler, orijinal sat\u0131n alma i\u00e7in kullan\u0131lan ayn\u0131 \u00f6deme bi\u00e7iminde yap\u0131lacakt\u0131r.<\/li>\n<li><strong>\u0130\u015flem S\u00fcresi:<\/strong> \u00d6deme y\u00f6nteminize ve finans kurulu\u015funuza ba\u011fl\u0131 olarak, iadenizin i\u015fleme al\u0131nmas\u0131 ve hesab\u0131n\u0131za yans\u0131t\u0131lmas\u0131 i\u00e7in l\u00fctfen 5 i\u015f g\u00fcn\u00fc bekleyin.<\/li>\n<\/ol>\n<p><strong>M\u00fc\u015fteri Gereksinimleri:<\/strong><\/p>\n<ol>\n<li><strong>\u0130ade Penceresi:<\/strong> Sipari\u015finizi teslim ald\u0131ktan sonra 3 g\u00fcn i\u00e7inde iade s\u00fcrecini ba\u015flatmal\u0131s\u0131n\u0131z.<\/li>\n<li><strong>\u00dcr\u00fcn Durumu:<\/strong> \u0130ade edilen \u00fcr\u00fcnler orijinal durumunda, kullan\u0131lmam\u0131\u015f ve t\u00fcm etiket ve etiketleri bozulmam\u0131\u015f olmal\u0131d\u0131r. Herhangi bir a\u015f\u0131nma ve y\u0131pranma, hasar veya de\u011fi\u015fiklik belirtisi iadenin reddedilmesine neden olabilir.<\/li>\n<li><strong>\u0130ade Nedeni:<\/strong> \u00dcr\u00fcn kusurlar\u0131, yanl\u0131\u015f al\u0131nan \u00fcr\u00fcnler ve s\u00f6zle\u015fmede belirtilen di\u011fer nedenler gibi nedenlerle iadeleri kabul ediyoruz.<\/li>\n<\/ol>\n<p><strong>S\u00f6zle\u015fmeye Dayal\u0131 Anla\u015fma:<\/strong><\/p>\n<p>TurkmenExporter.com&#8217;dan sat\u0131n al\u0131nan her bir \u00fcr\u00fcn i\u00e7in, iade ve geri \u00f6deme politikam\u0131z\u0131n ayr\u0131nt\u0131lar\u0131n\u0131 i\u00e7eren bir s\u00f6zle\u015fme olu\u015fturulacakt\u0131r. Sat\u0131n alma i\u015flemini tamamlayarak, s\u00f6zle\u015fmede belirtilen \u015fartlara uymay\u0131 kabul etmi\u015f olursunuz.<\/p><\/p>\n\t\t\t\t\t\t\t\t<\/div>\n\t\t\t\t<\/div>\n\t\t\t\t\t<\/div>\n\t\t\t\t<\/div>\n\t\t\t\t<\/div>\n\t\t","protected":false},"excerpt":{"rendered":"<p>\u0130ade ve Geri \u00d6deme Politikas\u0131 TurkmenExporter.com&#8217;da, her sat\u0131n alma i\u015fleminde m\u00fc\u015fterilerimizin memnuniyetini sa\u011flamak i\u00e7in \u00e7al\u0131\u015f\u0131yoruz. Sat\u0131n alma i\u015fleminizden tamamen memnun kalmazsan\u0131z, size yard\u0131mc\u0131 olmak i\u00e7in buraday\u0131z. Web sitemizden sat\u0131n ald\u0131\u011f\u0131n\u0131z \u00fcr\u00fcnleri iade ederken haklar\u0131n\u0131z\u0131 ve y\u00fck\u00fcml\u00fcl\u00fcklerinizi anlamak i\u00e7in l\u00fctfen iade ve geri \u00f6deme politikam\u0131z\u0131 dikkatlice okuyun. \u0130ade S\u00fcreci: Bize Ula\u015f\u0131n: Bir iade i\u015flemi ba\u015flatmadan \u00f6nce, [&hellip;]<\/p>\n","protected":false},"author":1,"featured_media":0,"parent":0,"menu_order":0,"comment_status":"closed","ping_status":"closed","template":"","meta":{"_acf_changed":false,"footnotes":""},"class_list":["post-6777","page","type-page","status-publish","hentry"],"acf":[],"_links":{"self":[{"href":"https:\/\/turkmenexporter.com\/tr\/wp-json\/wp\/v2\/pages\/6777","targetHints":{"allow":["GET"]}}],"collection":[{"href":"https:\/\/turkmenexporter.com\/tr\/wp-json\/wp\/v2\/pages"}],"about":[{"href":"https:\/\/turkmenexporter.com\/tr\/wp-json\/wp\/v2\/types\/page"}],"author":[{"embeddable":true,"href":"https:\/\/turkmenexporter.com\/tr\/wp-json\/wp\/v2\/users\/1"}],"replies":[{"embeddable":true,"href":"https:\/\/turkmenexporter.com\/tr\/wp-json\/wp\/v2\/comments?post=6777"}],"version-history":[{"count":5,"href":"https:\/\/turkmenexporter.com\/tr\/wp-json\/wp\/v2\/pages\/6777\/revisions"}],"predecessor-version":[{"id":6783,"href":"https:\/\/turkmenexporter.com\/tr\/wp-json\/wp\/v2\/pages\/6777\/revisions\/6783"}],"wp:attachment":[{"href":"https:\/\/turkmenexporter.com\/tr\/wp-json\/wp\/v2\/media?parent=6777"}],"curies":[{"name":"wp","href":"https:\/\/api.w.org\/{rel}","templated":true}]}}