{"id":7957,"date":"2024-05-01T08:15:57","date_gmt":"2024-05-01T03:15:57","guid":{"rendered":"https:\/\/turkmenexporter.com\/odeme-ve-nakliye\/"},"modified":"2024-05-01T08:55:13","modified_gmt":"2024-05-01T03:55:13","slug":"odeme-ve-nakliye","status":"publish","type":"page","link":"https:\/\/turkmenexporter.com\/tr\/odeme-ve-nakliye\/","title":{"rendered":"\u00d6deme ve Nakliye"},"content":{"rendered":"\t\t<div data-elementor-type=\"wp-page\" data-elementor-id=\"7957\" class=\"elementor elementor-7957 elementor-7936\" data-elementor-post-type=\"page\">\n\t\t\t\t<div class=\"elementor-element elementor-element-22ea689 e-flex e-con-boxed e-con e-parent\" data-id=\"22ea689\" data-element_type=\"container\" data-e-type=\"container\">\n\t\t\t\t\t<div class=\"e-con-inner\">\n\t\t\t\t<div class=\"elementor-element elementor-element-fbe8a2d elementor-widget elementor-widget-text-editor\" data-id=\"fbe8a2d\" data-element_type=\"widget\" data-e-type=\"widget\" data-widget_type=\"text-editor.default\">\n\t\t\t\t<div class=\"elementor-widget-container\">\n\t\t\t\t\t\t\t\t\t<h1>\u00d6deme ve Nakliye<\/h1>\n<p><strong>1. \u00d6deme<\/strong><\/p>\n<p><span data-preserver-spaces=\"true\">Mallar i\u00e7in \u00f6deme, s\u00f6zle\u015fmede belirtilecek ko\u015fullara g\u00f6re yap\u0131l\u0131r. Sipari\u015f verdikten sonra \u00fcretici sizinle bir s\u00f6zle\u015fme imzalayacakt\u0131r. Olas\u0131 \u00f6deme y\u00f6ntemleri hakk\u0131nda detayl\u0131 bilgi almak i\u00e7in \u00fcretici veya \u00fcr\u00fcn sayfas\u0131na ileti\u015fim bilgilerinizi b\u0131rakabilirsiniz, sizinle ileti\u015fime ge\u00e7eceklerdir. Ya da her sayfan\u0131n \u00fcst k\u0131sm\u0131nda g\u00f6sterilen mesajla\u015fma programlar\u0131ndan bize yazabilirsiniz.<\/span><\/p>\n<p><strong>2. Nakliye<\/strong><\/p>\n<p>D\u00fcnya \u00e7ap\u0131nda g\u00f6nderim mevcuttur. Bug\u00fcn turkmenexporter.com platformu, farkl\u0131 \u00fcreticilerden gelen sipari\u015fleri deponuza teslimatla tek bir teslimatta birle\u015ftirmiyor. Teslimat ko\u015fullar\u0131 m\u00fczakere edilir ve her bir \u00fcreticiye ba\u011fl\u0131d\u0131r. Maliyetleri ve di\u011fer \u015feyleri \u00f6\u011frenmek i\u00e7in \u00fcreticiyle ileti\u015fime ge\u00e7meniz gerekir. <\/p>\n\t\t\t\t\t\t\t\t<\/div>\n\t\t\t\t<\/div>\n\t\t\t\t\t<\/div>\n\t\t\t\t<\/div>\n\t\t\t\t<\/div>\n\t\t","protected":false},"excerpt":{"rendered":"<p>\u00d6deme ve Nakliye 1. \u00d6deme Mallar i\u00e7in \u00f6deme, s\u00f6zle\u015fmede belirtilecek ko\u015fullara g\u00f6re yap\u0131l\u0131r. Sipari\u015f verdikten sonra \u00fcretici sizinle bir s\u00f6zle\u015fme imzalayacakt\u0131r. Olas\u0131 \u00f6deme y\u00f6ntemleri hakk\u0131nda detayl\u0131 bilgi almak i\u00e7in \u00fcretici veya \u00fcr\u00fcn sayfas\u0131na ileti\u015fim bilgilerinizi b\u0131rakabilirsiniz, sizinle ileti\u015fime ge\u00e7eceklerdir. Ya da her sayfan\u0131n \u00fcst k\u0131sm\u0131nda g\u00f6sterilen mesajla\u015fma programlar\u0131ndan bize yazabilirsiniz. 2. Nakliye D\u00fcnya \u00e7ap\u0131nda g\u00f6nderim [&hellip;]<\/p>\n","protected":false},"author":1,"featured_media":0,"parent":0,"menu_order":0,"comment_status":"closed","ping_status":"closed","template":"","meta":{"_acf_changed":false,"footnotes":""},"class_list":["post-7957","page","type-page","status-publish","hentry"],"acf":[],"_links":{"self":[{"href":"https:\/\/turkmenexporter.com\/tr\/wp-json\/wp\/v2\/pages\/7957","targetHints":{"allow":["GET"]}}],"collection":[{"href":"https:\/\/turkmenexporter.com\/tr\/wp-json\/wp\/v2\/pages"}],"about":[{"href":"https:\/\/turkmenexporter.com\/tr\/wp-json\/wp\/v2\/types\/page"}],"author":[{"embeddable":true,"href":"https:\/\/turkmenexporter.com\/tr\/wp-json\/wp\/v2\/users\/1"}],"replies":[{"embeddable":true,"href":"https:\/\/turkmenexporter.com\/tr\/wp-json\/wp\/v2\/comments?post=7957"}],"version-history":[{"count":1,"href":"https:\/\/turkmenexporter.com\/tr\/wp-json\/wp\/v2\/pages\/7957\/revisions"}],"predecessor-version":[{"id":7959,"href":"https:\/\/turkmenexporter.com\/tr\/wp-json\/wp\/v2\/pages\/7957\/revisions\/7959"}],"wp:attachment":[{"href":"https:\/\/turkmenexporter.com\/tr\/wp-json\/wp\/v2\/media?parent=7957"}],"curies":[{"name":"wp","href":"https:\/\/api.w.org\/{rel}","templated":true}]}}