{"id":10766,"date":"2024-09-18T19:21:17","date_gmt":"2024-09-18T14:21:17","guid":{"rendered":"https:\/\/turkmenexporter.com\/product\/albion-cilek-tudana-deluxe\/"},"modified":"2024-09-18T19:21:17","modified_gmt":"2024-09-18T14:21:17","slug":"albion-cilek-tudana-deluxe","status":"publish","type":"product","link":"https:\/\/turkmenexporter.com\/tr\/urun\/albion-cilek-tudana-deluxe\/","title":{"rendered":"Albion \u00c7ilek Tudana Deluxe"},"content":{"rendered":"<p>Paket i\u00e7inde 20 adet. Bir \u00e7ile\u011fin a\u011f\u0131rl\u0131\u011f\u0131 18-25 g. S\u0131rala: Albion  <\/p>\n","protected":false},"excerpt":{"rendered":"<p>Paket i\u00e7inde 20 adet. Bir \u00e7ile\u011fin a\u011f\u0131rl\u0131\u011f\u0131 18-25 g. S\u0131rala: Albion  <\/p>\n","protected":false},"featured_media":10609,"comment_status":"open","ping_status":"closed","template":"","meta":{"_acf_changed":false},"brand":[784],"product_cat":[790],"product_tag":[852],"class_list":{"0":"post-10766","1":"product","2":"type-product","3":"status-publish","4":"has-post-thumbnail","6":"brand-tudana-tr","7":"product_cat-cilek","8":"product_tag-front-product-tr","10":"first","11":"instock","12":"shipping-taxable","13":"purchasable","14":"product-type-simple"},"acf":[],"_links":{"self":[{"href":"https:\/\/turkmenexporter.com\/tr\/wp-json\/wp\/v2\/product\/10766","targetHints":{"allow":["GET"]}}],"collection":[{"href":"https:\/\/turkmenexporter.com\/tr\/wp-json\/wp\/v2\/product"}],"about":[{"href":"https:\/\/turkmenexporter.com\/tr\/wp-json\/wp\/v2\/types\/product"}],"replies":[{"embeddable":true,"href":"https:\/\/turkmenexporter.com\/tr\/wp-json\/wp\/v2\/comments?post=10766"}],"version-history":[{"count":0,"href":"https:\/\/turkmenexporter.com\/tr\/wp-json\/wp\/v2\/product\/10766\/revisions"}],"wp:featuredmedia":[{"embeddable":true,"href":"https:\/\/turkmenexporter.com\/tr\/wp-json\/wp\/v2\/media\/10609"}],"wp:attachment":[{"href":"https:\/\/turkmenexporter.com\/tr\/wp-json\/wp\/v2\/media?parent=10766"}],"wp:term":[{"taxonomy":"brand","embeddable":true,"href":"https:\/\/turkmenexporter.com\/tr\/wp-json\/wp\/v2\/brand?post=10766"},{"taxonomy":"product_cat","embeddable":true,"href":"https:\/\/turkmenexporter.com\/tr\/wp-json\/wp\/v2\/product_cat?post=10766"},{"taxonomy":"product_tag","embeddable":true,"href":"https:\/\/turkmenexporter.com\/tr\/wp-json\/wp\/v2\/product_tag?post=10766"}],"curies":[{"name":"wp","href":"https:\/\/api.w.org\/{rel}","templated":true}]}}