{"id":10767,"date":"2024-09-18T19:21:16","date_gmt":"2024-09-18T14:21:16","guid":{"rendered":"https:\/\/turkmenexporter.com\/product\/cilek-tudana-premium\/"},"modified":"2024-09-18T19:21:16","modified_gmt":"2024-09-18T14:21:16","slug":"cilek-tudana-premium","status":"publish","type":"product","link":"https:\/\/turkmenexporter.com\/tr\/urun\/cilek-tudana-premium\/","title":{"rendered":"\u00c7ilek Tudana Premium"},"content":{"rendered":"<p>Paket i\u00e7inde 15 adet. Bir \u00e7ile\u011fin a\u011f\u0131rl\u0131\u011f\u0131 25-35 g. S\u0131rala: Albion  <\/p>\n","protected":false},"excerpt":{"rendered":"<p>Paket i\u00e7inde 15 adet. Bir \u00e7ile\u011fin a\u011f\u0131rl\u0131\u011f\u0131 25-35 g. S\u0131rala: Albion  <\/p>\n","protected":false},"featured_media":10681,"comment_status":"open","ping_status":"closed","template":"","meta":{"_acf_changed":false},"brand":[784],"product_cat":[790],"product_tag":[],"class_list":{"0":"post-10767","1":"product","2":"type-product","3":"status-publish","4":"has-post-thumbnail","6":"brand-tudana-tr","7":"product_cat-cilek","9":"first","10":"instock","11":"shipping-taxable","12":"purchasable","13":"product-type-simple"},"acf":[],"_links":{"self":[{"href":"https:\/\/turkmenexporter.com\/tr\/wp-json\/wp\/v2\/product\/10767","targetHints":{"allow":["GET"]}}],"collection":[{"href":"https:\/\/turkmenexporter.com\/tr\/wp-json\/wp\/v2\/product"}],"about":[{"href":"https:\/\/turkmenexporter.com\/tr\/wp-json\/wp\/v2\/types\/product"}],"replies":[{"embeddable":true,"href":"https:\/\/turkmenexporter.com\/tr\/wp-json\/wp\/v2\/comments?post=10767"}],"version-history":[{"count":0,"href":"https:\/\/turkmenexporter.com\/tr\/wp-json\/wp\/v2\/product\/10767\/revisions"}],"wp:featuredmedia":[{"embeddable":true,"href":"https:\/\/turkmenexporter.com\/tr\/wp-json\/wp\/v2\/media\/10681"}],"wp:attachment":[{"href":"https:\/\/turkmenexporter.com\/tr\/wp-json\/wp\/v2\/media?parent=10767"}],"wp:term":[{"taxonomy":"brand","embeddable":true,"href":"https:\/\/turkmenexporter.com\/tr\/wp-json\/wp\/v2\/brand?post=10767"},{"taxonomy":"product_cat","embeddable":true,"href":"https:\/\/turkmenexporter.com\/tr\/wp-json\/wp\/v2\/product_cat?post=10767"},{"taxonomy":"product_tag","embeddable":true,"href":"https:\/\/turkmenexporter.com\/tr\/wp-json\/wp\/v2\/product_tag?post=10767"}],"curies":[{"name":"wp","href":"https:\/\/api.w.org\/{rel}","templated":true}]}}