{"id":11087,"date":"2024-09-26T00:07:23","date_gmt":"2024-09-25T19:07:23","guid":{"rendered":"https:\/\/turkmenexporter.com\/product\/fayans-yapistiricisi\/"},"modified":"2024-09-26T00:07:23","modified_gmt":"2024-09-25T19:07:23","slug":"fayans-yapistiricisi","status":"publish","type":"product","link":"https:\/\/turkmenexporter.com\/tr\/urun\/fayans-yapistiricisi\/","title":{"rendered":"Fayans yap\u0131\u015ft\u0131r\u0131c\u0131s\u0131"},"content":{"rendered":"<p>Fayans Yap\u0131\u015ft\u0131r\u0131c\u0131s\u0131 &#8211; \u00c7ok Y\u00f6nl\u00fc Fayans Montajlar\u0131 i\u00e7in Y\u00fcksek Mukavemet Fayans Yap\u0131\u015ft\u0131r\u0131c\u0131s\u0131, hem i\u00e7 hem de d\u0131\u015f mekan uygulamalar\u0131nda g\u00fcvenli fayans montajlar\u0131 i\u00e7in m\u00fckemmel olan profesyonel s\u0131n\u0131f bir yap\u0131\u015ft\u0131r\u0131c\u0131d\u0131r. Seramik, porselen ve do\u011fal ta\u015f karolar i\u00e7in uygun olan bu yap\u0131\u015ft\u0131r\u0131c\u0131, g\u00fc\u00e7l\u00fc yap\u0131\u015ft\u0131rma ve uzun s\u00fcreli dayan\u0131kl\u0131l\u0131k sa\u011flar. Kar\u0131\u015ft\u0131rmas\u0131 kolay form\u00fcl\u00fc p\u00fcr\u00fczs\u00fcz ve e\u015fit bir yay\u0131lma sa\u011flayarak hassas kurulum sa\u011flar. \u00dcr\u00fcn neme dayan\u0131kl\u0131 oldu\u011fundan banyolar, mutfaklar ve d\u0131\u015f mekanlar i\u00e7in idealdir. Paketleme Torba 25 kg Uygulama: Seramik, porselen ve ta\u015f dahil olmak \u00fczere her t\u00fcrl\u00fc karo i\u00e7in uygundur \u00d6zellikler: Kal\u0131c\u0131 performans i\u00e7in y\u00fcksek mukavemetli, neme dayan\u0131kl\u0131, kolay uygulama ve g\u00fc\u00e7l\u00fc yap\u0131\u015ft\u0131rma    <\/p>\n","protected":false},"excerpt":{"rendered":"<p>Fayans Yap\u0131\u015ft\u0131r\u0131c\u0131s\u0131 &#8211; \u00c7ok Y\u00f6nl\u00fc Fayans Montajlar\u0131 i\u00e7in Y\u00fcksek Mukavemet. Paketleme Torba 25 kg Fiyatlar de\u011fi\u015febilir <\/p>\n","protected":false},"featured_media":10923,"comment_status":"open","ping_status":"closed","template":"","meta":{"_acf_changed":false},"brand":[802],"product_cat":[797],"product_tag":[852],"class_list":{"0":"post-11087","1":"product","2":"type-product","3":"status-publish","4":"has-post-thumbnail","6":"brand-derwayys-tr","7":"product_cat-insaat-malzemeleri","8":"product_tag-front-product-tr","10":"first","11":"instock","12":"shipping-taxable","13":"purchasable","14":"product-type-simple"},"acf":[],"_links":{"self":[{"href":"https:\/\/turkmenexporter.com\/tr\/wp-json\/wp\/v2\/product\/11087","targetHints":{"allow":["GET"]}}],"collection":[{"href":"https:\/\/turkmenexporter.com\/tr\/wp-json\/wp\/v2\/product"}],"about":[{"href":"https:\/\/turkmenexporter.com\/tr\/wp-json\/wp\/v2\/types\/product"}],"replies":[{"embeddable":true,"href":"https:\/\/turkmenexporter.com\/tr\/wp-json\/wp\/v2\/comments?post=11087"}],"version-history":[{"count":0,"href":"https:\/\/turkmenexporter.com\/tr\/wp-json\/wp\/v2\/product\/11087\/revisions"}],"wp:featuredmedia":[{"embeddable":true,"href":"https:\/\/turkmenexporter.com\/tr\/wp-json\/wp\/v2\/media\/10923"}],"wp:attachment":[{"href":"https:\/\/turkmenexporter.com\/tr\/wp-json\/wp\/v2\/media?parent=11087"}],"wp:term":[{"taxonomy":"brand","embeddable":true,"href":"https:\/\/turkmenexporter.com\/tr\/wp-json\/wp\/v2\/brand?post=11087"},{"taxonomy":"product_cat","embeddable":true,"href":"https:\/\/turkmenexporter.com\/tr\/wp-json\/wp\/v2\/product_cat?post=11087"},{"taxonomy":"product_tag","embeddable":true,"href":"https:\/\/turkmenexporter.com\/tr\/wp-json\/wp\/v2\/product_tag?post=11087"}],"curies":[{"name":"wp","href":"https:\/\/api.w.org\/{rel}","templated":true}]}}