{"id":11088,"date":"2024-09-26T00:07:21","date_gmt":"2024-09-25T19:07:21","guid":{"rendered":"https:\/\/turkmenexporter.com\/product\/bitum-kaucuk-su-yalitim-mastigi\/"},"modified":"2024-09-26T00:07:21","modified_gmt":"2024-09-25T19:07:21","slug":"bitum-kaucuk-su-yalitim-mastigi","status":"publish","type":"product","link":"https:\/\/turkmenexporter.com\/tr\/urun\/bitum-kaucuk-su-yalitim-mastigi\/","title":{"rendered":"Bit\u00fcm-kau\u00e7uk su yal\u0131t\u0131m masti\u011fi"},"content":{"rendered":"<p>Bit\u00fcm-Kau\u00e7uk Su Yal\u0131t\u0131m Mastik &#8211; \u00dcst\u00fcn Esneklik ve Su Yal\u0131t\u0131m\u0131 Bit\u00fcm-Kau\u00e7uk Su Yal\u0131t\u0131m Mastik, end\u00fcstriyel, ticari ve konut projeleri i\u00e7in tasarlanm\u0131\u015f y\u00fcksek performansl\u0131 bir su yal\u0131t\u0131m \u00e7\u00f6z\u00fcm\u00fcd\u00fcr. Bu \u00fcr\u00fcn, bit\u00fcm\u00fcn dayan\u0131kl\u0131l\u0131\u011f\u0131n\u0131 kau\u00e7u\u011fun esnekli\u011fi ile birle\u015ftirerek \u00e7at\u0131lar, temeller, bodrumlar ve suya ve neme maruz kalan di\u011fer yap\u0131lar i\u00e7in \u00e7atlamaya dayan\u0131kl\u0131, uzun \u00f6m\u00fcrl\u00fc su yal\u0131t\u0131m\u0131 sa\u011flar. Mastik beton, metal ve ah\u015fap gibi \u00e7e\u015fitli y\u00fczeylere iyi yap\u0131\u015farak kesintisiz bir koruyucu tabaka olu\u015fturur. Paketleme Torba 50 kg Uygulama: D\u00fcz \u00e7at\u0131lar\u0131n, temellerin, bodrumlar\u0131n ve suya maruz kalan d\u0131\u015f y\u00fczeylerin su yal\u0131t\u0131m\u0131 i\u00e7in idealdir: Son derece esnek, \u00e7atlamaya dayan\u0131kl\u0131, birden fazla y\u00fczeye m\u00fckemmel yap\u0131\u015fma, UV \u0131\u015f\u0131nlar\u0131na ve s\u0131cakl\u0131k de\u011fi\u015fimlerine dayan\u0131kl\u0131   <\/p>\n","protected":false},"excerpt":{"rendered":"<p>Bit\u00fcm-Kau\u00e7uk Su Yal\u0131t\u0131m Mastik &#8211; \u00dcst\u00fcn Esneklik ve Su Yal\u0131t\u0131m\u0131. Paketleme Torba 50 kg Fiyatlar de\u011fi\u015febilir <\/p>\n","protected":false},"featured_media":10851,"comment_status":"open","ping_status":"closed","template":"","meta":{"_acf_changed":false},"brand":[802],"product_cat":[797],"product_tag":[852],"class_list":{"0":"post-11088","1":"product","2":"type-product","3":"status-publish","4":"has-post-thumbnail","6":"brand-derwayys-tr","7":"product_cat-insaat-malzemeleri","8":"product_tag-front-product-tr","10":"first","11":"instock","12":"shipping-taxable","13":"purchasable","14":"product-type-simple"},"acf":[],"_links":{"self":[{"href":"https:\/\/turkmenexporter.com\/tr\/wp-json\/wp\/v2\/product\/11088","targetHints":{"allow":["GET"]}}],"collection":[{"href":"https:\/\/turkmenexporter.com\/tr\/wp-json\/wp\/v2\/product"}],"about":[{"href":"https:\/\/turkmenexporter.com\/tr\/wp-json\/wp\/v2\/types\/product"}],"replies":[{"embeddable":true,"href":"https:\/\/turkmenexporter.com\/tr\/wp-json\/wp\/v2\/comments?post=11088"}],"version-history":[{"count":0,"href":"https:\/\/turkmenexporter.com\/tr\/wp-json\/wp\/v2\/product\/11088\/revisions"}],"wp:featuredmedia":[{"embeddable":true,"href":"https:\/\/turkmenexporter.com\/tr\/wp-json\/wp\/v2\/media\/10851"}],"wp:attachment":[{"href":"https:\/\/turkmenexporter.com\/tr\/wp-json\/wp\/v2\/media?parent=11088"}],"wp:term":[{"taxonomy":"brand","embeddable":true,"href":"https:\/\/turkmenexporter.com\/tr\/wp-json\/wp\/v2\/brand?post=11088"},{"taxonomy":"product_cat","embeddable":true,"href":"https:\/\/turkmenexporter.com\/tr\/wp-json\/wp\/v2\/product_cat?post=11088"},{"taxonomy":"product_tag","embeddable":true,"href":"https:\/\/turkmenexporter.com\/tr\/wp-json\/wp\/v2\/product_tag?post=11088"}],"curies":[{"name":"wp","href":"https:\/\/api.w.org\/{rel}","templated":true}]}}