{"id":11089,"date":"2024-09-26T00:07:20","date_gmt":"2024-09-25T19:07:20","guid":{"rendered":"https:\/\/turkmenexporter.com\/product\/aluminyum-folyo-5-mm-ile-su-yalitim-bitum-membrani\/"},"modified":"2024-09-26T00:07:20","modified_gmt":"2024-09-25T19:07:20","slug":"aluminyum-folyo-5-mm-ile-su-yalitim-bitum-membrani","status":"publish","type":"product","link":"https:\/\/turkmenexporter.com\/tr\/urun\/aluminyum-folyo-5-mm-ile-su-yalitim-bitum-membrani\/","title":{"rendered":"Al\u00fcminyum folyo 5 mm ile su yal\u0131t\u0131m bit\u00fcm membran\u0131"},"content":{"rendered":"<p>DERWAYYS P5000 AL (Al\u00fcminyum Folyolu Polyester Kanvas) &#8211; A\u011f\u0131r Hizmet Tipi Yal\u0131t\u0131ml\u0131 Su Yal\u0131t\u0131m\u0131 DERWAYYS P5000 AL, polyester kanvas ve al\u00fcminyum folyo kaplama ile g\u00fc\u00e7lendirilmi\u015f 5 mm kal\u0131nl\u0131\u011f\u0131nda bir su yal\u0131t\u0131m katman\u0131 sunarak suya ve UV radyasyonuna kar\u015f\u0131 maksimum koruma sa\u011flar. A\u011f\u0131r hizmet tipi yap\u0131s\u0131, yeralt\u0131 yap\u0131lar\u0131, end\u00fcstriyel \u00e7at\u0131 kaplamalar\u0131 ve y\u00fcksek maruziyetli kurulumlar gibi hem su yal\u0131t\u0131m\u0131 hem de yal\u0131t\u0131m gerektiren b\u00fcy\u00fck \u00f6l\u00e7ekli projeler i\u00e7in idealdir. Rulo Uzunlu\u011fu: 10 m Geni\u015flik: 1 m Katman Kal\u0131nl\u0131\u011f\u0131: 5 mm A\u011f\u0131rl\u0131k: 51-53 kg  <\/p>\n","protected":false},"excerpt":{"rendered":"<p>DERWAYYS P5000 AL (al\u00fcminyum folyolu polyester kanvas) Rulo Uzunlu\u011fu: 10 m Geni\u015flik: 1 m Katman kal\u0131nl\u0131\u011f\u0131: 5 mm A\u011f\u0131rl\u0131k: 51-53 kg Fiyatlar de\u011fi\u015febilir<\/p>\n","protected":false},"featured_media":10936,"comment_status":"open","ping_status":"closed","template":"","meta":{"_acf_changed":false},"brand":[802],"product_cat":[797],"product_tag":[],"class_list":{"0":"post-11089","1":"product","2":"type-product","3":"status-publish","4":"has-post-thumbnail","6":"brand-derwayys-tr","7":"product_cat-insaat-malzemeleri","9":"first","10":"instock","11":"shipping-taxable","12":"purchasable","13":"product-type-simple"},"acf":[],"_links":{"self":[{"href":"https:\/\/turkmenexporter.com\/tr\/wp-json\/wp\/v2\/product\/11089","targetHints":{"allow":["GET"]}}],"collection":[{"href":"https:\/\/turkmenexporter.com\/tr\/wp-json\/wp\/v2\/product"}],"about":[{"href":"https:\/\/turkmenexporter.com\/tr\/wp-json\/wp\/v2\/types\/product"}],"replies":[{"embeddable":true,"href":"https:\/\/turkmenexporter.com\/tr\/wp-json\/wp\/v2\/comments?post=11089"}],"version-history":[{"count":0,"href":"https:\/\/turkmenexporter.com\/tr\/wp-json\/wp\/v2\/product\/11089\/revisions"}],"wp:featuredmedia":[{"embeddable":true,"href":"https:\/\/turkmenexporter.com\/tr\/wp-json\/wp\/v2\/media\/10936"}],"wp:attachment":[{"href":"https:\/\/turkmenexporter.com\/tr\/wp-json\/wp\/v2\/media?parent=11089"}],"wp:term":[{"taxonomy":"brand","embeddable":true,"href":"https:\/\/turkmenexporter.com\/tr\/wp-json\/wp\/v2\/brand?post=11089"},{"taxonomy":"product_cat","embeddable":true,"href":"https:\/\/turkmenexporter.com\/tr\/wp-json\/wp\/v2\/product_cat?post=11089"},{"taxonomy":"product_tag","embeddable":true,"href":"https:\/\/turkmenexporter.com\/tr\/wp-json\/wp\/v2\/product_tag?post=11089"}],"curies":[{"name":"wp","href":"https:\/\/api.w.org\/{rel}","templated":true}]}}