{"id":11090,"date":"2024-09-26T00:07:19","date_gmt":"2024-09-25T19:07:19","guid":{"rendered":"https:\/\/turkmenexporter.com\/product\/aluminyum-folyo-4-mm-ile-su-yalitim-bitum-membrani\/"},"modified":"2024-09-26T00:07:19","modified_gmt":"2024-09-25T19:07:19","slug":"aluminyum-folyo-4-mm-ile-su-yalitim-bitum-membrani","status":"publish","type":"product","link":"https:\/\/turkmenexporter.com\/tr\/urun\/aluminyum-folyo-4-mm-ile-su-yalitim-bitum-membrani\/","title":{"rendered":"Al\u00fcminyum folyo 4 mm ile su yal\u0131t\u0131m bit\u00fcm membran\u0131"},"content":{"rendered":"<p>DERWAYYS P4000 AL (Al\u00fcminyum Folyo ile Polyester Kanvas) &#8211; UV Korumas\u0131 ile Geli\u015ftirilmi\u015f Dayan\u0131kl\u0131l\u0131k DERWAYYS P4000 AL, polyester kanvas ve al\u00fcminyum folyo ile g\u00fc\u00e7lendirilmi\u015f 4 mm kal\u0131nl\u0131\u011f\u0131nda bit\u00fcm tabakas\u0131 i\u00e7eren y\u00fcksek dayan\u0131kl\u0131l\u0131\u011fa sahip su yal\u0131t\u0131m uygulamalar\u0131 i\u00e7in tasarlanm\u0131\u015ft\u0131r. Bu kombinasyon \u00fcst\u00fcn su yal\u0131t\u0131m\u0131, esneklik ve \u0131s\u0131 yal\u0131t\u0131m\u0131 sa\u011flar. \u00dcr\u00fcn, do\u011frudan g\u00fcne\u015f \u0131\u015f\u0131\u011f\u0131na veya a\u015f\u0131r\u0131 hava ko\u015fullar\u0131na maruz kalan alanlar i\u00e7in \u00e7ok uygundur, bu da onu hem end\u00fcstriyel hem de ticari uygulamalar i\u00e7in m\u00fckemmel bir se\u00e7im haline getirir. Rulo Uzunlu\u011fu: 10 m Geni\u015flik: 1 m Tabaka Kal\u0131nl\u0131\u011f\u0131: 4 mm A\u011f\u0131rl\u0131k: 41-43 kg   <\/p>\n","protected":false},"excerpt":{"rendered":"<p>DERWAYYS P4000 AL (al\u00fcminyum folyolu polyester kanvas) Rulo Uzunlu\u011fu: 10 m Geni\u015flik: 1 m Katman kal\u0131nl\u0131\u011f\u0131: 4 mm A\u011f\u0131rl\u0131k: 41-43 kg Fiyatlar de\u011fi\u015febilir<\/p>\n","protected":false},"featured_media":10935,"comment_status":"open","ping_status":"closed","template":"","meta":{"_acf_changed":false},"brand":[802],"product_cat":[797],"product_tag":[852],"class_list":{"0":"post-11090","1":"product","2":"type-product","3":"status-publish","4":"has-post-thumbnail","6":"brand-derwayys-tr","7":"product_cat-insaat-malzemeleri","8":"product_tag-front-product-tr","10":"first","11":"instock","12":"shipping-taxable","13":"purchasable","14":"product-type-simple"},"acf":[],"_links":{"self":[{"href":"https:\/\/turkmenexporter.com\/tr\/wp-json\/wp\/v2\/product\/11090","targetHints":{"allow":["GET"]}}],"collection":[{"href":"https:\/\/turkmenexporter.com\/tr\/wp-json\/wp\/v2\/product"}],"about":[{"href":"https:\/\/turkmenexporter.com\/tr\/wp-json\/wp\/v2\/types\/product"}],"replies":[{"embeddable":true,"href":"https:\/\/turkmenexporter.com\/tr\/wp-json\/wp\/v2\/comments?post=11090"}],"version-history":[{"count":0,"href":"https:\/\/turkmenexporter.com\/tr\/wp-json\/wp\/v2\/product\/11090\/revisions"}],"wp:featuredmedia":[{"embeddable":true,"href":"https:\/\/turkmenexporter.com\/tr\/wp-json\/wp\/v2\/media\/10935"}],"wp:attachment":[{"href":"https:\/\/turkmenexporter.com\/tr\/wp-json\/wp\/v2\/media?parent=11090"}],"wp:term":[{"taxonomy":"brand","embeddable":true,"href":"https:\/\/turkmenexporter.com\/tr\/wp-json\/wp\/v2\/brand?post=11090"},{"taxonomy":"product_cat","embeddable":true,"href":"https:\/\/turkmenexporter.com\/tr\/wp-json\/wp\/v2\/product_cat?post=11090"},{"taxonomy":"product_tag","embeddable":true,"href":"https:\/\/turkmenexporter.com\/tr\/wp-json\/wp\/v2\/product_tag?post=11090"}],"curies":[{"name":"wp","href":"https:\/\/api.w.org\/{rel}","templated":true}]}}