{"id":11091,"date":"2024-09-26T00:06:58","date_gmt":"2024-09-25T19:06:58","guid":{"rendered":"https:\/\/turkmenexporter.com\/product\/bitumlu-su-yalitim-malzemeleri-izogam\/"},"modified":"2024-09-26T00:06:58","modified_gmt":"2024-09-25T19:06:58","slug":"bitumlu-su-yalitim-malzemeleri-izogam","status":"publish","type":"product","link":"https:\/\/turkmenexporter.com\/tr\/urun\/bitumlu-su-yalitim-malzemeleri-izogam\/","title":{"rendered":"Bit\u00fcml\u00fc su yal\u0131t\u0131m malzemeleri \u0130zogam"},"content":{"rendered":"<p>DERWAYYS C2000 (Fiberglas Kanvas) &#8211; Y\u00fcksek Kaliteli Bit\u00fcm Su Yal\u0131t\u0131m Malzemesi DERWAYYS C2000, in\u015faat yap\u0131lar\u0131n\u0131n nemden g\u00fcvenilir bir \u015fekilde korunmas\u0131 i\u00e7in \u00f6zel olarak tasarlanm\u0131\u015f, fiberglas kanvas ile g\u00fc\u00e7lendirilmi\u015f birinci s\u0131n\u0131f bir bit\u00fcm su yal\u0131t\u0131m malzemesidir. Dayan\u0131kl\u0131 fiberglas taban\u0131 ile bu malzeme y\u0131rt\u0131lmaya, hava ko\u015fullar\u0131na maruz kalmaya ve s\u0131cakl\u0131k dalgalanmalar\u0131na kar\u015f\u0131 m\u00fckemmel diren\u00e7 sa\u011flar. \u00c7at\u0131lar\u0131n, temellerin ve hem yer alt\u0131 hem de yer \u00fcst\u00fc yap\u0131lar\u0131n su yal\u0131t\u0131m\u0131 i\u00e7in idealdir ve uzun s\u00fcreli koruma ve s\u0131zd\u0131rmazl\u0131k sa\u011flar. DERWAYYS C2000, montaj kolayl\u0131\u011f\u0131, zorlu ortamlara dayan\u0131kl\u0131l\u0131\u011f\u0131 ve \u00e7e\u015fitli yap\u0131 y\u00fczeylerine \u00fcst\u00fcn yap\u0131\u015fma \u00f6zelli\u011fi ile \u00f6ne \u00e7\u0131kar. S\u0131k\u0131 kalite standartlar\u0131na uygun olan bu \u00fcr\u00fcn, profesyonel in\u015faat projeleri i\u00e7in m\u00fckemmel bir se\u00e7imdir. Rulo Uzunlu\u011fu: 10 m Geni\u015flik: 1 m Katman Kal\u0131nl\u0131\u011f\u0131: 2 mm A\u011f\u0131rl\u0131k: 31-33 kg     <\/p>\n","protected":false},"excerpt":{"rendered":"<p>DERWAYYS C2000 (fiberglas kanvas) Rulo Uzunlu\u011fu: 10 m Geni\u015flik: 1 m Katman kal\u0131nl\u0131\u011f\u0131: 2 mm A\u011f\u0131rl\u0131k: 31-33 kg Fiyatlar de\u011fi\u015febilir<\/p>\n","protected":false},"featured_media":10858,"comment_status":"open","ping_status":"closed","template":"","meta":{"_acf_changed":false},"brand":[802],"product_cat":[797],"product_tag":[],"class_list":{"0":"post-11091","1":"product","2":"type-product","3":"status-publish","4":"has-post-thumbnail","6":"brand-derwayys-tr","7":"product_cat-insaat-malzemeleri","9":"first","10":"instock","11":"shipping-taxable","12":"purchasable","13":"product-type-simple"},"acf":[],"_links":{"self":[{"href":"https:\/\/turkmenexporter.com\/tr\/wp-json\/wp\/v2\/product\/11091","targetHints":{"allow":["GET"]}}],"collection":[{"href":"https:\/\/turkmenexporter.com\/tr\/wp-json\/wp\/v2\/product"}],"about":[{"href":"https:\/\/turkmenexporter.com\/tr\/wp-json\/wp\/v2\/types\/product"}],"replies":[{"embeddable":true,"href":"https:\/\/turkmenexporter.com\/tr\/wp-json\/wp\/v2\/comments?post=11091"}],"version-history":[{"count":0,"href":"https:\/\/turkmenexporter.com\/tr\/wp-json\/wp\/v2\/product\/11091\/revisions"}],"wp:featuredmedia":[{"embeddable":true,"href":"https:\/\/turkmenexporter.com\/tr\/wp-json\/wp\/v2\/media\/10858"}],"wp:attachment":[{"href":"https:\/\/turkmenexporter.com\/tr\/wp-json\/wp\/v2\/media?parent=11091"}],"wp:term":[{"taxonomy":"brand","embeddable":true,"href":"https:\/\/turkmenexporter.com\/tr\/wp-json\/wp\/v2\/brand?post=11091"},{"taxonomy":"product_cat","embeddable":true,"href":"https:\/\/turkmenexporter.com\/tr\/wp-json\/wp\/v2\/product_cat?post=11091"},{"taxonomy":"product_tag","embeddable":true,"href":"https:\/\/turkmenexporter.com\/tr\/wp-json\/wp\/v2\/product_tag?post=11091"}],"curies":[{"name":"wp","href":"https:\/\/api.w.org\/{rel}","templated":true}]}}