{"id":11092,"date":"2024-09-26T00:07:18","date_gmt":"2024-09-25T19:07:18","guid":{"rendered":"https:\/\/turkmenexporter.com\/product\/haddelenmis-bitumlu-su-yalitim-membrani-3-mm\/"},"modified":"2024-09-26T00:07:18","modified_gmt":"2024-09-25T19:07:18","slug":"haddelenmis-bitumlu-su-yalitim-membrani-3-mm","status":"publish","type":"product","link":"https:\/\/turkmenexporter.com\/tr\/urun\/haddelenmis-bitumlu-su-yalitim-membrani-3-mm\/","title":{"rendered":"Haddelenmi\u015f bit\u00fcml\u00fc su yal\u0131t\u0131m membran\u0131 3 mm"},"content":{"rendered":"<p>DERWAYYS P3000 AL (Al\u00fcminyum Folyolu Polyester Kanvas) &#8211; Yal\u0131t\u0131ml\u0131 Esnek Su Yal\u0131t\u0131m\u0131 DERWAYYS P3000 AL, 3 mm bit\u00fcml\u00fc su yal\u0131t\u0131m katman\u0131n\u0131 polyester kanvas takviye ve al\u00fcminyum folyo y\u00fczey ile birle\u015ftirir. Bu \u00fcr\u00fcn, etkili UV ve termal koruma sa\u011flarken m\u00fckemmel esneklik ve y\u0131rt\u0131lma direnci sunar. \u00c7at\u0131 sistemleri ve a\u00e7\u0131kta kalan y\u00fczeyler i\u00e7in ideal olan polyester taban, kolay uygulama ve uzun \u00f6m\u00fcrl\u00fc performans sa\u011flar. Rulo Uzunlu\u011fu: 10 m Geni\u015flik: 1 m Tabaka Kal\u0131nl\u0131\u011f\u0131: 3 mm A\u011f\u0131rl\u0131k: 35-37 kg   <\/p>\n","protected":false},"excerpt":{"rendered":"<p>DERWAYYS P3000 AL (al\u00fcminyum folyolu polyester kanvas) Rulo Uzunlu\u011fu: 10 m Geni\u015flik: 1 m Katman kal\u0131nl\u0131\u011f\u0131: 3 mm A\u011f\u0131rl\u0131k: 35-37 kg Fiyatlar de\u011fi\u015febilir<\/p>\n","protected":false},"featured_media":10882,"comment_status":"open","ping_status":"closed","template":"","meta":{"_acf_changed":false},"brand":[802],"product_cat":[797],"product_tag":[],"class_list":{"0":"post-11092","1":"product","2":"type-product","3":"status-publish","4":"has-post-thumbnail","6":"brand-derwayys-tr","7":"product_cat-insaat-malzemeleri","9":"first","10":"instock","11":"shipping-taxable","12":"purchasable","13":"product-type-simple"},"acf":[],"_links":{"self":[{"href":"https:\/\/turkmenexporter.com\/tr\/wp-json\/wp\/v2\/product\/11092","targetHints":{"allow":["GET"]}}],"collection":[{"href":"https:\/\/turkmenexporter.com\/tr\/wp-json\/wp\/v2\/product"}],"about":[{"href":"https:\/\/turkmenexporter.com\/tr\/wp-json\/wp\/v2\/types\/product"}],"replies":[{"embeddable":true,"href":"https:\/\/turkmenexporter.com\/tr\/wp-json\/wp\/v2\/comments?post=11092"}],"version-history":[{"count":0,"href":"https:\/\/turkmenexporter.com\/tr\/wp-json\/wp\/v2\/product\/11092\/revisions"}],"wp:featuredmedia":[{"embeddable":true,"href":"https:\/\/turkmenexporter.com\/tr\/wp-json\/wp\/v2\/media\/10882"}],"wp:attachment":[{"href":"https:\/\/turkmenexporter.com\/tr\/wp-json\/wp\/v2\/media?parent=11092"}],"wp:term":[{"taxonomy":"brand","embeddable":true,"href":"https:\/\/turkmenexporter.com\/tr\/wp-json\/wp\/v2\/brand?post=11092"},{"taxonomy":"product_cat","embeddable":true,"href":"https:\/\/turkmenexporter.com\/tr\/wp-json\/wp\/v2\/product_cat?post=11092"},{"taxonomy":"product_tag","embeddable":true,"href":"https:\/\/turkmenexporter.com\/tr\/wp-json\/wp\/v2\/product_tag?post=11092"}],"curies":[{"name":"wp","href":"https:\/\/api.w.org\/{rel}","templated":true}]}}