{"id":11093,"date":"2024-09-26T00:07:16","date_gmt":"2024-09-25T19:07:16","guid":{"rendered":"https:\/\/turkmenexporter.com\/product\/haddelenmis-bitumlu-su-yalitim-membrani-2-mm\/"},"modified":"2024-09-26T00:07:16","modified_gmt":"2024-09-25T19:07:16","slug":"haddelenmis-bitumlu-su-yalitim-membrani-2-mm","status":"publish","type":"product","link":"https:\/\/turkmenexporter.com\/tr\/urun\/haddelenmis-bitumlu-su-yalitim-membrani-2-mm\/","title":{"rendered":"Haddelenmi\u015f bit\u00fcml\u00fc su yal\u0131t\u0131m membran\u0131 2 mm"},"content":{"rendered":"<p>DERWAYYS P2000 AL (Al\u00fcminyum Folyolu Polyester Kanvas) &#8211; Hafif Yal\u0131t\u0131ml\u0131 Su Yal\u0131t\u0131m\u0131 DERWAYYS P2000 AL, polyester kanvas\u0131n esnekli\u011fini al\u00fcminyum folyo tabakas\u0131yla birle\u015ftirerek \u0131s\u0131 yal\u0131t\u0131m\u0131 da sa\u011flayan 2 mm bit\u00fcml\u00fc bir su yal\u0131t\u0131m\u0131 \u00e7\u00f6z\u00fcm\u00fc sunar. Hafif in\u015faat veya g\u00fc\u00e7lendirme projeleri i\u00e7in ideal olan bu malzemenin kullan\u0131m\u0131 hem kolayd\u0131r hem de su ve UV \u0131\u015f\u0131nlar\u0131na kar\u015f\u0131 korumada olduk\u00e7a etkilidir. Rulo Uzunlu\u011fu: 10 m Geni\u015flik: 1 m Katman Kal\u0131nl\u0131\u011f\u0131: 2 mm A\u011f\u0131rl\u0131k: 31-33 kg  <\/p>\n","protected":false},"excerpt":{"rendered":"<p>DERWAYYS P2000 AL (al\u00fcminyum folyolu polyester kanvas) Rulo Uzunlu\u011fu: 10 m Geni\u015flik: 1 m Katman kal\u0131nl\u0131\u011f\u0131: 2 mm A\u011f\u0131rl\u0131k: 31-33 kg Fiyatlar de\u011fi\u015febilir<\/p>\n","protected":false},"featured_media":10876,"comment_status":"open","ping_status":"closed","template":"","meta":{"_acf_changed":false},"brand":[802],"product_cat":[797],"product_tag":[],"class_list":{"0":"post-11093","1":"product","2":"type-product","3":"status-publish","4":"has-post-thumbnail","6":"brand-derwayys-tr","7":"product_cat-insaat-malzemeleri","9":"first","10":"instock","11":"shipping-taxable","12":"purchasable","13":"product-type-simple"},"acf":[],"_links":{"self":[{"href":"https:\/\/turkmenexporter.com\/tr\/wp-json\/wp\/v2\/product\/11093","targetHints":{"allow":["GET"]}}],"collection":[{"href":"https:\/\/turkmenexporter.com\/tr\/wp-json\/wp\/v2\/product"}],"about":[{"href":"https:\/\/turkmenexporter.com\/tr\/wp-json\/wp\/v2\/types\/product"}],"replies":[{"embeddable":true,"href":"https:\/\/turkmenexporter.com\/tr\/wp-json\/wp\/v2\/comments?post=11093"}],"version-history":[{"count":0,"href":"https:\/\/turkmenexporter.com\/tr\/wp-json\/wp\/v2\/product\/11093\/revisions"}],"wp:featuredmedia":[{"embeddable":true,"href":"https:\/\/turkmenexporter.com\/tr\/wp-json\/wp\/v2\/media\/10876"}],"wp:attachment":[{"href":"https:\/\/turkmenexporter.com\/tr\/wp-json\/wp\/v2\/media?parent=11093"}],"wp:term":[{"taxonomy":"brand","embeddable":true,"href":"https:\/\/turkmenexporter.com\/tr\/wp-json\/wp\/v2\/brand?post=11093"},{"taxonomy":"product_cat","embeddable":true,"href":"https:\/\/turkmenexporter.com\/tr\/wp-json\/wp\/v2\/product_cat?post=11093"},{"taxonomy":"product_tag","embeddable":true,"href":"https:\/\/turkmenexporter.com\/tr\/wp-json\/wp\/v2\/product_tag?post=11093"}],"curies":[{"name":"wp","href":"https:\/\/api.w.org\/{rel}","templated":true}]}}