{"id":11094,"date":"2024-09-26T00:07:15","date_gmt":"2024-09-25T19:07:15","guid":{"rendered":"https:\/\/turkmenexporter.com\/product\/haddelenmis-bitumlu-su-yalitim-membrani-5-mm\/"},"modified":"2024-09-26T00:07:15","modified_gmt":"2024-09-25T19:07:15","slug":"haddelenmis-bitumlu-su-yalitim-membrani-5-mm","status":"publish","type":"product","link":"https:\/\/turkmenexporter.com\/tr\/urun\/haddelenmis-bitumlu-su-yalitim-membrani-5-mm\/","title":{"rendered":"Haddelenmi\u015f bit\u00fcml\u00fc su yal\u0131t\u0131m membran\u0131 5 mm"},"content":{"rendered":"<p>DERWAYYS C5000 AL (Al\u00fcminyum Folyo ile Fiberglas Kanvas) &#8211; Kritik Tesisatlar i\u00e7in Maksimum Koruma DERWAYYS C5000 AL, fiberglas kanvas ve al\u00fcminyum folyo ile g\u00fc\u00e7lendirilmi\u015f 5 mm kal\u0131nl\u0131\u011f\u0131nda bir su yal\u0131t\u0131m katman\u0131 sunar. Bu \u00fcr\u00fcn, hem su yal\u0131t\u0131m\u0131 hem de \u0131s\u0131 yal\u0131t\u0131m\u0131 gerektiren kritik in\u015faat projeleri i\u00e7in tasarlanm\u0131\u015ft\u0131r. Al\u00fcminyum folyo katman\u0131 \u0131s\u0131 ve \u0131\u015f\u0131\u011f\u0131 yans\u0131tarak a\u00e7\u0131kta kalan veya y\u00fcksek s\u0131cakl\u0131ktaki ortamlarda ek koruma sa\u011flarken, 5 mm kal\u0131nl\u0131k en y\u00fcksek d\u00fczeyde su direncini garanti eder. Rulo Uzunlu\u011fu: 10 m Geni\u015flik: 1 m Katman Kal\u0131nl\u0131\u011f\u0131: 5 mm A\u011f\u0131rl\u0131k: 51-53 kg   <\/p>\n","protected":false},"excerpt":{"rendered":"<p>DERWAYYS C5000 AL (al\u00fcminyum folyolu fiberglas kanvas) Rulo Uzunlu\u011fu: 10 m Geni\u015flik: 1 m Katman kal\u0131nl\u0131\u011f\u0131: 5 mm A\u011f\u0131rl\u0131k: 51-53 kg Fiyatlar de\u011fi\u015febilir<\/p>\n","protected":false},"featured_media":10888,"comment_status":"open","ping_status":"closed","template":"","meta":{"_acf_changed":false},"brand":[802],"product_cat":[797],"product_tag":[],"class_list":{"0":"post-11094","1":"product","2":"type-product","3":"status-publish","4":"has-post-thumbnail","6":"brand-derwayys-tr","7":"product_cat-insaat-malzemeleri","9":"first","10":"instock","11":"shipping-taxable","12":"purchasable","13":"product-type-simple"},"acf":[],"_links":{"self":[{"href":"https:\/\/turkmenexporter.com\/tr\/wp-json\/wp\/v2\/product\/11094","targetHints":{"allow":["GET"]}}],"collection":[{"href":"https:\/\/turkmenexporter.com\/tr\/wp-json\/wp\/v2\/product"}],"about":[{"href":"https:\/\/turkmenexporter.com\/tr\/wp-json\/wp\/v2\/types\/product"}],"replies":[{"embeddable":true,"href":"https:\/\/turkmenexporter.com\/tr\/wp-json\/wp\/v2\/comments?post=11094"}],"version-history":[{"count":0,"href":"https:\/\/turkmenexporter.com\/tr\/wp-json\/wp\/v2\/product\/11094\/revisions"}],"wp:featuredmedia":[{"embeddable":true,"href":"https:\/\/turkmenexporter.com\/tr\/wp-json\/wp\/v2\/media\/10888"}],"wp:attachment":[{"href":"https:\/\/turkmenexporter.com\/tr\/wp-json\/wp\/v2\/media?parent=11094"}],"wp:term":[{"taxonomy":"brand","embeddable":true,"href":"https:\/\/turkmenexporter.com\/tr\/wp-json\/wp\/v2\/brand?post=11094"},{"taxonomy":"product_cat","embeddable":true,"href":"https:\/\/turkmenexporter.com\/tr\/wp-json\/wp\/v2\/product_cat?post=11094"},{"taxonomy":"product_tag","embeddable":true,"href":"https:\/\/turkmenexporter.com\/tr\/wp-json\/wp\/v2\/product_tag?post=11094"}],"curies":[{"name":"wp","href":"https:\/\/api.w.org\/{rel}","templated":true}]}}