{"id":11095,"date":"2024-09-26T00:07:14","date_gmt":"2024-09-25T19:07:14","guid":{"rendered":"https:\/\/turkmenexporter.com\/product\/haddelenmis-su-yalitim-bitumlu-membran-cati-kaplama-membrani-4-mm\/"},"modified":"2024-09-26T00:07:14","modified_gmt":"2024-09-25T19:07:14","slug":"haddelenmis-su-yalitim-bitumlu-membran-cati-kaplama-membrani-4-mm","status":"publish","type":"product","link":"https:\/\/turkmenexporter.com\/tr\/urun\/haddelenmis-su-yalitim-bitumlu-membran-cati-kaplama-membrani-4-mm\/","title":{"rendered":"Haddelenmi\u015f su yal\u0131t\u0131m bit\u00fcml\u00fc membran \u00e7at\u0131 kaplama membran\u0131 4 mm"},"content":{"rendered":"<p>DERWAYYS C4000 AL (Al\u00fcminyum Folyolu Fiberglas Kanvas) &#8211; Y\u00fcksek Performansl\u0131 Yal\u0131t\u0131ml\u0131 Su Yal\u0131t\u0131m\u0131 DERWAYYS C4000 AL, fiberglas kanvas ile g\u00fc\u00e7lendirilmi\u015f ve \u00fcst\u00fcn koruma i\u00e7in al\u00fcminyum folyo ile kaplanm\u0131\u015f 4 mm kal\u0131nl\u0131\u011f\u0131nda bir bit\u00fcm tabakas\u0131na sahiptir. Bu kombinasyon m\u00fckemmel su yal\u0131t\u0131m\u0131 sa\u011flar ve UV \u0131\u015f\u0131nlar\u0131n\u0131 yans\u0131tarak a\u00e7\u0131k \u00e7at\u0131 sistemleri i\u00e7in idealdir. \u00dcr\u00fcn\u00fcn dayan\u0131kl\u0131l\u0131\u011f\u0131 ve y\u0131rt\u0131lma direnci, zorlu ko\u015fullarda bile g\u00fcvenilir performans sa\u011flayarak end\u00fcstriyel \u00e7at\u0131lar ve trafi\u011fin yo\u011fun oldu\u011fu alanlar i\u00e7in m\u00fckemmeldir. Rulo Uzunlu\u011fu: 10 m Geni\u015flik: 1 m Katman Kal\u0131nl\u0131\u011f\u0131: 4 mm A\u011f\u0131rl\u0131k: 41-43 kg   <\/p>\n","protected":false},"excerpt":{"rendered":"<p>DERWAYYS C4000 AL (al\u00fcminyum folyo ile fiberglas kanvas) Rulo Uzunlu\u011fu: 10 m Geni\u015flik: 1 m Katman kal\u0131nl\u0131\u011f\u0131: 4 mm A\u011f\u0131rl\u0131k: 41-43 kg Fiyatlar de\u011fi\u015febilir<\/p>\n","protected":false},"featured_media":10906,"comment_status":"open","ping_status":"closed","template":"","meta":{"_acf_changed":false},"brand":[802],"product_cat":[797],"product_tag":[],"class_list":{"0":"post-11095","1":"product","2":"type-product","3":"status-publish","4":"has-post-thumbnail","6":"brand-derwayys-tr","7":"product_cat-insaat-malzemeleri","9":"first","10":"instock","11":"shipping-taxable","12":"purchasable","13":"product-type-simple"},"acf":[],"_links":{"self":[{"href":"https:\/\/turkmenexporter.com\/tr\/wp-json\/wp\/v2\/product\/11095","targetHints":{"allow":["GET"]}}],"collection":[{"href":"https:\/\/turkmenexporter.com\/tr\/wp-json\/wp\/v2\/product"}],"about":[{"href":"https:\/\/turkmenexporter.com\/tr\/wp-json\/wp\/v2\/types\/product"}],"replies":[{"embeddable":true,"href":"https:\/\/turkmenexporter.com\/tr\/wp-json\/wp\/v2\/comments?post=11095"}],"version-history":[{"count":0,"href":"https:\/\/turkmenexporter.com\/tr\/wp-json\/wp\/v2\/product\/11095\/revisions"}],"wp:featuredmedia":[{"embeddable":true,"href":"https:\/\/turkmenexporter.com\/tr\/wp-json\/wp\/v2\/media\/10906"}],"wp:attachment":[{"href":"https:\/\/turkmenexporter.com\/tr\/wp-json\/wp\/v2\/media?parent=11095"}],"wp:term":[{"taxonomy":"brand","embeddable":true,"href":"https:\/\/turkmenexporter.com\/tr\/wp-json\/wp\/v2\/brand?post=11095"},{"taxonomy":"product_cat","embeddable":true,"href":"https:\/\/turkmenexporter.com\/tr\/wp-json\/wp\/v2\/product_cat?post=11095"},{"taxonomy":"product_tag","embeddable":true,"href":"https:\/\/turkmenexporter.com\/tr\/wp-json\/wp\/v2\/product_tag?post=11095"}],"curies":[{"name":"wp","href":"https:\/\/api.w.org\/{rel}","templated":true}]}}