{"id":11096,"date":"2024-09-26T00:07:13","date_gmt":"2024-09-25T19:07:13","guid":{"rendered":"https:\/\/turkmenexporter.com\/product\/cati-kaplamasi-icin-haddelenmis-su-yalitim-bitum-membrani\/"},"modified":"2024-09-26T00:07:13","modified_gmt":"2024-09-25T19:07:13","slug":"cati-kaplamasi-icin-haddelenmis-su-yalitim-bitum-membrani","status":"publish","type":"product","link":"https:\/\/turkmenexporter.com\/tr\/urun\/cati-kaplamasi-icin-haddelenmis-su-yalitim-bitum-membrani\/","title":{"rendered":"\u00c7at\u0131 kaplamas\u0131 i\u00e7in haddelenmi\u015f su yal\u0131t\u0131m bit\u00fcm membran\u0131"},"content":{"rendered":"<p>DERWAYYS C3000 AL (Al\u00fcminyum Folyolu Fiberglas Branda) &#8211; Geli\u015ftirilmi\u015f UV ve Su Korumas\u0131 3 mm kal\u0131nl\u0131\u011f\u0131nda bit\u00fcm tabakas\u0131 ve al\u00fcminyum folyo ile DERWAYYS C3000 AL \u00fcst\u00fcn su yal\u0131t\u0131m\u0131 ve yans\u0131t\u0131c\u0131 yal\u0131t\u0131m sa\u011flar. Bu \u00fcr\u00fcn d\u00fcz ve e\u011fimli \u00e7at\u0131lar i\u00e7in m\u00fckemmeldir, hem neme hem de s\u0131cakl\u0131k de\u011fi\u015fimlerine kar\u015f\u0131 m\u00fckemmel diren\u00e7 sunarak uzun vadeli yap\u0131sal b\u00fct\u00fcnl\u00fck sa\u011flar. Rulo Uzunlu\u011fu: 10 m Geni\u015flik: 1 m Katman Kal\u0131nl\u0131\u011f\u0131: 3 mm A\u011f\u0131rl\u0131k: 35-37 kg  <\/p>\n","protected":false},"excerpt":{"rendered":"<p>DERWAYYS C3000 AL (al\u00fcminyum folyolu fiberglas kanvas) Rulo Uzunlu\u011fu: 10 m Geni\u015flik: 1 m Tabaka kal\u0131nl\u0131\u011f\u0131: 3 mm A\u011f\u0131rl\u0131k: 35-37 kg Fiyatlar de\u011fi\u015febilir<\/p>\n","protected":false},"featured_media":10900,"comment_status":"open","ping_status":"closed","template":"","meta":{"_acf_changed":false},"brand":[802],"product_cat":[797],"product_tag":[],"class_list":{"0":"post-11096","1":"product","2":"type-product","3":"status-publish","4":"has-post-thumbnail","6":"brand-derwayys-tr","7":"product_cat-insaat-malzemeleri","9":"first","10":"instock","11":"shipping-taxable","12":"purchasable","13":"product-type-simple"},"acf":[],"_links":{"self":[{"href":"https:\/\/turkmenexporter.com\/tr\/wp-json\/wp\/v2\/product\/11096","targetHints":{"allow":["GET"]}}],"collection":[{"href":"https:\/\/turkmenexporter.com\/tr\/wp-json\/wp\/v2\/product"}],"about":[{"href":"https:\/\/turkmenexporter.com\/tr\/wp-json\/wp\/v2\/types\/product"}],"replies":[{"embeddable":true,"href":"https:\/\/turkmenexporter.com\/tr\/wp-json\/wp\/v2\/comments?post=11096"}],"version-history":[{"count":0,"href":"https:\/\/turkmenexporter.com\/tr\/wp-json\/wp\/v2\/product\/11096\/revisions"}],"wp:featuredmedia":[{"embeddable":true,"href":"https:\/\/turkmenexporter.com\/tr\/wp-json\/wp\/v2\/media\/10900"}],"wp:attachment":[{"href":"https:\/\/turkmenexporter.com\/tr\/wp-json\/wp\/v2\/media?parent=11096"}],"wp:term":[{"taxonomy":"brand","embeddable":true,"href":"https:\/\/turkmenexporter.com\/tr\/wp-json\/wp\/v2\/brand?post=11096"},{"taxonomy":"product_cat","embeddable":true,"href":"https:\/\/turkmenexporter.com\/tr\/wp-json\/wp\/v2\/product_cat?post=11096"},{"taxonomy":"product_tag","embeddable":true,"href":"https:\/\/turkmenexporter.com\/tr\/wp-json\/wp\/v2\/product_tag?post=11096"}],"curies":[{"name":"wp","href":"https:\/\/api.w.org\/{rel}","templated":true}]}}