{"id":11097,"date":"2024-09-26T00:07:11","date_gmt":"2024-09-25T19:07:11","guid":{"rendered":"https:\/\/turkmenexporter.com\/product\/aluminyum-folyo-ile-su-yalitim-bitum-membrani\/"},"modified":"2024-09-26T00:07:11","modified_gmt":"2024-09-25T19:07:11","slug":"aluminyum-folyo-ile-su-yalitim-bitum-membrani","status":"publish","type":"product","link":"https:\/\/turkmenexporter.com\/tr\/urun\/aluminyum-folyo-ile-su-yalitim-bitum-membrani\/","title":{"rendered":"Al\u00fcminyum folyo ile su yal\u0131t\u0131m bit\u00fcm membran\u0131"},"content":{"rendered":"<p>DERWAYYS C2000 AL (Al\u00fcminyum Folyolu Fiberglas Kanvas) &#8211; Yans\u0131t\u0131c\u0131 Su Yal\u0131t\u0131m\u0131 DERWAYYS C2000 AL, fiberglas taban ile al\u00fcminyum folyo tabakas\u0131n\u0131 birle\u015ftirerek suya ve UV radyasyonuna kar\u015f\u0131 \u00e7ift koruma sa\u011flar. 2 mm bit\u00fcm tabakas\u0131 su yal\u0131t\u0131m\u0131 sa\u011flarken, al\u00fcminyum folyo \u0131s\u0131 ve g\u00fcne\u015f \u0131\u015f\u0131\u011f\u0131n\u0131 yans\u0131tarak \u0131s\u0131 yal\u0131t\u0131m\u0131n\u0131n \u00f6nemli oldu\u011fu a\u00e7\u0131k \u00e7at\u0131 sistemleri i\u00e7in idealdir. Rulo Uzunlu\u011fu: 10 m Geni\u015flik: 1 m Katman Kal\u0131nl\u0131\u011f\u0131: 2 mm A\u011f\u0131rl\u0131k: 31-33 kg  <\/p>\n","protected":false},"excerpt":{"rendered":"<p>DERWAYYS C2000 AL (al\u00fcminyum folyolu fiberglas kanvas) Rulo Uzunlu\u011fu: 10 m Geni\u015flik: 1 m Katman kal\u0131nl\u0131\u011f\u0131: 2 mm A\u011f\u0131rl\u0131k: 31-33 kg Fiyatlar de\u011fi\u015febilir<\/p>\n","protected":false},"featured_media":10942,"comment_status":"open","ping_status":"closed","template":"","meta":{"_acf_changed":false},"brand":[802],"product_cat":[797],"product_tag":[],"class_list":{"0":"post-11097","1":"product","2":"type-product","3":"status-publish","4":"has-post-thumbnail","6":"brand-derwayys-tr","7":"product_cat-insaat-malzemeleri","9":"first","10":"instock","11":"shipping-taxable","12":"purchasable","13":"product-type-simple"},"acf":[],"_links":{"self":[{"href":"https:\/\/turkmenexporter.com\/tr\/wp-json\/wp\/v2\/product\/11097","targetHints":{"allow":["GET"]}}],"collection":[{"href":"https:\/\/turkmenexporter.com\/tr\/wp-json\/wp\/v2\/product"}],"about":[{"href":"https:\/\/turkmenexporter.com\/tr\/wp-json\/wp\/v2\/types\/product"}],"replies":[{"embeddable":true,"href":"https:\/\/turkmenexporter.com\/tr\/wp-json\/wp\/v2\/comments?post=11097"}],"version-history":[{"count":0,"href":"https:\/\/turkmenexporter.com\/tr\/wp-json\/wp\/v2\/product\/11097\/revisions"}],"wp:featuredmedia":[{"embeddable":true,"href":"https:\/\/turkmenexporter.com\/tr\/wp-json\/wp\/v2\/media\/10942"}],"wp:attachment":[{"href":"https:\/\/turkmenexporter.com\/tr\/wp-json\/wp\/v2\/media?parent=11097"}],"wp:term":[{"taxonomy":"brand","embeddable":true,"href":"https:\/\/turkmenexporter.com\/tr\/wp-json\/wp\/v2\/brand?post=11097"},{"taxonomy":"product_cat","embeddable":true,"href":"https:\/\/turkmenexporter.com\/tr\/wp-json\/wp\/v2\/product_cat?post=11097"},{"taxonomy":"product_tag","embeddable":true,"href":"https:\/\/turkmenexporter.com\/tr\/wp-json\/wp\/v2\/product_tag?post=11097"}],"curies":[{"name":"wp","href":"https:\/\/api.w.org\/{rel}","templated":true}]}}