{"id":11098,"date":"2024-09-26T00:07:10","date_gmt":"2024-09-25T19:07:10","guid":{"rendered":"https:\/\/turkmenexporter.com\/product\/su-yalitim-bitum-membrani\/"},"modified":"2024-09-26T00:07:10","modified_gmt":"2024-09-25T19:07:10","slug":"su-yalitim-bitum-membrani","status":"publish","type":"product","link":"https:\/\/turkmenexporter.com\/tr\/urun\/su-yalitim-bitum-membrani\/","title":{"rendered":"Su yal\u0131t\u0131m bit\u00fcm membran\u0131"},"content":{"rendered":"<p>DERWAYYS P5000 (Polyester Branda) &#8211; A\u011f\u0131r Hizmet Su Yal\u0131t\u0131m\u0131 i\u00e7in \u00dcst\u00fcn Mukavemet Maksimum su direnci ve mekanik mukavemet gerektiren projeler i\u00e7in DERWAYYS P5000, 5 mm kal\u0131nl\u0131\u011f\u0131nda bir su yal\u0131t\u0131m katman\u0131 sunar. Polyester kanvas esneklik ve dayan\u0131kl\u0131l\u0131k sa\u011flarken, a\u011f\u0131r hizmet tipi bit\u00fcm tabakas\u0131 bodrumlar, t\u00fcneller ve yo\u011fun trafikli \u00e7at\u0131lar gibi y\u00fcksek riskli alanlar i\u00e7in sa\u011flam koruma sa\u011flar. Rulo Uzunlu\u011fu: 10 m Geni\u015flik: 1 m Katman Kal\u0131nl\u0131\u011f\u0131: 5 mm A\u011f\u0131rl\u0131k: 51-53 kg  <\/p>\n","protected":false},"excerpt":{"rendered":"<p>DERWAYYS P5000 (polyester kanvas) Rulo Uzunlu\u011fu: 10 m Geni\u015flik: 1 m Katman kal\u0131nl\u0131\u011f\u0131: 5 mm A\u011f\u0131rl\u0131k: 51-53 kg Fiyatlar de\u011fi\u015febilir<\/p>\n","protected":false},"featured_media":10948,"comment_status":"open","ping_status":"closed","template":"","meta":{"_acf_changed":false},"brand":[802],"product_cat":[797],"product_tag":[],"class_list":{"0":"post-11098","1":"product","2":"type-product","3":"status-publish","4":"has-post-thumbnail","6":"brand-derwayys-tr","7":"product_cat-insaat-malzemeleri","9":"first","10":"instock","11":"shipping-taxable","12":"purchasable","13":"product-type-simple"},"acf":[],"_links":{"self":[{"href":"https:\/\/turkmenexporter.com\/tr\/wp-json\/wp\/v2\/product\/11098","targetHints":{"allow":["GET"]}}],"collection":[{"href":"https:\/\/turkmenexporter.com\/tr\/wp-json\/wp\/v2\/product"}],"about":[{"href":"https:\/\/turkmenexporter.com\/tr\/wp-json\/wp\/v2\/types\/product"}],"replies":[{"embeddable":true,"href":"https:\/\/turkmenexporter.com\/tr\/wp-json\/wp\/v2\/comments?post=11098"}],"version-history":[{"count":0,"href":"https:\/\/turkmenexporter.com\/tr\/wp-json\/wp\/v2\/product\/11098\/revisions"}],"wp:featuredmedia":[{"embeddable":true,"href":"https:\/\/turkmenexporter.com\/tr\/wp-json\/wp\/v2\/media\/10948"}],"wp:attachment":[{"href":"https:\/\/turkmenexporter.com\/tr\/wp-json\/wp\/v2\/media?parent=11098"}],"wp:term":[{"taxonomy":"brand","embeddable":true,"href":"https:\/\/turkmenexporter.com\/tr\/wp-json\/wp\/v2\/brand?post=11098"},{"taxonomy":"product_cat","embeddable":true,"href":"https:\/\/turkmenexporter.com\/tr\/wp-json\/wp\/v2\/product_cat?post=11098"},{"taxonomy":"product_tag","embeddable":true,"href":"https:\/\/turkmenexporter.com\/tr\/wp-json\/wp\/v2\/product_tag?post=11098"}],"curies":[{"name":"wp","href":"https:\/\/api.w.org\/{rel}","templated":true}]}}