{"id":11099,"date":"2024-09-26T00:07:09","date_gmt":"2024-09-25T19:07:09","guid":{"rendered":"https:\/\/turkmenexporter.com\/product\/haddelenmis-bitumlu-su-yalitim-membrani\/"},"modified":"2024-09-26T00:07:09","modified_gmt":"2024-09-25T19:07:09","slug":"haddelenmis-bitumlu-su-yalitim-membrani","status":"publish","type":"product","link":"https:\/\/turkmenexporter.com\/tr\/urun\/haddelenmis-bitumlu-su-yalitim-membrani\/","title":{"rendered":"Haddelenmi\u015f bit\u00fcml\u00fc su yal\u0131t\u0131m membran\u0131"},"content":{"rendered":"<p>DERWAYYS P4000 (Polyester Kanvas) &#8211; Karma\u015f\u0131k Uygulamalar i\u00e7in G\u00fc\u00e7lendirilmi\u015f Su Yal\u0131t\u0131m\u0131 DERWAYYS P4000, dayan\u0131kl\u0131 polyester kanvas ile g\u00fc\u00e7lendirilmi\u015f 4 mm bit\u00fcm tabakas\u0131na sahiptir ve s\u00fcrekli suya veya bas\u0131nca maruz kalan alanlar i\u00e7in \u00fcst d\u00fczey koruma sa\u011flar. Bu \u00fcr\u00fcn, hem mekanik strese hem de \u00e7evresel etkilere dayanacak \u015fekilde tasarlanm\u0131\u015ft\u0131r ve b\u00fcy\u00fck \u00f6l\u00e7ekli end\u00fcstriyel veya in\u015faat m\u00fchendisli\u011fi projeleri i\u00e7in etkili su yal\u0131t\u0131m\u0131 sa\u011flar. Rulo Uzunlu\u011fu: 10 m Geni\u015flik: 1 m Tabaka Kal\u0131nl\u0131\u011f\u0131: 4 mm A\u011f\u0131rl\u0131k: 41-43 kg  <\/p>\n","protected":false},"excerpt":{"rendered":"<p>DERWAYYS P4000 (polyester kanvas) Rulo Uzunluk: 10 m Geni\u015flik: 1 m Tabaka kal\u0131nl\u0131\u011f\u0131: 4 mm A\u011f\u0131rl\u0131k: 41-43 kg Fiyatlar de\u011fi\u015febilir<\/p>\n","protected":false},"featured_media":10894,"comment_status":"open","ping_status":"closed","template":"","meta":{"_acf_changed":false},"brand":[802],"product_cat":[797],"product_tag":[],"class_list":{"0":"post-11099","1":"product","2":"type-product","3":"status-publish","4":"has-post-thumbnail","6":"brand-derwayys-tr","7":"product_cat-insaat-malzemeleri","9":"first","10":"instock","11":"shipping-taxable","12":"purchasable","13":"product-type-simple"},"acf":[],"_links":{"self":[{"href":"https:\/\/turkmenexporter.com\/tr\/wp-json\/wp\/v2\/product\/11099","targetHints":{"allow":["GET"]}}],"collection":[{"href":"https:\/\/turkmenexporter.com\/tr\/wp-json\/wp\/v2\/product"}],"about":[{"href":"https:\/\/turkmenexporter.com\/tr\/wp-json\/wp\/v2\/types\/product"}],"replies":[{"embeddable":true,"href":"https:\/\/turkmenexporter.com\/tr\/wp-json\/wp\/v2\/comments?post=11099"}],"version-history":[{"count":0,"href":"https:\/\/turkmenexporter.com\/tr\/wp-json\/wp\/v2\/product\/11099\/revisions"}],"wp:featuredmedia":[{"embeddable":true,"href":"https:\/\/turkmenexporter.com\/tr\/wp-json\/wp\/v2\/media\/10894"}],"wp:attachment":[{"href":"https:\/\/turkmenexporter.com\/tr\/wp-json\/wp\/v2\/media?parent=11099"}],"wp:term":[{"taxonomy":"brand","embeddable":true,"href":"https:\/\/turkmenexporter.com\/tr\/wp-json\/wp\/v2\/brand?post=11099"},{"taxonomy":"product_cat","embeddable":true,"href":"https:\/\/turkmenexporter.com\/tr\/wp-json\/wp\/v2\/product_cat?post=11099"},{"taxonomy":"product_tag","embeddable":true,"href":"https:\/\/turkmenexporter.com\/tr\/wp-json\/wp\/v2\/product_tag?post=11099"}],"curies":[{"name":"wp","href":"https:\/\/api.w.org\/{rel}","templated":true}]}}