{"id":11100,"date":"2024-09-26T00:07:08","date_gmt":"2024-09-25T19:07:08","guid":{"rendered":"https:\/\/turkmenexporter.com\/product\/isogam-rulo-cati-kaplama-ve-su-yalitim-malzemesi\/"},"modified":"2026-03-01T05:42:07","modified_gmt":"2026-03-01T00:42:07","slug":"isogam-rulo-cati-kaplama-ve-su-yalitim-malzemesi","status":"publish","type":"product","link":"https:\/\/turkmenexporter.com\/tr\/urun\/isogam-rulo-cati-kaplama-ve-su-yalitim-malzemesi\/","title":{"rendered":"Isogam rulo \u00e7at\u0131 kaplama ve su yal\u0131t\u0131m malzemesi"},"content":{"rendered":"<p>DERWAYYS P3000 (Polyester Branda) &#8211; Esnek ve Dayan\u0131kl\u0131 Su Yal\u0131t\u0131m\u0131 3 mm bit\u00fcm tabakas\u0131 ve polyester takviye ile tasarlanan DERWAYYS P3000, esneklik ve dayan\u0131kl\u0131l\u0131k aras\u0131nda bir denge sunar. \u00c7ok y\u00f6nl\u00fcl\u00fc\u011f\u00fc, esneklik ve y\u0131rt\u0131lma direncinin \u00f6nemli oldu\u011fu hem \u00e7at\u0131 hem de temel uygulamalar\u0131 i\u00e7in uygun olmas\u0131n\u0131 sa\u011flar. Polyester taban m\u00fckemmel yap\u0131\u015fma ve dayan\u0131kl\u0131l\u0131k sa\u011flayarak bu \u00fcr\u00fcn\u00fc uzun s\u00fcreli su yal\u0131t\u0131m\u0131 i\u00e7in ideal hale getirir. Rulo Uzunlu\u011fu: 10 m Geni\u015flik: 1 m Katman Kal\u0131nl\u0131\u011f\u0131: 3 mm A\u011f\u0131rl\u0131k: 35-37 kg   <\/p>\n","protected":false},"excerpt":{"rendered":"<p>DERWAYYS P3000 (polyester kanvas) Rulo Uzunluk: 10 m Geni\u015flik: 1 m Katman kal\u0131nl\u0131\u011f\u0131: 3 mm A\u011f\u0131rl\u0131k: 35-37 kg Fiyatlar de\u011fi\u015febilir<\/p>\n","protected":false},"featured_media":10870,"comment_status":"open","ping_status":"closed","template":"","meta":{"_acf_changed":false},"brand":[802],"product_cat":[797],"product_tag":[],"class_list":{"0":"post-11100","1":"product","2":"type-product","3":"status-publish","4":"has-post-thumbnail","6":"brand-derwayys-tr","7":"product_cat-insaat-malzemeleri","9":"first","10":"instock","11":"shipping-taxable","12":"purchasable","13":"product-type-simple"},"acf":[],"_links":{"self":[{"href":"https:\/\/turkmenexporter.com\/tr\/wp-json\/wp\/v2\/product\/11100","targetHints":{"allow":["GET"]}}],"collection":[{"href":"https:\/\/turkmenexporter.com\/tr\/wp-json\/wp\/v2\/product"}],"about":[{"href":"https:\/\/turkmenexporter.com\/tr\/wp-json\/wp\/v2\/types\/product"}],"replies":[{"embeddable":true,"href":"https:\/\/turkmenexporter.com\/tr\/wp-json\/wp\/v2\/comments?post=11100"}],"version-history":[{"count":0,"href":"https:\/\/turkmenexporter.com\/tr\/wp-json\/wp\/v2\/product\/11100\/revisions"}],"wp:featuredmedia":[{"embeddable":true,"href":"https:\/\/turkmenexporter.com\/tr\/wp-json\/wp\/v2\/media\/10870"}],"wp:attachment":[{"href":"https:\/\/turkmenexporter.com\/tr\/wp-json\/wp\/v2\/media?parent=11100"}],"wp:term":[{"taxonomy":"brand","embeddable":true,"href":"https:\/\/turkmenexporter.com\/tr\/wp-json\/wp\/v2\/brand?post=11100"},{"taxonomy":"product_cat","embeddable":true,"href":"https:\/\/turkmenexporter.com\/tr\/wp-json\/wp\/v2\/product_cat?post=11100"},{"taxonomy":"product_tag","embeddable":true,"href":"https:\/\/turkmenexporter.com\/tr\/wp-json\/wp\/v2\/product_tag?post=11100"}],"curies":[{"name":"wp","href":"https:\/\/api.w.org\/{rel}","templated":true}]}}