{"id":11101,"date":"2024-09-26T00:07:07","date_gmt":"2024-09-25T19:07:07","guid":{"rendered":"https:\/\/turkmenexporter.com\/product\/turkmenistandan-toptan-su-yalitim-izogami\/"},"modified":"2024-09-26T00:07:07","modified_gmt":"2024-09-25T19:07:07","slug":"turkmenistandan-toptan-su-yalitim-izogami","status":"publish","type":"product","link":"https:\/\/turkmenexporter.com\/tr\/urun\/turkmenistandan-toptan-su-yalitim-izogami\/","title":{"rendered":"T\u00fcrkmenistan&#8217;dan toptan su yal\u0131t\u0131m izogam\u0131"},"content":{"rendered":"<p>DERWAYYS P2000 (Polyester Kanvas) &#8211; Hafif, Esnek Su Yal\u0131t\u0131m\u0131 DERWAYYS P2000, 2 mm kal\u0131nl\u0131\u011f\u0131nda bir su yal\u0131t\u0131m tabakas\u0131 ile esneklik sunan bir polyester kanvas takviye kullan\u0131r. Bu, su direncinden \u00f6d\u00fcn vermeden kavisli veya d\u00fczensiz y\u00fczeyler gibi uyarlanabilirlik gerektiren y\u00fczeyler i\u00e7in idealdir. Hafif yap\u0131s\u0131, performanstan \u00f6d\u00fcn vermeden daha kolay kullan\u0131m ve kurulum sa\u011flar. Rulo Uzunlu\u011fu: 10 m Geni\u015flik: 1 m Katman Kal\u0131nl\u0131\u011f\u0131: 2 mm A\u011f\u0131rl\u0131k: 31-33 kg   <\/p>\n","protected":false},"excerpt":{"rendered":"<p>DERWAYYS P2000 (polyester kanvas) Rulo Uzunluk: 10 m Geni\u015flik: 1 m Katman kal\u0131nl\u0131\u011f\u0131: 2 mm A\u011f\u0131rl\u0131k: 31-33 kg Fiyatlar de\u011fi\u015febilir<\/p>\n","protected":false},"featured_media":10954,"comment_status":"open","ping_status":"closed","template":"","meta":{"_acf_changed":false},"brand":[802],"product_cat":[797],"product_tag":[],"class_list":{"0":"post-11101","1":"product","2":"type-product","3":"status-publish","4":"has-post-thumbnail","6":"brand-derwayys-tr","7":"product_cat-insaat-malzemeleri","9":"first","10":"instock","11":"shipping-taxable","12":"purchasable","13":"product-type-simple"},"acf":[],"_links":{"self":[{"href":"https:\/\/turkmenexporter.com\/tr\/wp-json\/wp\/v2\/product\/11101","targetHints":{"allow":["GET"]}}],"collection":[{"href":"https:\/\/turkmenexporter.com\/tr\/wp-json\/wp\/v2\/product"}],"about":[{"href":"https:\/\/turkmenexporter.com\/tr\/wp-json\/wp\/v2\/types\/product"}],"replies":[{"embeddable":true,"href":"https:\/\/turkmenexporter.com\/tr\/wp-json\/wp\/v2\/comments?post=11101"}],"version-history":[{"count":0,"href":"https:\/\/turkmenexporter.com\/tr\/wp-json\/wp\/v2\/product\/11101\/revisions"}],"wp:featuredmedia":[{"embeddable":true,"href":"https:\/\/turkmenexporter.com\/tr\/wp-json\/wp\/v2\/media\/10954"}],"wp:attachment":[{"href":"https:\/\/turkmenexporter.com\/tr\/wp-json\/wp\/v2\/media?parent=11101"}],"wp:term":[{"taxonomy":"brand","embeddable":true,"href":"https:\/\/turkmenexporter.com\/tr\/wp-json\/wp\/v2\/brand?post=11101"},{"taxonomy":"product_cat","embeddable":true,"href":"https:\/\/turkmenexporter.com\/tr\/wp-json\/wp\/v2\/product_cat?post=11101"},{"taxonomy":"product_tag","embeddable":true,"href":"https:\/\/turkmenexporter.com\/tr\/wp-json\/wp\/v2\/product_tag?post=11101"}],"curies":[{"name":"wp","href":"https:\/\/api.w.org\/{rel}","templated":true}]}}