{"id":11102,"date":"2024-09-26T00:07:05","date_gmt":"2024-09-25T19:07:05","guid":{"rendered":"https:\/\/turkmenexporter.com\/product\/su-yalitim-izogami\/"},"modified":"2024-09-26T00:07:05","modified_gmt":"2024-09-25T19:07:05","slug":"su-yalitim-izogami","status":"publish","type":"product","link":"https:\/\/turkmenexporter.com\/tr\/urun\/su-yalitim-izogami\/","title":{"rendered":"Su yal\u0131t\u0131m izogam\u0131"},"content":{"rendered":"<p>DERWAYYS C5000 (Fiberglas Branda) &#8211; Kritik Uygulamalar i\u00e7in A\u011f\u0131r Hizmet Su Yal\u0131t\u0131m\u0131 En zorlu su yal\u0131t\u0131m projeleri i\u00e7in tasarlanan DERWAYYS C5000, fiberglas ile g\u00fc\u00e7lendirilmi\u015f 5 mm kal\u0131nl\u0131\u011f\u0131nda bir bit\u00fcm tabakas\u0131 ile \u00fcretilmi\u015ftir. Bu \u00fcr\u00fcn, yeralt\u0131 tesisatlar\u0131 ve end\u00fcstriyel \u00f6l\u00e7ekli \u00e7at\u0131 kaplamalar\u0131 dahil olmak \u00fczere kritik in\u015faat alanlar\u0131 i\u00e7in benzersiz dayan\u0131kl\u0131l\u0131k ve su yal\u0131t\u0131m\u0131 korumas\u0131 sa\u011flar. 5 mm kal\u0131nl\u0131k, su ve hava etkilerine kar\u015f\u0131 maksimum savunma sa\u011flayarak t\u00fcm yap\u0131n\u0131n \u00f6mr\u00fcn\u00fc uzat\u0131r. Rulo Uzunlu\u011fu: 10 m Geni\u015flik: 1 m Katman Kal\u0131nl\u0131\u011f\u0131: 5 mm A\u011f\u0131rl\u0131k: 51-53 kg   <\/p>\n","protected":false},"excerpt":{"rendered":"<p>DERWAYYS C5000 (fiberglas kanvas) Rulo Uzunlu\u011fu: 10 m Geni\u015flik: 1 m Katman kal\u0131nl\u0131\u011f\u0131: 5 mm A\u011f\u0131rl\u0131k: 51-53 kg Fiyatlar de\u011fi\u015febilir<\/p>\n","protected":false},"featured_media":10960,"comment_status":"open","ping_status":"closed","template":"","meta":{"_acf_changed":false},"brand":[802],"product_cat":[797],"product_tag":[],"class_list":{"0":"post-11102","1":"product","2":"type-product","3":"status-publish","4":"has-post-thumbnail","6":"brand-derwayys-tr","7":"product_cat-insaat-malzemeleri","9":"first","10":"instock","11":"shipping-taxable","12":"purchasable","13":"product-type-simple"},"acf":[],"_links":{"self":[{"href":"https:\/\/turkmenexporter.com\/tr\/wp-json\/wp\/v2\/product\/11102","targetHints":{"allow":["GET"]}}],"collection":[{"href":"https:\/\/turkmenexporter.com\/tr\/wp-json\/wp\/v2\/product"}],"about":[{"href":"https:\/\/turkmenexporter.com\/tr\/wp-json\/wp\/v2\/types\/product"}],"replies":[{"embeddable":true,"href":"https:\/\/turkmenexporter.com\/tr\/wp-json\/wp\/v2\/comments?post=11102"}],"version-history":[{"count":0,"href":"https:\/\/turkmenexporter.com\/tr\/wp-json\/wp\/v2\/product\/11102\/revisions"}],"wp:featuredmedia":[{"embeddable":true,"href":"https:\/\/turkmenexporter.com\/tr\/wp-json\/wp\/v2\/media\/10960"}],"wp:attachment":[{"href":"https:\/\/turkmenexporter.com\/tr\/wp-json\/wp\/v2\/media?parent=11102"}],"wp:term":[{"taxonomy":"brand","embeddable":true,"href":"https:\/\/turkmenexporter.com\/tr\/wp-json\/wp\/v2\/brand?post=11102"},{"taxonomy":"product_cat","embeddable":true,"href":"https:\/\/turkmenexporter.com\/tr\/wp-json\/wp\/v2\/product_cat?post=11102"},{"taxonomy":"product_tag","embeddable":true,"href":"https:\/\/turkmenexporter.com\/tr\/wp-json\/wp\/v2\/product_tag?post=11102"}],"curies":[{"name":"wp","href":"https:\/\/api.w.org\/{rel}","templated":true}]}}