{"id":11103,"date":"2024-09-26T00:07:04","date_gmt":"2024-09-25T19:07:04","guid":{"rendered":"https:\/\/turkmenexporter.com\/product\/bitum-esasli-su-yalitim-malzemeleri-isogam\/"},"modified":"2024-09-26T00:07:04","modified_gmt":"2024-09-25T19:07:04","slug":"bitum-esasli-su-yalitim-malzemeleri-isogam","status":"publish","type":"product","link":"https:\/\/turkmenexporter.com\/tr\/urun\/bitum-esasli-su-yalitim-malzemeleri-isogam\/","title":{"rendered":"Bit\u00fcm esasl\u0131 su yal\u0131t\u0131m malzemeleri isogam"},"content":{"rendered":"<p>DERWAYYS C4000 (Fiberglas Branda) &#8211; Y\u00fcksek Maruziyetli Alanlar i\u00e7in \u00dcst\u00fcn Su Yal\u0131t\u0131m\u0131 DERWAYYS C4000, fiberglas takviyeli 4 mm&#8217;lik \u00f6nemli bir su yal\u0131t\u0131m\u0131 katman\u0131 sunarak a\u011f\u0131r \u00e7evre ko\u015fullar\u0131na maruz kalan yap\u0131lar i\u00e7in maksimum koruma sa\u011flar. Bu \u00fcr\u00fcn \u00f6zellikle trafi\u011fin yo\u011fun oldu\u011fu alanlar, end\u00fcstriyel \u00e7at\u0131lar ve \u00fcst\u00fcn su yal\u0131t\u0131m\u0131 ve uzun \u00f6m\u00fcrl\u00fcl\u00fc\u011f\u00fcn gerekli oldu\u011fu yer alt\u0131 yap\u0131lar\u0131 i\u00e7in uygundur. Fiberglas taban\u0131 m\u00fckemmel gerilme mukavemeti sa\u011flayarak a\u015f\u0131r\u0131 s\u0131cakl\u0131k de\u011fi\u015fimlerine kar\u015f\u0131 esneklik sa\u011flar. Rulo Uzunlu\u011fu: 10 m Geni\u015flik: 1 m Katman Kal\u0131nl\u0131\u011f\u0131: 4 mm A\u011f\u0131rl\u0131k: 41-43 kg   <\/p>\n","protected":false},"excerpt":{"rendered":"<p>DERWAYYS C4000 (fiberglas branda) Rulo Uzunluk: 10 m Geni\u015flik: 1 m Tabaka kal\u0131nl\u0131\u011f\u0131: 4 mm A\u011f\u0131rl\u0131k: 41-43 kg Fiyatlar de\u011fi\u015febilir<\/p>\n","protected":false},"featured_media":10840,"comment_status":"open","ping_status":"closed","template":"","meta":{"_acf_changed":false},"brand":[802],"product_cat":[797],"product_tag":[],"class_list":{"0":"post-11103","1":"product","2":"type-product","3":"status-publish","4":"has-post-thumbnail","6":"brand-derwayys-tr","7":"product_cat-insaat-malzemeleri","9":"first","10":"instock","11":"shipping-taxable","12":"purchasable","13":"product-type-simple"},"acf":[],"_links":{"self":[{"href":"https:\/\/turkmenexporter.com\/tr\/wp-json\/wp\/v2\/product\/11103","targetHints":{"allow":["GET"]}}],"collection":[{"href":"https:\/\/turkmenexporter.com\/tr\/wp-json\/wp\/v2\/product"}],"about":[{"href":"https:\/\/turkmenexporter.com\/tr\/wp-json\/wp\/v2\/types\/product"}],"replies":[{"embeddable":true,"href":"https:\/\/turkmenexporter.com\/tr\/wp-json\/wp\/v2\/comments?post=11103"}],"version-history":[{"count":0,"href":"https:\/\/turkmenexporter.com\/tr\/wp-json\/wp\/v2\/product\/11103\/revisions"}],"wp:featuredmedia":[{"embeddable":true,"href":"https:\/\/turkmenexporter.com\/tr\/wp-json\/wp\/v2\/media\/10840"}],"wp:attachment":[{"href":"https:\/\/turkmenexporter.com\/tr\/wp-json\/wp\/v2\/media?parent=11103"}],"wp:term":[{"taxonomy":"brand","embeddable":true,"href":"https:\/\/turkmenexporter.com\/tr\/wp-json\/wp\/v2\/brand?post=11103"},{"taxonomy":"product_cat","embeddable":true,"href":"https:\/\/turkmenexporter.com\/tr\/wp-json\/wp\/v2\/product_cat?post=11103"},{"taxonomy":"product_tag","embeddable":true,"href":"https:\/\/turkmenexporter.com\/tr\/wp-json\/wp\/v2\/product_tag?post=11103"}],"curies":[{"name":"wp","href":"https:\/\/api.w.org\/{rel}","templated":true}]}}