{"id":11104,"date":"2024-09-26T00:07:03","date_gmt":"2024-09-25T19:07:03","guid":{"rendered":"https:\/\/turkmenexporter.com\/product\/bitumlu-su-yalitim-malzemesi-izogam\/"},"modified":"2024-09-26T00:07:03","modified_gmt":"2024-09-25T19:07:03","slug":"bitumlu-su-yalitim-malzemesi-izogam","status":"publish","type":"product","link":"https:\/\/turkmenexporter.com\/tr\/urun\/bitumlu-su-yalitim-malzemesi-izogam\/","title":{"rendered":"Bit\u00fcml\u00fc su yal\u0131t\u0131m malzemesi \u0130zogam"},"content":{"rendered":"<p>DERWAYYS C3000 (Fiberglas Kanvas) &#8211; Dayan\u0131kl\u0131 Su Yal\u0131t\u0131m \u00c7\u00f6z\u00fcm\u00fc DERWAYYS C3000, ekstra g\u00fc\u00e7 ve esneklik gerektiren projeler i\u00e7in tasarlanm\u0131\u015f, fiberglas kanvas ile g\u00fc\u00e7lendirilmi\u015f sa\u011flam bir bit\u00fcm su yal\u0131t\u0131m malzemesidir. 3 mm katman kal\u0131nl\u0131\u011f\u0131 ile su s\u0131zmas\u0131na kar\u015f\u0131 geli\u015fmi\u015f koruma sa\u011flayan bu \u00fcr\u00fcn, end\u00fcstriyel \u00e7at\u0131lar veya temel duvarlar\u0131 gibi daha b\u00fcy\u00fck veya daha a\u00e7\u0131k in\u015faat y\u00fczeyleri i\u00e7in idealdir. Malzeme, zorlu hava ko\u015fullar\u0131nda bile y\u0131rt\u0131lmaya ve \u00e7atlamaya kar\u015f\u0131 dayan\u0131kl\u0131d\u0131r ve uzun s\u00fcreli dayan\u0131kl\u0131l\u0131k sa\u011flar. Rulo Uzunlu\u011fu: 10 m Geni\u015flik: 1 m Katman Kal\u0131nl\u0131\u011f\u0131: 3 mm A\u011f\u0131rl\u0131k: 35-37 kg   <\/p>\n","protected":false},"excerpt":{"rendered":"<p>DERWAYYS C3000 (fiberglas branda) Rulo Uzunluk: 10 m Geni\u015flik: 1 m Tabaka kal\u0131nl\u0131\u011f\u0131: 3 mm A\u011f\u0131rl\u0131k: 35-37 kg Fiyatlar de\u011fi\u015febilir<\/p>\n","protected":false},"featured_media":10852,"comment_status":"open","ping_status":"closed","template":"","meta":{"_acf_changed":false},"brand":[802],"product_cat":[797],"product_tag":[],"class_list":{"0":"post-11104","1":"product","2":"type-product","3":"status-publish","4":"has-post-thumbnail","6":"brand-derwayys-tr","7":"product_cat-insaat-malzemeleri","9":"first","10":"instock","11":"shipping-taxable","12":"purchasable","13":"product-type-simple"},"acf":[],"_links":{"self":[{"href":"https:\/\/turkmenexporter.com\/tr\/wp-json\/wp\/v2\/product\/11104","targetHints":{"allow":["GET"]}}],"collection":[{"href":"https:\/\/turkmenexporter.com\/tr\/wp-json\/wp\/v2\/product"}],"about":[{"href":"https:\/\/turkmenexporter.com\/tr\/wp-json\/wp\/v2\/types\/product"}],"replies":[{"embeddable":true,"href":"https:\/\/turkmenexporter.com\/tr\/wp-json\/wp\/v2\/comments?post=11104"}],"version-history":[{"count":0,"href":"https:\/\/turkmenexporter.com\/tr\/wp-json\/wp\/v2\/product\/11104\/revisions"}],"wp:featuredmedia":[{"embeddable":true,"href":"https:\/\/turkmenexporter.com\/tr\/wp-json\/wp\/v2\/media\/10852"}],"wp:attachment":[{"href":"https:\/\/turkmenexporter.com\/tr\/wp-json\/wp\/v2\/media?parent=11104"}],"wp:term":[{"taxonomy":"brand","embeddable":true,"href":"https:\/\/turkmenexporter.com\/tr\/wp-json\/wp\/v2\/brand?post=11104"},{"taxonomy":"product_cat","embeddable":true,"href":"https:\/\/turkmenexporter.com\/tr\/wp-json\/wp\/v2\/product_cat?post=11104"},{"taxonomy":"product_tag","embeddable":true,"href":"https:\/\/turkmenexporter.com\/tr\/wp-json\/wp\/v2\/product_tag?post=11104"}],"curies":[{"name":"wp","href":"https:\/\/api.w.org\/{rel}","templated":true}]}}