{"id":11808,"date":"2024-10-01T21:27:58","date_gmt":"2024-10-01T16:27:58","guid":{"rendered":"https:\/\/turkmenexporter.com\/product\/marine-edilmis-dondurulmus-hindi-budu\/"},"modified":"2024-10-01T21:27:58","modified_gmt":"2024-10-01T16:27:58","slug":"marine-edilmis-dondurulmus-hindi-budu","status":"publish","type":"product","link":"https:\/\/turkmenexporter.com\/tr\/urun\/marine-edilmis-dondurulmus-hindi-budu\/","title":{"rendered":"Marine edilmi\u015f dondurulmu\u015f hindi budu"},"content":{"rendered":"<p>\u0130\u00e7indekiler: Hindi but, sofra tuzu, \u00f6\u011f\u00fct\u00fclm\u00fc\u015f k\u0131rm\u0131z\u0131 biber, yenibahar, sar\u0131msak. A\u011f\u0131rl\u0131k: 1600 g. Saklama ko\u015fullar\u0131 -8\u00b0C ila -12\u00b0C. Raf \u00f6mr\u00fc: 3 ay   <\/p>\n","protected":false},"excerpt":{"rendered":"<p>Marine edilmi\u015f dondurulmu\u015f hindi budu 1600 g. Helal sertifikas\u0131 <\/p>\n","protected":false},"featured_media":11123,"comment_status":"open","ping_status":"closed","template":"","meta":{"_acf_changed":false},"brand":[808],"product_cat":[814],"product_tag":[],"class_list":{"0":"post-11808","1":"product","2":"type-product","3":"status-publish","4":"has-post-thumbnail","6":"brand-maksada-okgunly-tr","7":"product_cat-hindi-eti","9":"first","10":"instock","11":"shipping-taxable","12":"purchasable","13":"product-type-simple"},"acf":[],"_links":{"self":[{"href":"https:\/\/turkmenexporter.com\/tr\/wp-json\/wp\/v2\/product\/11808","targetHints":{"allow":["GET"]}}],"collection":[{"href":"https:\/\/turkmenexporter.com\/tr\/wp-json\/wp\/v2\/product"}],"about":[{"href":"https:\/\/turkmenexporter.com\/tr\/wp-json\/wp\/v2\/types\/product"}],"replies":[{"embeddable":true,"href":"https:\/\/turkmenexporter.com\/tr\/wp-json\/wp\/v2\/comments?post=11808"}],"version-history":[{"count":0,"href":"https:\/\/turkmenexporter.com\/tr\/wp-json\/wp\/v2\/product\/11808\/revisions"}],"wp:featuredmedia":[{"embeddable":true,"href":"https:\/\/turkmenexporter.com\/tr\/wp-json\/wp\/v2\/media\/11123"}],"wp:attachment":[{"href":"https:\/\/turkmenexporter.com\/tr\/wp-json\/wp\/v2\/media?parent=11808"}],"wp:term":[{"taxonomy":"brand","embeddable":true,"href":"https:\/\/turkmenexporter.com\/tr\/wp-json\/wp\/v2\/brand?post=11808"},{"taxonomy":"product_cat","embeddable":true,"href":"https:\/\/turkmenexporter.com\/tr\/wp-json\/wp\/v2\/product_cat?post=11808"},{"taxonomy":"product_tag","embeddable":true,"href":"https:\/\/turkmenexporter.com\/tr\/wp-json\/wp\/v2\/product_tag?post=11808"}],"curies":[{"name":"wp","href":"https:\/\/api.w.org\/{rel}","templated":true}]}}