{"id":11811,"date":"2024-10-01T21:27:54","date_gmt":"2024-10-01T16:27:54","guid":{"rendered":"https:\/\/turkmenexporter.com\/product\/sakatatsiz-dondurulmus-hindi-eti\/"},"modified":"2024-10-01T21:27:54","modified_gmt":"2024-10-01T16:27:54","slug":"sakatatsiz-dondurulmus-hindi-eti","status":"publish","type":"product","link":"https:\/\/turkmenexporter.com\/tr\/urun\/sakatatsiz-dondurulmus-hindi-eti\/","title":{"rendered":"Sakatats\u0131z dondurulmu\u015f hindi eti"},"content":{"rendered":"<p>\u0130\u00e7indekiler: Hindi but eti, sofra tuzu, \u00f6\u011f\u00fct\u00fclm\u00fc\u015f karabiber, kekik biberi. A\u011f\u0131rl\u0131k: 500 g. Saklama ko\u015fullar\u0131 -8\u00b0C ila -12\u00b0C. Raf \u00f6mr\u00fc: 3 ay   <\/p>\n","protected":false},"excerpt":{"rendered":"<p>Dondurulmu\u015f sakatats\u0131z hindi eti 500 g. Helal sertifikas\u0131 <\/p>\n","protected":false},"featured_media":11165,"comment_status":"open","ping_status":"closed","template":"","meta":{"_acf_changed":false},"brand":[808],"product_cat":[814],"product_tag":[],"class_list":{"0":"post-11811","1":"product","2":"type-product","3":"status-publish","4":"has-post-thumbnail","6":"brand-maksada-okgunly-tr","7":"product_cat-hindi-eti","9":"first","10":"instock","11":"shipping-taxable","12":"purchasable","13":"product-type-simple"},"acf":[],"_links":{"self":[{"href":"https:\/\/turkmenexporter.com\/tr\/wp-json\/wp\/v2\/product\/11811","targetHints":{"allow":["GET"]}}],"collection":[{"href":"https:\/\/turkmenexporter.com\/tr\/wp-json\/wp\/v2\/product"}],"about":[{"href":"https:\/\/turkmenexporter.com\/tr\/wp-json\/wp\/v2\/types\/product"}],"replies":[{"embeddable":true,"href":"https:\/\/turkmenexporter.com\/tr\/wp-json\/wp\/v2\/comments?post=11811"}],"version-history":[{"count":0,"href":"https:\/\/turkmenexporter.com\/tr\/wp-json\/wp\/v2\/product\/11811\/revisions"}],"wp:featuredmedia":[{"embeddable":true,"href":"https:\/\/turkmenexporter.com\/tr\/wp-json\/wp\/v2\/media\/11165"}],"wp:attachment":[{"href":"https:\/\/turkmenexporter.com\/tr\/wp-json\/wp\/v2\/media?parent=11811"}],"wp:term":[{"taxonomy":"brand","embeddable":true,"href":"https:\/\/turkmenexporter.com\/tr\/wp-json\/wp\/v2\/brand?post=11811"},{"taxonomy":"product_cat","embeddable":true,"href":"https:\/\/turkmenexporter.com\/tr\/wp-json\/wp\/v2\/product_cat?post=11811"},{"taxonomy":"product_tag","embeddable":true,"href":"https:\/\/turkmenexporter.com\/tr\/wp-json\/wp\/v2\/product_tag?post=11811"}],"curies":[{"name":"wp","href":"https:\/\/api.w.org\/{rel}","templated":true}]}}