{"id":11815,"date":"2024-10-01T21:27:46","date_gmt":"2024-10-01T16:27:46","guid":{"rendered":"https:\/\/turkmenexporter.com\/product\/dondurulmus-hindi-kalbi\/"},"modified":"2024-10-01T21:27:46","modified_gmt":"2024-10-01T16:27:46","slug":"dondurulmus-hindi-kalbi","status":"publish","type":"product","link":"https:\/\/turkmenexporter.com\/tr\/urun\/dondurulmus-hindi-kalbi\/","title":{"rendered":"Dondurulmu\u015f hindi kalbi"},"content":{"rendered":"<p>\u00dcr\u00fcn\u00fcn 100 g&#8217;\u0131n\u0131n besin de\u011feri: Protein 15,0 g. Ya\u011f 10,0 g. Enerji de\u011feri 152,0 kcal. A\u011f\u0131rl\u0131k: 600 g. Saklama ko\u015fullar\u0131 -8\u00b0C ila -12\u00b0C. Raf \u00f6mr\u00fc: 3 ay      <\/p>\n","protected":false},"excerpt":{"rendered":"<p>Dondurulmu\u015f hindi kalbi 600 g. Helal sertifikas\u0131 <\/p>\n","protected":false},"featured_media":11117,"comment_status":"open","ping_status":"closed","template":"","meta":{"_acf_changed":false},"brand":[808],"product_cat":[814],"product_tag":[],"class_list":{"0":"post-11815","1":"product","2":"type-product","3":"status-publish","4":"has-post-thumbnail","6":"brand-maksada-okgunly-tr","7":"product_cat-hindi-eti","9":"first","10":"instock","11":"shipping-taxable","12":"purchasable","13":"product-type-simple"},"acf":[],"_links":{"self":[{"href":"https:\/\/turkmenexporter.com\/tr\/wp-json\/wp\/v2\/product\/11815","targetHints":{"allow":["GET"]}}],"collection":[{"href":"https:\/\/turkmenexporter.com\/tr\/wp-json\/wp\/v2\/product"}],"about":[{"href":"https:\/\/turkmenexporter.com\/tr\/wp-json\/wp\/v2\/types\/product"}],"replies":[{"embeddable":true,"href":"https:\/\/turkmenexporter.com\/tr\/wp-json\/wp\/v2\/comments?post=11815"}],"version-history":[{"count":0,"href":"https:\/\/turkmenexporter.com\/tr\/wp-json\/wp\/v2\/product\/11815\/revisions"}],"wp:featuredmedia":[{"embeddable":true,"href":"https:\/\/turkmenexporter.com\/tr\/wp-json\/wp\/v2\/media\/11117"}],"wp:attachment":[{"href":"https:\/\/turkmenexporter.com\/tr\/wp-json\/wp\/v2\/media?parent=11815"}],"wp:term":[{"taxonomy":"brand","embeddable":true,"href":"https:\/\/turkmenexporter.com\/tr\/wp-json\/wp\/v2\/brand?post=11815"},{"taxonomy":"product_cat","embeddable":true,"href":"https:\/\/turkmenexporter.com\/tr\/wp-json\/wp\/v2\/product_cat?post=11815"},{"taxonomy":"product_tag","embeddable":true,"href":"https:\/\/turkmenexporter.com\/tr\/wp-json\/wp\/v2\/product_tag?post=11815"}],"curies":[{"name":"wp","href":"https:\/\/api.w.org\/{rel}","templated":true}]}}