{"id":11885,"date":"2024-10-01T21:28:00","date_gmt":"2024-10-01T16:28:00","guid":{"rendered":"https:\/\/turkmenexporter.com\/product\/dondurulmus-hindi-nugget\/"},"modified":"2024-10-01T21:28:00","modified_gmt":"2024-10-01T16:28:00","slug":"dondurulmus-hindi-nugget","status":"publish","type":"product","link":"https:\/\/turkmenexporter.com\/tr\/urun\/dondurulmus-hindi-nugget\/","title":{"rendered":"Dondurulmu\u015f hindi nuggetlar\u0131"},"content":{"rendered":"<p>Besin de\u011feri 100 g.<br \/>\n\u00fcr\u00fcn\u00fcn besin de\u011feri: Protein 20,0 g.<br \/>\nYa\u011flar 4,0 g.<br \/>\nEnerji de\u011feri 107,0 kcal.<br \/>\nA\u011f\u0131rl\u0131k: 400 g.<br \/>\nSaklama ko\u015fullar\u0131 -8\u00b0C ila -12\u00b0C.<br \/>\nRaf \u00f6mr\u00fc: 3 ay      <\/p>\n","protected":false},"excerpt":{"rendered":"<p>Dondurulmu\u015f hindi nugget 400 g.<br \/>\nHelal sertifikas\u0131 <\/p>\n","protected":false},"featured_media":11200,"comment_status":"open","ping_status":"closed","template":"","meta":{"_acf_changed":false},"brand":[808],"product_cat":[814],"product_tag":[],"class_list":{"0":"post-11885","1":"product","2":"type-product","3":"status-publish","4":"has-post-thumbnail","6":"brand-maksada-okgunly-tr","7":"product_cat-hindi-eti","9":"first","10":"instock","11":"shipping-taxable","12":"purchasable","13":"product-type-simple"},"acf":[],"_links":{"self":[{"href":"https:\/\/turkmenexporter.com\/tr\/wp-json\/wp\/v2\/product\/11885","targetHints":{"allow":["GET"]}}],"collection":[{"href":"https:\/\/turkmenexporter.com\/tr\/wp-json\/wp\/v2\/product"}],"about":[{"href":"https:\/\/turkmenexporter.com\/tr\/wp-json\/wp\/v2\/types\/product"}],"replies":[{"embeddable":true,"href":"https:\/\/turkmenexporter.com\/tr\/wp-json\/wp\/v2\/comments?post=11885"}],"version-history":[{"count":0,"href":"https:\/\/turkmenexporter.com\/tr\/wp-json\/wp\/v2\/product\/11885\/revisions"}],"wp:featuredmedia":[{"embeddable":true,"href":"https:\/\/turkmenexporter.com\/tr\/wp-json\/wp\/v2\/media\/11200"}],"wp:attachment":[{"href":"https:\/\/turkmenexporter.com\/tr\/wp-json\/wp\/v2\/media?parent=11885"}],"wp:term":[{"taxonomy":"brand","embeddable":true,"href":"https:\/\/turkmenexporter.com\/tr\/wp-json\/wp\/v2\/brand?post=11885"},{"taxonomy":"product_cat","embeddable":true,"href":"https:\/\/turkmenexporter.com\/tr\/wp-json\/wp\/v2\/product_cat?post=11885"},{"taxonomy":"product_tag","embeddable":true,"href":"https:\/\/turkmenexporter.com\/tr\/wp-json\/wp\/v2\/product_tag?post=11885"}],"curies":[{"name":"wp","href":"https:\/\/api.w.org\/{rel}","templated":true}]}}