{"id":11897,"date":"2024-10-01T21:28:09","date_gmt":"2024-10-01T16:28:09","guid":{"rendered":"https:\/\/turkmenexporter.com\/product\/dondurulmus-hindi-kofte\/"},"modified":"2024-10-01T21:28:09","modified_gmt":"2024-10-01T16:28:09","slug":"dondurulmus-hindi-kofte","status":"publish","type":"product","link":"https:\/\/turkmenexporter.com\/tr\/urun\/dondurulmus-hindi-kofte\/","title":{"rendered":"Dondurulmu\u015f hindi k\u00f6ftesi"},"content":{"rendered":"<p>Besin de\u011feri 100 g.<br \/>\n\u00fcr\u00fcn\u00fcn besin de\u011feri: Protein 22,0 g.<br \/>\nYa\u011flar 5,0 g.<br \/>\nEnerji de\u011feri 133,0 kcal.<br \/>\nEtin k\u00fctle oran\u0131 % 100,0&#8217;d\u0131r.<br \/>\nA\u011f\u0131rl\u0131k: 500 g.<br \/>\nSaklama ko\u015fullar\u0131 -8\u00b0C ile -12\u00b0C aras\u0131ndad\u0131r.<br \/>\nRaf \u00f6mr\u00fc: 3 ay       <\/p>\n","protected":false},"excerpt":{"rendered":"<p>Dondurulmu\u015f hindi k\u00f6ftesi 500 g.<br \/>\nHelal sertifikas\u0131 <\/p>\n","protected":false},"featured_media":11177,"comment_status":"open","ping_status":"closed","template":"","meta":{"_acf_changed":false},"brand":[808],"product_cat":[814],"product_tag":[],"class_list":{"0":"post-11897","1":"product","2":"type-product","3":"status-publish","4":"has-post-thumbnail","6":"brand-maksada-okgunly-tr","7":"product_cat-hindi-eti","9":"first","10":"instock","11":"shipping-taxable","12":"purchasable","13":"product-type-simple"},"acf":[],"_links":{"self":[{"href":"https:\/\/turkmenexporter.com\/tr\/wp-json\/wp\/v2\/product\/11897","targetHints":{"allow":["GET"]}}],"collection":[{"href":"https:\/\/turkmenexporter.com\/tr\/wp-json\/wp\/v2\/product"}],"about":[{"href":"https:\/\/turkmenexporter.com\/tr\/wp-json\/wp\/v2\/types\/product"}],"replies":[{"embeddable":true,"href":"https:\/\/turkmenexporter.com\/tr\/wp-json\/wp\/v2\/comments?post=11897"}],"version-history":[{"count":0,"href":"https:\/\/turkmenexporter.com\/tr\/wp-json\/wp\/v2\/product\/11897\/revisions"}],"wp:featuredmedia":[{"embeddable":true,"href":"https:\/\/turkmenexporter.com\/tr\/wp-json\/wp\/v2\/media\/11177"}],"wp:attachment":[{"href":"https:\/\/turkmenexporter.com\/tr\/wp-json\/wp\/v2\/media?parent=11897"}],"wp:term":[{"taxonomy":"brand","embeddable":true,"href":"https:\/\/turkmenexporter.com\/tr\/wp-json\/wp\/v2\/brand?post=11897"},{"taxonomy":"product_cat","embeddable":true,"href":"https:\/\/turkmenexporter.com\/tr\/wp-json\/wp\/v2\/product_cat?post=11897"},{"taxonomy":"product_tag","embeddable":true,"href":"https:\/\/turkmenexporter.com\/tr\/wp-json\/wp\/v2\/product_tag?post=11897"}],"curies":[{"name":"wp","href":"https:\/\/api.w.org\/{rel}","templated":true}]}}