{"id":11912,"date":"2024-10-01T21:28:15","date_gmt":"2024-10-01T16:28:15","guid":{"rendered":"https:\/\/turkmenexporter.com\/product\/dondurulmus-hindi-eti-kofte\/"},"modified":"2024-10-01T21:28:15","modified_gmt":"2024-10-01T16:28:15","slug":"dondurulmus-hindi-eti-kofte","status":"publish","type":"product","link":"https:\/\/turkmenexporter.com\/tr\/urun\/dondurulmus-hindi-eti-kofte\/","title":{"rendered":"Dondurulmu\u015f hindi etli k\u00f6fte"},"content":{"rendered":"<p>\u0130\u00e7indekiler: Hindi eti, un, tavuk yumurtas\u0131, ye\u015fil so\u011fan, tuz, karabiber, ki\u015fni\u015f.<br \/>\nA\u011f\u0131rl\u0131k: 750 g.<br \/>\nSaklama ko\u015fullar\u0131: -8\u00b0C ila -12\u00b0C.<br \/>\nRaf \u00f6mr\u00fc: 3 ay   <\/p>\n","protected":false},"excerpt":{"rendered":"<p>Dondurulmu\u015f hindi etli k\u00f6fte 750 g.<br \/>\nHelal sertifikas\u0131 <\/p>\n","protected":false},"featured_media":11140,"comment_status":"open","ping_status":"closed","template":"","meta":{"_acf_changed":false},"brand":[808],"product_cat":[814],"product_tag":[],"class_list":{"0":"post-11912","1":"product","2":"type-product","3":"status-publish","4":"has-post-thumbnail","6":"brand-maksada-okgunly-tr","7":"product_cat-hindi-eti","9":"first","10":"instock","11":"shipping-taxable","12":"purchasable","13":"product-type-simple"},"acf":[],"_links":{"self":[{"href":"https:\/\/turkmenexporter.com\/tr\/wp-json\/wp\/v2\/product\/11912","targetHints":{"allow":["GET"]}}],"collection":[{"href":"https:\/\/turkmenexporter.com\/tr\/wp-json\/wp\/v2\/product"}],"about":[{"href":"https:\/\/turkmenexporter.com\/tr\/wp-json\/wp\/v2\/types\/product"}],"replies":[{"embeddable":true,"href":"https:\/\/turkmenexporter.com\/tr\/wp-json\/wp\/v2\/comments?post=11912"}],"version-history":[{"count":0,"href":"https:\/\/turkmenexporter.com\/tr\/wp-json\/wp\/v2\/product\/11912\/revisions"}],"wp:featuredmedia":[{"embeddable":true,"href":"https:\/\/turkmenexporter.com\/tr\/wp-json\/wp\/v2\/media\/11140"}],"wp:attachment":[{"href":"https:\/\/turkmenexporter.com\/tr\/wp-json\/wp\/v2\/media?parent=11912"}],"wp:term":[{"taxonomy":"brand","embeddable":true,"href":"https:\/\/turkmenexporter.com\/tr\/wp-json\/wp\/v2\/brand?post=11912"},{"taxonomy":"product_cat","embeddable":true,"href":"https:\/\/turkmenexporter.com\/tr\/wp-json\/wp\/v2\/product_cat?post=11912"},{"taxonomy":"product_tag","embeddable":true,"href":"https:\/\/turkmenexporter.com\/tr\/wp-json\/wp\/v2\/product_tag?post=11912"}],"curies":[{"name":"wp","href":"https:\/\/api.w.org\/{rel}","templated":true}]}}