{"id":11925,"date":"2024-10-01T21:28:21","date_gmt":"2024-10-01T16:28:21","guid":{"rendered":"https:\/\/turkmenexporter.com\/product\/dondurulmus-hindi-gogus-kebabi\/"},"modified":"2024-10-01T21:28:21","modified_gmt":"2024-10-01T16:28:21","slug":"dondurulmus-hindi-gogus-kebabi","status":"publish","type":"product","link":"https:\/\/turkmenexporter.com\/tr\/urun\/dondurulmus-hindi-gogus-kebabi\/","title":{"rendered":"Dondurulmu\u015f hindi g\u00f6\u011f\u00fcs kebab\u0131"},"content":{"rendered":"<p>\u0130\u00e7indekiler: hindi g\u00f6\u011fs\u00fc, zerde\u00e7al, ye\u015fil so\u011fan, sofra tuzu, \u00f6\u011f\u00fct\u00fclm\u00fc\u015f karabiber, yenibahar, \u00f6\u011f\u00fct\u00fclm\u00fc\u015f k\u0131rm\u0131z\u0131 biber.<br \/>\nA\u011f\u0131rl\u0131k: 600 g.<br \/>\nSaklama ko\u015fullar\u0131: -8\u00b0C ila -12\u00b0C.<br \/>\nRaf \u00f6mr\u00fc: 3 ay   <\/p>\n","protected":false},"excerpt":{"rendered":"<p>Dondurulmu\u015f hindi g\u00f6\u011f\u00fcs kebab\u0131 600 g.<br \/>\nHelal sertifikas\u0131 <\/p>\n","protected":false},"featured_media":11453,"comment_status":"open","ping_status":"closed","template":"","meta":{"_acf_changed":false},"brand":[808],"product_cat":[814],"product_tag":[],"class_list":{"0":"post-11925","1":"product","2":"type-product","3":"status-publish","4":"has-post-thumbnail","6":"brand-maksada-okgunly-tr","7":"product_cat-hindi-eti","9":"first","10":"instock","11":"shipping-taxable","12":"purchasable","13":"product-type-simple"},"acf":[],"_links":{"self":[{"href":"https:\/\/turkmenexporter.com\/tr\/wp-json\/wp\/v2\/product\/11925","targetHints":{"allow":["GET"]}}],"collection":[{"href":"https:\/\/turkmenexporter.com\/tr\/wp-json\/wp\/v2\/product"}],"about":[{"href":"https:\/\/turkmenexporter.com\/tr\/wp-json\/wp\/v2\/types\/product"}],"replies":[{"embeddable":true,"href":"https:\/\/turkmenexporter.com\/tr\/wp-json\/wp\/v2\/comments?post=11925"}],"version-history":[{"count":0,"href":"https:\/\/turkmenexporter.com\/tr\/wp-json\/wp\/v2\/product\/11925\/revisions"}],"wp:featuredmedia":[{"embeddable":true,"href":"https:\/\/turkmenexporter.com\/tr\/wp-json\/wp\/v2\/media\/11453"}],"wp:attachment":[{"href":"https:\/\/turkmenexporter.com\/tr\/wp-json\/wp\/v2\/media?parent=11925"}],"wp:term":[{"taxonomy":"brand","embeddable":true,"href":"https:\/\/turkmenexporter.com\/tr\/wp-json\/wp\/v2\/brand?post=11925"},{"taxonomy":"product_cat","embeddable":true,"href":"https:\/\/turkmenexporter.com\/tr\/wp-json\/wp\/v2\/product_cat?post=11925"},{"taxonomy":"product_tag","embeddable":true,"href":"https:\/\/turkmenexporter.com\/tr\/wp-json\/wp\/v2\/product_tag?post=11925"}],"curies":[{"name":"wp","href":"https:\/\/api.w.org\/{rel}","templated":true}]}}