{"id":11945,"date":"2024-10-01T21:28:35","date_gmt":"2024-10-01T16:28:35","guid":{"rendered":"https:\/\/turkmenexporter.com\/product\/guvecte-hindi-kiymali-icinde-kendi-suyu-konservesi\/"},"modified":"2024-10-01T21:28:35","modified_gmt":"2024-10-01T16:28:35","slug":"guvecte-hindi-kiymali-icinde-kendi-suyu-konservesi","status":"publish","type":"product","link":"https:\/\/turkmenexporter.com\/tr\/urun\/guvecte-hindi-kiymali-icinde-kendi-suyu-konservesi\/","title":{"rendered":"Kendi suyunda hindi sakatat\u0131 ile g\u00fcve\u00e7 (konservelerde)"},"content":{"rendered":"<p>\u0130\u00e7indekiler: kemikli hindi eti, ye\u015fil so\u011fan, sofra tuzu, karabiber, defne yapra\u011f\u0131.<br \/>\nEtin k\u00fctle oran\u0131 %97,4&#8217;ten az de\u011fildir.<br \/>\nA\u011f\u0131rl\u0131k: 500 g.<br \/>\nSaklama ko\u015fullar\u0131 0\u00b0C ile +25\u00b0C aras\u0131ndad\u0131r.<br \/>\nRaf \u00f6mr\u00fc: 2,5 y\u0131l    <\/p>\n","protected":false},"excerpt":{"rendered":"<p>Kendi suyunda hindi sakatatl\u0131 g\u00fcve\u00e7 (teneke kutuda) 500 g.<br \/>\nHelal sertifikas\u0131 <\/p>\n","protected":false},"featured_media":11296,"comment_status":"open","ping_status":"closed","template":"","meta":{"_acf_changed":false},"brand":[808],"product_cat":[814],"product_tag":[],"class_list":{"0":"post-11945","1":"product","2":"type-product","3":"status-publish","4":"has-post-thumbnail","6":"brand-maksada-okgunly-tr","7":"product_cat-hindi-eti","9":"first","10":"instock","11":"shipping-taxable","12":"purchasable","13":"product-type-simple"},"acf":[],"_links":{"self":[{"href":"https:\/\/turkmenexporter.com\/tr\/wp-json\/wp\/v2\/product\/11945","targetHints":{"allow":["GET"]}}],"collection":[{"href":"https:\/\/turkmenexporter.com\/tr\/wp-json\/wp\/v2\/product"}],"about":[{"href":"https:\/\/turkmenexporter.com\/tr\/wp-json\/wp\/v2\/types\/product"}],"replies":[{"embeddable":true,"href":"https:\/\/turkmenexporter.com\/tr\/wp-json\/wp\/v2\/comments?post=11945"}],"version-history":[{"count":0,"href":"https:\/\/turkmenexporter.com\/tr\/wp-json\/wp\/v2\/product\/11945\/revisions"}],"wp:featuredmedia":[{"embeddable":true,"href":"https:\/\/turkmenexporter.com\/tr\/wp-json\/wp\/v2\/media\/11296"}],"wp:attachment":[{"href":"https:\/\/turkmenexporter.com\/tr\/wp-json\/wp\/v2\/media?parent=11945"}],"wp:term":[{"taxonomy":"brand","embeddable":true,"href":"https:\/\/turkmenexporter.com\/tr\/wp-json\/wp\/v2\/brand?post=11945"},{"taxonomy":"product_cat","embeddable":true,"href":"https:\/\/turkmenexporter.com\/tr\/wp-json\/wp\/v2\/product_cat?post=11945"},{"taxonomy":"product_tag","embeddable":true,"href":"https:\/\/turkmenexporter.com\/tr\/wp-json\/wp\/v2\/product_tag?post=11945"}],"curies":[{"name":"wp","href":"https:\/\/api.w.org\/{rel}","templated":true}]}}