{"id":11958,"date":"2024-10-01T21:28:45","date_gmt":"2024-10-01T16:28:45","guid":{"rendered":"https:\/\/turkmenexporter.com\/product\/sogutulmus-pismis-hindi-eti-sosis-suytli\/"},"modified":"2024-10-01T21:28:45","modified_gmt":"2024-10-01T16:28:45","slug":"sogutulmus-pismis-hindi-eti-sosis-suytli","status":"publish","type":"product","link":"https:\/\/turkmenexporter.com\/tr\/urun\/sogutulmus-pismis-hindi-eti-sosis-suytli\/","title":{"rendered":"So\u011futulmu\u015f pi\u015fmi\u015f hindi eti sosis Suytli"},"content":{"rendered":"<p>\u0130\u00e7indekiler: Hindi eti, tavuk yumurtas\u0131, tam bu\u011fday unu, past\u00f6rize ya\u011fs\u0131z s\u00fct, sofra tuzu, koruyucu E 250, \u015feker, \u00f6\u011f\u00fct\u00fclm\u00fc\u015f karabiber, yenibahar, sar\u0131msak.<br \/>\nA\u011f\u0131rl\u0131k: 410 g.<br \/>\nSaklama ko\u015fullar\u0131 0\u00b0C ile +6\u00b0C aras\u0131ndad\u0131r.<br \/>\nRaf \u00f6mr\u00fc: 35 g\u00fcn   <\/p>\n","protected":false},"excerpt":{"rendered":"<p>So\u011futulmu\u015f pi\u015fmi\u015f hindi eti sosis Suytli 410 g.<br \/>\nHelal sertifikas\u0131 <\/p>\n","protected":false},"featured_media":11398,"comment_status":"open","ping_status":"closed","template":"","meta":{"_acf_changed":false},"brand":[808],"product_cat":[814],"product_tag":[],"class_list":{"0":"post-11958","1":"product","2":"type-product","3":"status-publish","4":"has-post-thumbnail","6":"brand-maksada-okgunly-tr","7":"product_cat-hindi-eti","9":"first","10":"instock","11":"shipping-taxable","12":"purchasable","13":"product-type-simple"},"acf":[],"_links":{"self":[{"href":"https:\/\/turkmenexporter.com\/tr\/wp-json\/wp\/v2\/product\/11958","targetHints":{"allow":["GET"]}}],"collection":[{"href":"https:\/\/turkmenexporter.com\/tr\/wp-json\/wp\/v2\/product"}],"about":[{"href":"https:\/\/turkmenexporter.com\/tr\/wp-json\/wp\/v2\/types\/product"}],"replies":[{"embeddable":true,"href":"https:\/\/turkmenexporter.com\/tr\/wp-json\/wp\/v2\/comments?post=11958"}],"version-history":[{"count":0,"href":"https:\/\/turkmenexporter.com\/tr\/wp-json\/wp\/v2\/product\/11958\/revisions"}],"wp:featuredmedia":[{"embeddable":true,"href":"https:\/\/turkmenexporter.com\/tr\/wp-json\/wp\/v2\/media\/11398"}],"wp:attachment":[{"href":"https:\/\/turkmenexporter.com\/tr\/wp-json\/wp\/v2\/media?parent=11958"}],"wp:term":[{"taxonomy":"brand","embeddable":true,"href":"https:\/\/turkmenexporter.com\/tr\/wp-json\/wp\/v2\/brand?post=11958"},{"taxonomy":"product_cat","embeddable":true,"href":"https:\/\/turkmenexporter.com\/tr\/wp-json\/wp\/v2\/product_cat?post=11958"},{"taxonomy":"product_tag","embeddable":true,"href":"https:\/\/turkmenexporter.com\/tr\/wp-json\/wp\/v2\/product_tag?post=11958"}],"curies":[{"name":"wp","href":"https:\/\/api.w.org\/{rel}","templated":true}]}}