{"id":11979,"date":"2024-10-01T21:28:55","date_gmt":"2024-10-01T16:28:55","guid":{"rendered":"https:\/\/turkmenexporter.com\/product\/hindi-et-sut-sosis\/"},"modified":"2024-10-01T21:28:55","modified_gmt":"2024-10-01T16:28:55","slug":"hindi-et-sut-sosis","status":"publish","type":"product","link":"https:\/\/turkmenexporter.com\/tr\/urun\/hindi-et-sut-sosis\/","title":{"rendered":"Hindi eti s\u00fct sosisleri"},"content":{"rendered":"<p>\u0130\u00e7indekiler: Hindi eti, margarin, tavuk yumurtas\u0131, past\u00f6rize ya\u011fs\u0131z s\u00fct, sofra tuzu, koruyucu E 250, \u015feker, \u00f6\u011f\u00fct\u00fclm\u00fc\u015f karabiber, yenibahar.<br \/>\nA\u011f\u0131rl\u0131k: 300 g.<br \/>\nSaklama ko\u015fullar\u0131 0\u00b0C ile +6\u00b0C aras\u0131ndad\u0131r.<br \/>\nRaf \u00f6mr\u00fc: 35 g\u00fcn   <\/p>\n","protected":false},"excerpt":{"rendered":"<p>Hindi etli s\u00fct sosisleri 300 g.<br \/>\nHelal sertifikas\u0131 <\/p>\n","protected":false},"featured_media":11320,"comment_status":"open","ping_status":"closed","template":"","meta":{"_acf_changed":false},"brand":[808],"product_cat":[814],"product_tag":[],"class_list":{"0":"post-11979","1":"product","2":"type-product","3":"status-publish","4":"has-post-thumbnail","6":"brand-maksada-okgunly-tr","7":"product_cat-hindi-eti","9":"first","10":"instock","11":"shipping-taxable","12":"purchasable","13":"product-type-simple"},"acf":[],"_links":{"self":[{"href":"https:\/\/turkmenexporter.com\/tr\/wp-json\/wp\/v2\/product\/11979","targetHints":{"allow":["GET"]}}],"collection":[{"href":"https:\/\/turkmenexporter.com\/tr\/wp-json\/wp\/v2\/product"}],"about":[{"href":"https:\/\/turkmenexporter.com\/tr\/wp-json\/wp\/v2\/types\/product"}],"replies":[{"embeddable":true,"href":"https:\/\/turkmenexporter.com\/tr\/wp-json\/wp\/v2\/comments?post=11979"}],"version-history":[{"count":0,"href":"https:\/\/turkmenexporter.com\/tr\/wp-json\/wp\/v2\/product\/11979\/revisions"}],"wp:featuredmedia":[{"embeddable":true,"href":"https:\/\/turkmenexporter.com\/tr\/wp-json\/wp\/v2\/media\/11320"}],"wp:attachment":[{"href":"https:\/\/turkmenexporter.com\/tr\/wp-json\/wp\/v2\/media?parent=11979"}],"wp:term":[{"taxonomy":"brand","embeddable":true,"href":"https:\/\/turkmenexporter.com\/tr\/wp-json\/wp\/v2\/brand?post=11979"},{"taxonomy":"product_cat","embeddable":true,"href":"https:\/\/turkmenexporter.com\/tr\/wp-json\/wp\/v2\/product_cat?post=11979"},{"taxonomy":"product_tag","embeddable":true,"href":"https:\/\/turkmenexporter.com\/tr\/wp-json\/wp\/v2\/product_tag?post=11979"}],"curies":[{"name":"wp","href":"https:\/\/api.w.org\/{rel}","templated":true}]}}