{"id":11992,"date":"2024-10-01T21:29:04","date_gmt":"2024-10-01T16:29:04","guid":{"rendered":"https:\/\/turkmenexporter.com\/product\/hindi-fume-et-baharatli-cubuklar\/"},"modified":"2024-10-01T21:29:04","modified_gmt":"2024-10-01T16:29:04","slug":"hindi-fume-et-baharatli-cubuklar","status":"publish","type":"product","link":"https:\/\/turkmenexporter.com\/tr\/urun\/hindi-fume-et-baharatli-cubuklar\/","title":{"rendered":"T\u00fcts\u00fclenmi\u015f hindi eti baharatl\u0131 \u00e7ubuklar"},"content":{"rendered":"<p>\u0130\u00e7indekiler: Hindi but, karabiber, k\u0131rm\u0131z\u0131 biber, sofra tuzu, k\u0131rm\u0131z\u0131 biber, sodyum nitr\u00fcr, sar\u0131msak.<br \/>\nA\u011f\u0131rl\u0131k: 70 g.<br \/>\nSaklama ko\u015fullar\u0131: 0\u00b0C ila +6\u00b0C.<br \/>\nRaf \u00f6mr\u00fc: 10 g\u00fcn   <\/p>\n","protected":false},"excerpt":{"rendered":"<p>F\u00fcme hindi eti baharatl\u0131 \u00e7ubuklar 70 g.<br \/>\nHelal sertifikas\u0131 <\/p>\n","protected":false},"featured_media":11284,"comment_status":"open","ping_status":"closed","template":"","meta":{"_acf_changed":false},"brand":[808],"product_cat":[814],"product_tag":[],"class_list":{"0":"post-11992","1":"product","2":"type-product","3":"status-publish","4":"has-post-thumbnail","6":"brand-maksada-okgunly-tr","7":"product_cat-hindi-eti","9":"first","10":"instock","11":"shipping-taxable","12":"purchasable","13":"product-type-simple"},"acf":[],"_links":{"self":[{"href":"https:\/\/turkmenexporter.com\/tr\/wp-json\/wp\/v2\/product\/11992","targetHints":{"allow":["GET"]}}],"collection":[{"href":"https:\/\/turkmenexporter.com\/tr\/wp-json\/wp\/v2\/product"}],"about":[{"href":"https:\/\/turkmenexporter.com\/tr\/wp-json\/wp\/v2\/types\/product"}],"replies":[{"embeddable":true,"href":"https:\/\/turkmenexporter.com\/tr\/wp-json\/wp\/v2\/comments?post=11992"}],"version-history":[{"count":0,"href":"https:\/\/turkmenexporter.com\/tr\/wp-json\/wp\/v2\/product\/11992\/revisions"}],"wp:featuredmedia":[{"embeddable":true,"href":"https:\/\/turkmenexporter.com\/tr\/wp-json\/wp\/v2\/media\/11284"}],"wp:attachment":[{"href":"https:\/\/turkmenexporter.com\/tr\/wp-json\/wp\/v2\/media?parent=11992"}],"wp:term":[{"taxonomy":"brand","embeddable":true,"href":"https:\/\/turkmenexporter.com\/tr\/wp-json\/wp\/v2\/brand?post=11992"},{"taxonomy":"product_cat","embeddable":true,"href":"https:\/\/turkmenexporter.com\/tr\/wp-json\/wp\/v2\/product_cat?post=11992"},{"taxonomy":"product_tag","embeddable":true,"href":"https:\/\/turkmenexporter.com\/tr\/wp-json\/wp\/v2\/product_tag?post=11992"}],"curies":[{"name":"wp","href":"https:\/\/api.w.org\/{rel}","templated":true}]}}