{"id":12000,"date":"2024-10-01T21:29:07","date_gmt":"2024-10-01T16:29:07","guid":{"rendered":"https:\/\/turkmenexporter.com\/product\/hindi-eti-basturma\/"},"modified":"2024-10-01T21:29:07","modified_gmt":"2024-10-01T16:29:07","slug":"hindi-eti-basturma","status":"publish","type":"product","link":"https:\/\/turkmenexporter.com\/tr\/urun\/hindi-eti-basturma\/","title":{"rendered":"Hindi etli basturma"},"content":{"rendered":"<p>\u0130\u00e7indekiler: Hindi g\u00f6\u011fs\u00fc, sofra tuzu, yenibahar, \u00f6\u011f\u00fct\u00fclm\u00fc\u015f k\u0131rm\u0131z\u0131 biber, sar\u0131msak.<br \/>\nA\u011f\u0131rl\u0131k: 300 g.<br \/>\nSaklama ko\u015fullar\u0131: 0\u00b0C ila +6\u00b0C.<br \/>\nRaf \u00f6mr\u00fc: 45 g\u00fcn   <\/p>\n","protected":false},"excerpt":{"rendered":"<p>Hindi etli basturma 300 g.<br \/>\nHelal sertifikas\u0131 <\/p>\n","protected":false},"featured_media":11314,"comment_status":"open","ping_status":"closed","template":"","meta":{"_acf_changed":false},"brand":[808],"product_cat":[814],"product_tag":[],"class_list":{"0":"post-12000","1":"product","2":"type-product","3":"status-publish","4":"has-post-thumbnail","6":"brand-maksada-okgunly-tr","7":"product_cat-hindi-eti","9":"first","10":"instock","11":"shipping-taxable","12":"purchasable","13":"product-type-simple"},"acf":[],"_links":{"self":[{"href":"https:\/\/turkmenexporter.com\/tr\/wp-json\/wp\/v2\/product\/12000","targetHints":{"allow":["GET"]}}],"collection":[{"href":"https:\/\/turkmenexporter.com\/tr\/wp-json\/wp\/v2\/product"}],"about":[{"href":"https:\/\/turkmenexporter.com\/tr\/wp-json\/wp\/v2\/types\/product"}],"replies":[{"embeddable":true,"href":"https:\/\/turkmenexporter.com\/tr\/wp-json\/wp\/v2\/comments?post=12000"}],"version-history":[{"count":0,"href":"https:\/\/turkmenexporter.com\/tr\/wp-json\/wp\/v2\/product\/12000\/revisions"}],"wp:featuredmedia":[{"embeddable":true,"href":"https:\/\/turkmenexporter.com\/tr\/wp-json\/wp\/v2\/media\/11314"}],"wp:attachment":[{"href":"https:\/\/turkmenexporter.com\/tr\/wp-json\/wp\/v2\/media?parent=12000"}],"wp:term":[{"taxonomy":"brand","embeddable":true,"href":"https:\/\/turkmenexporter.com\/tr\/wp-json\/wp\/v2\/brand?post=12000"},{"taxonomy":"product_cat","embeddable":true,"href":"https:\/\/turkmenexporter.com\/tr\/wp-json\/wp\/v2\/product_cat?post=12000"},{"taxonomy":"product_tag","embeddable":true,"href":"https:\/\/turkmenexporter.com\/tr\/wp-json\/wp\/v2\/product_tag?post=12000"}],"curies":[{"name":"wp","href":"https:\/\/api.w.org\/{rel}","templated":true}]}}