{"id":12018,"date":"2024-10-01T21:29:21","date_gmt":"2024-10-01T16:29:21","guid":{"rendered":"https:\/\/turkmenexporter.com\/product\/pismis-ve-fume-hindi-incik\/"},"modified":"2024-10-01T21:29:21","modified_gmt":"2024-10-01T16:29:21","slug":"pismis-ve-fume-hindi-incik","status":"publish","type":"product","link":"https:\/\/turkmenexporter.com\/tr\/urun\/pismis-ve-fume-hindi-incik\/","title":{"rendered":"Pi\u015firilmi\u015f ve T\u00fcts\u00fclenmi\u015f hindi incik"},"content":{"rendered":"<p>\u0130\u00e7indekiler: Hindi incik, sofra tuzu, koruyucu E 250, kompleks g\u0131da katk\u0131 maddesi.<br \/>\nA\u011f\u0131rl\u0131k: 355 g.<br \/>\nSaklama ko\u015fullar\u0131: 0\u00b0C ila +4\u00b0C.<br \/>\nRaf \u00f6mr\u00fc: 30 g\u00fcn   <\/p>\n","protected":false},"excerpt":{"rendered":"<p>Pi\u015firilmi\u015f ve T\u00fcts\u00fclenmi\u015f hindi incik 355 g.<br \/>\nHelal sertifikas\u0131 <\/p>\n","protected":false},"featured_media":11434,"comment_status":"open","ping_status":"closed","template":"","meta":{"_acf_changed":false},"brand":[808],"product_cat":[814],"product_tag":[],"class_list":{"0":"post-12018","1":"product","2":"type-product","3":"status-publish","4":"has-post-thumbnail","6":"brand-maksada-okgunly-tr","7":"product_cat-hindi-eti","9":"first","10":"instock","11":"shipping-taxable","12":"purchasable","13":"product-type-simple"},"acf":[],"_links":{"self":[{"href":"https:\/\/turkmenexporter.com\/tr\/wp-json\/wp\/v2\/product\/12018","targetHints":{"allow":["GET"]}}],"collection":[{"href":"https:\/\/turkmenexporter.com\/tr\/wp-json\/wp\/v2\/product"}],"about":[{"href":"https:\/\/turkmenexporter.com\/tr\/wp-json\/wp\/v2\/types\/product"}],"replies":[{"embeddable":true,"href":"https:\/\/turkmenexporter.com\/tr\/wp-json\/wp\/v2\/comments?post=12018"}],"version-history":[{"count":0,"href":"https:\/\/turkmenexporter.com\/tr\/wp-json\/wp\/v2\/product\/12018\/revisions"}],"wp:featuredmedia":[{"embeddable":true,"href":"https:\/\/turkmenexporter.com\/tr\/wp-json\/wp\/v2\/media\/11434"}],"wp:attachment":[{"href":"https:\/\/turkmenexporter.com\/tr\/wp-json\/wp\/v2\/media?parent=12018"}],"wp:term":[{"taxonomy":"brand","embeddable":true,"href":"https:\/\/turkmenexporter.com\/tr\/wp-json\/wp\/v2\/brand?post=12018"},{"taxonomy":"product_cat","embeddable":true,"href":"https:\/\/turkmenexporter.com\/tr\/wp-json\/wp\/v2\/product_cat?post=12018"},{"taxonomy":"product_tag","embeddable":true,"href":"https:\/\/turkmenexporter.com\/tr\/wp-json\/wp\/v2\/product_tag?post=12018"}],"curies":[{"name":"wp","href":"https:\/\/api.w.org\/{rel}","templated":true}]}}