{"id":12019,"date":"2024-10-01T21:29:19","date_gmt":"2024-10-01T16:29:19","guid":{"rendered":"https:\/\/turkmenexporter.com\/product\/cig-fume-hindi-eti-perganat\/"},"modified":"2024-10-01T21:29:19","modified_gmt":"2024-10-01T16:29:19","slug":"cig-fume-hindi-eti-perganat","status":"publish","type":"product","link":"https:\/\/turkmenexporter.com\/tr\/urun\/cig-fume-hindi-eti-perganat\/","title":{"rendered":"\u00c7i\u011f t\u00fcts\u00fclenmi\u015f hindi eti Perganat"},"content":{"rendered":"<p>\u0130\u00e7indekiler: Hindi g\u00f6\u011f\u00fcs fileto, \u00f6\u011f\u00fct\u00fclm\u00fc\u015f karabiber, fesle\u011fen, hindistan cevizi, sofra tuzu, koruyucu E 250.<br \/>\nA\u011f\u0131rl\u0131k: 520 g.<br \/>\nSaklama ko\u015fullar\u0131: 0\u00b0C ila +4\u00b0C.<br \/>\nRaf \u00f6mr\u00fc: 30 g\u00fcn   <\/p>\n","protected":false},"excerpt":{"rendered":"<p>\u00c7i\u011f t\u00fcts\u00fclenmi\u015f hindi eti Perganat 520 g.<br \/>\nHelal sertifikas\u0131 <\/p>\n","protected":false},"featured_media":11266,"comment_status":"open","ping_status":"closed","template":"","meta":{"_acf_changed":false},"brand":[808],"product_cat":[814],"product_tag":[852],"class_list":{"0":"post-12019","1":"product","2":"type-product","3":"status-publish","4":"has-post-thumbnail","6":"brand-maksada-okgunly-tr","7":"product_cat-hindi-eti","8":"product_tag-front-product-tr","10":"first","11":"instock","12":"shipping-taxable","13":"purchasable","14":"product-type-simple"},"acf":[],"_links":{"self":[{"href":"https:\/\/turkmenexporter.com\/tr\/wp-json\/wp\/v2\/product\/12019","targetHints":{"allow":["GET"]}}],"collection":[{"href":"https:\/\/turkmenexporter.com\/tr\/wp-json\/wp\/v2\/product"}],"about":[{"href":"https:\/\/turkmenexporter.com\/tr\/wp-json\/wp\/v2\/types\/product"}],"replies":[{"embeddable":true,"href":"https:\/\/turkmenexporter.com\/tr\/wp-json\/wp\/v2\/comments?post=12019"}],"version-history":[{"count":0,"href":"https:\/\/turkmenexporter.com\/tr\/wp-json\/wp\/v2\/product\/12019\/revisions"}],"wp:featuredmedia":[{"embeddable":true,"href":"https:\/\/turkmenexporter.com\/tr\/wp-json\/wp\/v2\/media\/11266"}],"wp:attachment":[{"href":"https:\/\/turkmenexporter.com\/tr\/wp-json\/wp\/v2\/media?parent=12019"}],"wp:term":[{"taxonomy":"brand","embeddable":true,"href":"https:\/\/turkmenexporter.com\/tr\/wp-json\/wp\/v2\/brand?post=12019"},{"taxonomy":"product_cat","embeddable":true,"href":"https:\/\/turkmenexporter.com\/tr\/wp-json\/wp\/v2\/product_cat?post=12019"},{"taxonomy":"product_tag","embeddable":true,"href":"https:\/\/turkmenexporter.com\/tr\/wp-json\/wp\/v2\/product_tag?post=12019"}],"curies":[{"name":"wp","href":"https:\/\/api.w.org\/{rel}","templated":true}]}}