{"id":12026,"date":"2024-10-01T21:29:23","date_gmt":"2024-10-01T16:29:23","guid":{"rendered":"https:\/\/turkmenexporter.com\/product\/pismis-ve-tutsulenmis-hindi-biftek\/"},"modified":"2024-10-01T21:29:23","modified_gmt":"2024-10-01T16:29:23","slug":"pismis-ve-tutsulenmis-hindi-biftek","status":"publish","type":"product","link":"https:\/\/turkmenexporter.com\/tr\/urun\/pismis-ve-tutsulenmis-hindi-biftek\/","title":{"rendered":"Pi\u015firilmi\u015f ve T\u00fcts\u00fclenmi\u015f hindi but"},"content":{"rendered":"<p>\u0130\u00e7indekiler: Hindi but, sofra tuzu, koruyucu E 250, kompleks g\u0131da katk\u0131 maddesi.<br \/>\nA\u011f\u0131rl\u0131k: 355 g.<br \/>\nSaklama ko\u015fullar\u0131: 0\u00b0C ila +4\u00b0C.<br \/>\nRaf \u00f6mr\u00fc: 30 g\u00fcn   <\/p>\n","protected":false},"excerpt":{"rendered":"<p>Pi\u015fmi\u015f ve T\u00fcts\u00fclenmi\u015f hindi but 355 g.<br \/>\nHelal sertifikas\u0131 <\/p>\n","protected":false},"featured_media":11440,"comment_status":"open","ping_status":"closed","template":"","meta":{"_acf_changed":false},"brand":[808],"product_cat":[814],"product_tag":[],"class_list":{"0":"post-12026","1":"product","2":"type-product","3":"status-publish","4":"has-post-thumbnail","6":"brand-maksada-okgunly-tr","7":"product_cat-hindi-eti","9":"first","10":"instock","11":"shipping-taxable","12":"purchasable","13":"product-type-simple"},"acf":[],"_links":{"self":[{"href":"https:\/\/turkmenexporter.com\/tr\/wp-json\/wp\/v2\/product\/12026","targetHints":{"allow":["GET"]}}],"collection":[{"href":"https:\/\/turkmenexporter.com\/tr\/wp-json\/wp\/v2\/product"}],"about":[{"href":"https:\/\/turkmenexporter.com\/tr\/wp-json\/wp\/v2\/types\/product"}],"replies":[{"embeddable":true,"href":"https:\/\/turkmenexporter.com\/tr\/wp-json\/wp\/v2\/comments?post=12026"}],"version-history":[{"count":0,"href":"https:\/\/turkmenexporter.com\/tr\/wp-json\/wp\/v2\/product\/12026\/revisions"}],"wp:featuredmedia":[{"embeddable":true,"href":"https:\/\/turkmenexporter.com\/tr\/wp-json\/wp\/v2\/media\/11440"}],"wp:attachment":[{"href":"https:\/\/turkmenexporter.com\/tr\/wp-json\/wp\/v2\/media?parent=12026"}],"wp:term":[{"taxonomy":"brand","embeddable":true,"href":"https:\/\/turkmenexporter.com\/tr\/wp-json\/wp\/v2\/brand?post=12026"},{"taxonomy":"product_cat","embeddable":true,"href":"https:\/\/turkmenexporter.com\/tr\/wp-json\/wp\/v2\/product_cat?post=12026"},{"taxonomy":"product_tag","embeddable":true,"href":"https:\/\/turkmenexporter.com\/tr\/wp-json\/wp\/v2\/product_tag?post=12026"}],"curies":[{"name":"wp","href":"https:\/\/api.w.org\/{rel}","templated":true}]}}