{"id":12488,"date":"2024-10-31T02:03:56","date_gmt":"2024-10-30T21:03:56","guid":{"rendered":"https:\/\/turkmenexporter.com\/product\/dekoratif-turkmen-halisi\/"},"modified":"2024-10-31T02:03:56","modified_gmt":"2024-10-30T21:03:56","slug":"dekoratif-turkmen-halisi","status":"publish","type":"product","link":"https:\/\/turkmenexporter.com\/tr\/urun\/dekoratif-turkmen-halisi\/","title":{"rendered":"Dekoratif T\u00fcrkmen Hal\u0131s\u0131"},"content":{"rendered":"<p>Dekoratif T\u00fcrkmen Hal\u0131s\u0131 &#8211; Dekoratif el yap\u0131m\u0131 T\u00fcrkmen hal\u0131s\u0131, ya\u015fam alanlar\u0131n\u0131z\u0131 g\u00fczelle\u015ftirmek i\u00e7in ideal. Temel: Y\u00fcn, Hav: Y\u00fcn, Dokuma Tipi: Elle D\u00fc\u011f\u00fcmlenmi\u015f (Asimetrik D\u00fc\u011f\u00fcm), D\u00fc\u011f\u00fcm Yo\u011funlu\u011fu: Metrekare Ba\u015f\u0131na yakla\u015f\u0131k 280.000 D\u00fc\u011f\u00fcm, Kal\u0131nl\u0131k: \u224810 mm, Boyut: M\u00fc\u015fterinin ihtiyac\u0131na g\u00f6re.  <\/p>\n","protected":false},"excerpt":{"rendered":"<p>Dekoratif T\u00fcrkmen hal\u0131s\u0131, ya\u015fam alanlar\u0131n\u0131z\u0131 g\u00fczelle\u015ftirmek i\u00e7in ideal. Metrekare ba\u015f\u0131na fiyat. <\/p>\n","protected":false},"featured_media":12390,"comment_status":"open","ping_status":"closed","template":"","meta":{"_acf_changed":false},"brand":[864],"product_cat":[858],"product_tag":[],"class_list":{"0":"post-12488","1":"product","2":"type-product","3":"status-publish","4":"has-post-thumbnail","6":"brand-kumush-yupek-tr","7":"product_cat-halilar","9":"first","10":"instock","11":"shipping-taxable","12":"purchasable","13":"product-type-simple"},"acf":[],"_links":{"self":[{"href":"https:\/\/turkmenexporter.com\/tr\/wp-json\/wp\/v2\/product\/12488","targetHints":{"allow":["GET"]}}],"collection":[{"href":"https:\/\/turkmenexporter.com\/tr\/wp-json\/wp\/v2\/product"}],"about":[{"href":"https:\/\/turkmenexporter.com\/tr\/wp-json\/wp\/v2\/types\/product"}],"replies":[{"embeddable":true,"href":"https:\/\/turkmenexporter.com\/tr\/wp-json\/wp\/v2\/comments?post=12488"}],"version-history":[{"count":0,"href":"https:\/\/turkmenexporter.com\/tr\/wp-json\/wp\/v2\/product\/12488\/revisions"}],"wp:featuredmedia":[{"embeddable":true,"href":"https:\/\/turkmenexporter.com\/tr\/wp-json\/wp\/v2\/media\/12390"}],"wp:attachment":[{"href":"https:\/\/turkmenexporter.com\/tr\/wp-json\/wp\/v2\/media?parent=12488"}],"wp:term":[{"taxonomy":"brand","embeddable":true,"href":"https:\/\/turkmenexporter.com\/tr\/wp-json\/wp\/v2\/brand?post=12488"},{"taxonomy":"product_cat","embeddable":true,"href":"https:\/\/turkmenexporter.com\/tr\/wp-json\/wp\/v2\/product_cat?post=12488"},{"taxonomy":"product_tag","embeddable":true,"href":"https:\/\/turkmenexporter.com\/tr\/wp-json\/wp\/v2\/product_tag?post=12488"}],"curies":[{"name":"wp","href":"https:\/\/api.w.org\/{rel}","templated":true}]}}