{"id":13545,"date":"2025-02-19T06:38:47","date_gmt":"2025-02-19T01:38:47","guid":{"rendered":"https:\/\/turkmenexporter.com\/product\/frieze-iplik\/"},"modified":"2025-10-01T22:11:47","modified_gmt":"2025-10-01T17:11:47","slug":"frieze-iplik","status":"publish","type":"product","link":"https:\/\/turkmenexporter.com\/tr\/urun\/frieze-iplik\/","title":{"rendered":"Frieze \u0130plik"},"content":{"rendered":"<p>Golden Yarn&#8217;\u0131n Frieze \u0130plikleri yumu\u015fak, pel\u00fc\u015f ve l\u00fcks hal\u0131lar ve kilimler olu\u015fturmak i\u00e7in pop\u00fcler bir se\u00e7imdir. Bu k\u0131v\u0131rc\u0131k, dokulu iplikler, her t\u00fcrl\u00fc zemin kaplamas\u0131na zengin, \u00fc\u00e7 boyutlu bir g\u00f6r\u00fcn\u00fcm katarak benzersiz bir estetik \u00e7ekicilik sa\u011flar. Hem konut hem de ticari alanlar i\u00e7in m\u00fckemmel olan Frieze \u0130pliklerimiz, uzun \u00f6m\u00fcrl\u00fcl\u00fck, kolay bak\u0131m ve ayak alt\u0131nda rahat bir his sa\u011flayan y\u00fcksek kaliteli polipropilenden \u00fcretilmi\u015ftir. \u0130plikler, k\u0131v\u0131rc\u0131k dokular\u0131n\u0131 zaman i\u00e7inde koruyarak g\u00fczelli\u011fini ve yumu\u015fakl\u0131\u011f\u0131n\u0131 y\u0131llarca muhafaza edecek \u015fekilde tasarlanm\u0131\u015ft\u0131r. Hammadde: Polipropilen (PP)    <\/p>\n<p class=\"elementor-heading-title elementor-size-default\"><strong>Belirli bir sipari\u015f verebilirsiniz:<\/strong><\/p>\n<div class=\"elementor-element elementor-element-1ab09687 e-flex e-con-boxed e-con e-parent e-lazyloaded\" data-id=\"1ab09687\" data-element_type=\"container\">\n<div class=\"e-con-inner\">\n<div class=\"elementor-element elementor-element-1494d99a elementor-widget__width-initial elementor-widget elementor-widget-icon-box\" data-id=\"1494d99a\" data-element_type=\"widget\" data-widget_type=\"icon-box.default\">\n<div class=\"elementor-widget-container\">\n<div class=\"elementor-icon-box-wrapper\">\n<div class=\"elementor-icon-box-content\">\n<p class=\"elementor-icon-box-description\"><strong>Dtex: <\/strong>800 ila 5000 dtex<\/p>\n<\/div>\n<\/div>\n<\/div>\n<\/div>\n<div class=\"elementor-element elementor-element-373b1101 elementor-widget__width-initial elementor-widget elementor-widget-icon-box\" data-id=\"373b1101\" data-element_type=\"widget\" data-widget_type=\"icon-box.default\">\n<div class=\"elementor-widget-container\">\n<div class=\"elementor-icon-box-wrapper\">\n<div class=\"elementor-icon-box-content\">\n<p class=\"elementor-icon-box-title\"><strong>Filamentler : <\/strong>120-480<\/p>\n<\/div>\n<\/div>\n<\/div>\n<\/div>\n<div class=\"elementor-element elementor-element-6a7f98ee elementor-widget__width-initial elementor-widget elementor-widget-icon-box\" data-id=\"6a7f98ee\" data-element_type=\"widget\" data-widget_type=\"icon-box.default\">\n<div class=\"elementor-widget-container\">\n<div class=\"elementor-icon-box-wrapper\">\n<div class=\"elementor-icon-box-content\">\n<p class=\"elementor-icon-box-title\"><strong>Spinnerette formu : <\/strong>Trilobal, Delta, Dairesel (veya \u00f6zel se\u00e7enekler)<\/p>\n<\/div>\n<\/div>\n<\/div>\n<\/div>\n<div class=\"elementor-element elementor-element-3410f007 elementor-widget__width-initial elementor-widget elementor-widget-icon-box\" data-id=\"3410f007\" data-element_type=\"widget\" data-widget_type=\"icon-box.default\">\n<div class=\"elementor-widget-container\">\n<div class=\"elementor-icon-box-wrapper\">\n<div class=\"elementor-icon-box-content\">\n<p class=\"elementor-icon-box-title\"><strong>Uzama (%) : <\/strong>30-60<\/p>\n<\/div>\n<\/div>\n<\/div>\n<\/div>\n<div class=\"elementor-element elementor-element-23d3366b elementor-widget__width-initial elementor-widget elementor-widget-icon-box\" data-id=\"23d3366b\" data-element_type=\"widget\" data-widget_type=\"icon-box.default\">\n<div class=\"elementor-widget-container\">\n<div class=\"elementor-icon-box-wrapper\">\n<div class=\"elementor-icon-box-content\">\n<p class=\"elementor-icon-box-title\"><strong>Dayan\u0131kl\u0131l\u0131k : <\/strong>1,8-2,5<\/p>\n<\/div>\n<\/div>\n<\/div>\n<\/div>\n<\/div>\n<\/div>\n<div class=\"elementor-element elementor-element-2a0a0695 e-flex e-con-boxed e-con e-parent e-lazyloaded\" data-id=\"2a0a0695\" data-element_type=\"container\">\n<div class=\"e-con-inner\">\n<div class=\"elementor-element elementor-element-750c817 elementor-widget__width-initial elementor-widget elementor-widget-icon-box\" data-id=\"750c817\" data-element_type=\"widget\" data-widget_type=\"icon-box.default\">\n<div class=\"elementor-widget-container\">\n<div class=\"elementor-icon-box-wrapper\">\n<div class=\"elementor-icon-box-content\">\n<p class=\"elementor-icon-box-title\"><strong>K\u0131vr\u0131m (%) : <\/strong>18-25<\/p>\n<\/div>\n<\/div>\n<\/div>\n<\/div>\n<div class=\"elementor-element elementor-element-2f0e9b54 elementor-widget__width-initial elementor-widget elementor-widget-icon-box\" data-id=\"2f0e9b54\" data-element_type=\"widget\" data-widget_type=\"icon-box.default\">\n<div class=\"elementor-widget-container\">\n<div class=\"elementor-icon-box-wrapper\">\n<div class=\"elementor-icon-box-content\">\n<p class=\"elementor-icon-box-title\"><strong>B\u00fcz\u00fclme (%) : <\/strong>3-5<\/p>\n<\/div>\n<\/div>\n<\/div>\n<\/div>\n<div class=\"elementor-element elementor-element-39a09b87 elementor-widget__width-initial elementor-widget elementor-widget-icon-box\" data-id=\"39a09b87\" data-element_type=\"widget\" data-widget_type=\"icon-box.default\">\n<div class=\"elementor-widget-container\">\n<div class=\"elementor-icon-box-wrapper\">\n<div class=\"elementor-icon-box-content\">\n<p class=\"elementor-icon-box-title\"><strong>E\u011firme Ya\u011f\u0131 (%) : <\/strong>0,8 &#8211; 1,2<\/p>\n<\/div>\n<\/div>\n<\/div>\n<\/div>\n<div class=\"elementor-element elementor-element-344410d1 elementor-widget__width-initial elementor-widget elementor-widget-icon-box\" data-id=\"344410d1\" data-element_type=\"widget\" data-widget_type=\"icon-box.default\">\n<div class=\"elementor-widget-container\">\n<div class=\"elementor-icon-box-wrapper\">\n<div class=\"elementor-icon-box-content\">\n<p class=\"elementor-icon-box-title\"><strong>S\u00fcrt\u00fcnme Hasl\u0131\u011f\u0131 : <\/strong>6-7<\/p>\n<\/div>\n<\/div>\n<\/div>\n<\/div>\n<div class=\"elementor-element elementor-element-56acd590 elementor-widget__width-initial elementor-widget elementor-widget-icon-box\" data-id=\"56acd590\" data-element_type=\"widget\" data-widget_type=\"icon-box.default\">\n<div class=\"elementor-widget-container\">\n<div class=\"elementor-icon-box-wrapper\">\n<div class=\"elementor-icon-box-content\">\n<p class=\"elementor-icon-box-title\"><strong>B\u00fck\u00fcm : <\/strong>40 TPM-700 Tpm S, Z Tekli ve Kablolama<\/p>\n<\/div>\n<\/div>\n<\/div>\n<\/div>\n<div class=\"elementor-element elementor-element-54cd13ff elementor-widget__width-initial elementor-widget elementor-widget-icon-box\" data-id=\"54cd13ff\" data-element_type=\"widget\" data-widget_type=\"icon-box.default\">\n<div class=\"elementor-widget-container\">\n<div class=\"elementor-icon-box-wrapper\">\n<div class=\"elementor-icon-box-content\">\n<p class=\"elementor-icon-box-title\"><strong>D\u00fc\u011f\u00fcm say\u0131lar\u0131 (m) : <\/strong>20-35<\/p>\n<\/div>\n<\/div>\n<\/div>\n<\/div>\n<\/div>\n<\/div>\n","protected":false},"excerpt":{"rendered":"<p>Belirtilen fiyat 1 kg i\u00e7indir.<\/p>\n<p>Golden Yarn&#8217;\u0131n Frieze \u0130plikleri, pel\u00fc\u015f, yumu\u015fak hal\u0131lar ve kilimler yaratan l\u00fcks bir k\u0131v\u0131rc\u0131k dokuya sahiptir. Hem konut hem de ticari alanlar i\u00e7in ideal olan bu iplikler dayan\u0131kl\u0131l\u0131k ve konfor sa\u011flar. <\/p>\n","protected":false},"featured_media":13343,"comment_status":"open","ping_status":"closed","template":"","meta":{"_acf_changed":false},"brand":[871],"product_cat":[883],"product_tag":[],"class_list":{"0":"post-13545","1":"product","2":"type-product","3":"status-publish","4":"has-post-thumbnail","6":"brand-golden-yarn-tr","7":"product_cat-halilar-icin-polipropilen-iplikler","9":"first","10":"instock","11":"shipping-taxable","12":"purchasable","13":"product-type-simple"},"acf":[],"_links":{"self":[{"href":"https:\/\/turkmenexporter.com\/tr\/wp-json\/wp\/v2\/product\/13545","targetHints":{"allow":["GET"]}}],"collection":[{"href":"https:\/\/turkmenexporter.com\/tr\/wp-json\/wp\/v2\/product"}],"about":[{"href":"https:\/\/turkmenexporter.com\/tr\/wp-json\/wp\/v2\/types\/product"}],"replies":[{"embeddable":true,"href":"https:\/\/turkmenexporter.com\/tr\/wp-json\/wp\/v2\/comments?post=13545"}],"version-history":[{"count":0,"href":"https:\/\/turkmenexporter.com\/tr\/wp-json\/wp\/v2\/product\/13545\/revisions"}],"wp:featuredmedia":[{"embeddable":true,"href":"https:\/\/turkmenexporter.com\/tr\/wp-json\/wp\/v2\/media\/13343"}],"wp:attachment":[{"href":"https:\/\/turkmenexporter.com\/tr\/wp-json\/wp\/v2\/media?parent=13545"}],"wp:term":[{"taxonomy":"brand","embeddable":true,"href":"https:\/\/turkmenexporter.com\/tr\/wp-json\/wp\/v2\/brand?post=13545"},{"taxonomy":"product_cat","embeddable":true,"href":"https:\/\/turkmenexporter.com\/tr\/wp-json\/wp\/v2\/product_cat?post=13545"},{"taxonomy":"product_tag","embeddable":true,"href":"https:\/\/turkmenexporter.com\/tr\/wp-json\/wp\/v2\/product_tag?post=13545"}],"curies":[{"name":"wp","href":"https:\/\/api.w.org\/{rel}","templated":true}]}}