{"id":13683,"date":"2025-03-01T22:15:07","date_gmt":"2025-03-01T17:15:07","guid":{"rendered":"https:\/\/turkmenexporter.com\/product\/havadar-krakerler\/"},"modified":"2025-03-22T23:41:54","modified_gmt":"2025-03-22T18:41:54","slug":"havadar-krakerler","status":"publish","type":"product","link":"https:\/\/turkmenexporter.com\/tr\/urun\/havadar-krakerler\/","title":{"rendered":"Havadar krakerler"},"content":{"rendered":"<p>\u00dcr\u00fcn bile\u015fimi: \u00fcst s\u0131n\u0131f bu\u011fday unu, m\u0131s\u0131r unu, pirin\u00e7 unu, s\u00fct tozu, sofra tuzu, do\u011fal kurutulmu\u015f dereotu.<\/p>\n<p>Depolama ko\u015fullar\u0131: Kuru ve serin bir yerde, 18 \u00b0C y\u00fcksek s\u0131cakl\u0131kta ve nem oran\u0131 %70&#8217;i ge\u00e7meyecek \u015fekilde muhafaza edilmelidir.<\/p>\n<p>Raf \u00f6mr\u00fc: 9 ay. \u00dcr\u00fcn sertifikal\u0131d\u0131r.<br \/>\nGDO i\u00e7ermez. <\/p>\n","protected":false},"excerpt":{"rendered":"<p>Diyet kraker 150 g.<br \/>\nKutu i\u00e7inde 15 adet.<br \/>\nBr\u00fct kutu a\u011f\u0131rl\u0131\u011f\u0131 2,7 kg.<\/p>\n","protected":false},"featured_media":13668,"comment_status":"open","ping_status":"closed","template":"","meta":{"_acf_changed":false},"brand":[900],"product_cat":[906],"product_tag":[],"class_list":{"0":"post-13683","1":"product","2":"type-product","3":"status-publish","4":"has-post-thumbnail","6":"brand-balsheker-tr","7":"product_cat-krakerler","9":"first","10":"instock","11":"shipping-taxable","12":"purchasable","13":"product-type-simple"},"acf":[],"_links":{"self":[{"href":"https:\/\/turkmenexporter.com\/tr\/wp-json\/wp\/v2\/product\/13683","targetHints":{"allow":["GET"]}}],"collection":[{"href":"https:\/\/turkmenexporter.com\/tr\/wp-json\/wp\/v2\/product"}],"about":[{"href":"https:\/\/turkmenexporter.com\/tr\/wp-json\/wp\/v2\/types\/product"}],"replies":[{"embeddable":true,"href":"https:\/\/turkmenexporter.com\/tr\/wp-json\/wp\/v2\/comments?post=13683"}],"version-history":[{"count":4,"href":"https:\/\/turkmenexporter.com\/tr\/wp-json\/wp\/v2\/product\/13683\/revisions"}],"predecessor-version":[{"id":14270,"href":"https:\/\/turkmenexporter.com\/tr\/wp-json\/wp\/v2\/product\/13683\/revisions\/14270"}],"wp:featuredmedia":[{"embeddable":true,"href":"https:\/\/turkmenexporter.com\/tr\/wp-json\/wp\/v2\/media\/13668"}],"wp:attachment":[{"href":"https:\/\/turkmenexporter.com\/tr\/wp-json\/wp\/v2\/media?parent=13683"}],"wp:term":[{"taxonomy":"brand","embeddable":true,"href":"https:\/\/turkmenexporter.com\/tr\/wp-json\/wp\/v2\/brand?post=13683"},{"taxonomy":"product_cat","embeddable":true,"href":"https:\/\/turkmenexporter.com\/tr\/wp-json\/wp\/v2\/product_cat?post=13683"},{"taxonomy":"product_tag","embeddable":true,"href":"https:\/\/turkmenexporter.com\/tr\/wp-json\/wp\/v2\/product_tag?post=13683"}],"curies":[{"name":"wp","href":"https:\/\/api.w.org\/{rel}","templated":true}]}}