{"id":13739,"date":"2025-03-03T22:40:23","date_gmt":"2025-03-03T17:40:23","guid":{"rendered":"https:\/\/turkmenexporter.com\/product\/alemgoshar-sugar-drops\/"},"modified":"2025-03-22T23:41:47","modified_gmt":"2025-03-22T18:41:47","slug":"alemgoshar-seker-damlasi","status":"publish","type":"product","link":"https:\/\/turkmenexporter.com\/tr\/urun\/alemgoshar-seker-damlasi\/","title":{"rendered":"ALEMGOSHAR \u015eeker Damlas\u0131"},"content":{"rendered":"<p>\u0130\u00e7indekiler: Toz \u015feker, melas, asitlik d\u00fczenleyici sitrik asit (E330), kapol, do\u011fala \u00f6zde\u015f aromalar \u201cLimon\u201d, \u201cKarpuz\u201d, \u201cElma\u201d, g\u0131da boyalar\u0131 E102, E124, E102 + E133. Saklama ko\u015fullar\u0131: Kuru ve serin bir yerde, 18+3 \u00b0C y\u00fcksek s\u0131cakl\u0131kta ve nem oran\u0131 %75&#8217;i ge\u00e7meyecek \u015fekilde muhafaza edilmelidir. <\/p>\n<p>Raf \u00f6mr\u00fc: 12 ay. \u00dcr\u00fcn sertifikal\u0131d\u0131r.<br \/>\nGDO i\u00e7ermez.<\/p>\n","protected":false},"excerpt":{"rendered":"<p>Damla \u015feker paketi 25 g.<\/p>\n<p>Bir pakette 32 paket. Bir kutuda 8 paket. <\/p>\n<p>Br\u00fct kutu a\u011f\u0131rl\u0131\u011f\u0131 7,1 kg.<\/p>\n","protected":false},"featured_media":13704,"comment_status":"open","ping_status":"closed","template":"","meta":{"_acf_changed":false},"brand":[900],"product_cat":[323],"product_tag":[],"class_list":{"0":"post-13739","1":"product","2":"type-product","3":"status-publish","4":"has-post-thumbnail","6":"brand-balsheker-tr","7":"product_cat-sekerler","9":"first","10":"instock","11":"shipping-taxable","12":"purchasable","13":"product-type-simple"},"acf":[],"_links":{"self":[{"href":"https:\/\/turkmenexporter.com\/tr\/wp-json\/wp\/v2\/product\/13739","targetHints":{"allow":["GET"]}}],"collection":[{"href":"https:\/\/turkmenexporter.com\/tr\/wp-json\/wp\/v2\/product"}],"about":[{"href":"https:\/\/turkmenexporter.com\/tr\/wp-json\/wp\/v2\/types\/product"}],"replies":[{"embeddable":true,"href":"https:\/\/turkmenexporter.com\/tr\/wp-json\/wp\/v2\/comments?post=13739"}],"version-history":[{"count":4,"href":"https:\/\/turkmenexporter.com\/tr\/wp-json\/wp\/v2\/product\/13739\/revisions"}],"predecessor-version":[{"id":14262,"href":"https:\/\/turkmenexporter.com\/tr\/wp-json\/wp\/v2\/product\/13739\/revisions\/14262"}],"wp:featuredmedia":[{"embeddable":true,"href":"https:\/\/turkmenexporter.com\/tr\/wp-json\/wp\/v2\/media\/13704"}],"wp:attachment":[{"href":"https:\/\/turkmenexporter.com\/tr\/wp-json\/wp\/v2\/media?parent=13739"}],"wp:term":[{"taxonomy":"brand","embeddable":true,"href":"https:\/\/turkmenexporter.com\/tr\/wp-json\/wp\/v2\/brand?post=13739"},{"taxonomy":"product_cat","embeddable":true,"href":"https:\/\/turkmenexporter.com\/tr\/wp-json\/wp\/v2\/product_cat?post=13739"},{"taxonomy":"product_tag","embeddable":true,"href":"https:\/\/turkmenexporter.com\/tr\/wp-json\/wp\/v2\/product_tag?post=13739"}],"curies":[{"name":"wp","href":"https:\/\/api.w.org\/{rel}","templated":true}]}}