{"id":13740,"date":"2025-03-04T00:11:32","date_gmt":"2025-03-03T19:11:32","guid":{"rendered":"https:\/\/turkmenexporter.com\/product\/kepek-diyeti-gidalari\/"},"modified":"2025-03-22T23:41:48","modified_gmt":"2025-03-22T18:41:48","slug":"kepek-diyeti-gidalari","status":"publish","type":"product","link":"https:\/\/turkmenexporter.com\/tr\/urun\/kepek-diyeti-gidalari\/","title":{"rendered":"Kepek diyeti g\u0131dalar\u0131"},"content":{"rendered":"<p>\u00dcr\u00fcn bile\u015fimi: birinci s\u0131n\u0131f bu\u011fday unu, bu\u011fday kepe\u011fi, karabu\u011fday kepe\u011fi, \u00e7avdar unu, m\u0131s\u0131r unu, yulaf unu, pirin\u00e7 unu, kakao tozu, ki\u015fni\u015f, tuz.<\/p>\n<p>Depolama ko\u015fullar\u0131: Kuru ve serin bir yerde, 18 \u00b0C y\u00fcksek s\u0131cakl\u0131kta ve nem oran\u0131 %70&#8217;i ge\u00e7meyecek \u015fekilde muhafaza edilmelidir.<\/p>\n<p>Raf \u00f6mr\u00fc: 6 ay. \u00dcr\u00fcn sertifikal\u0131d\u0131r.<br \/>\nGDO i\u00e7ermez.<\/p>\n","protected":false},"excerpt":{"rendered":"<p>Diyet mamas\u0131 100 g.<br \/>\nBir kutuda 10 paket.<br \/>\nBr\u00fct kutu a\u011f\u0131rl\u0131\u011f\u0131 1,6 kg.<\/p>\n","protected":false},"featured_media":13718,"comment_status":"open","ping_status":"closed","template":"","meta":{"_acf_changed":false},"brand":[900],"product_cat":[926],"product_tag":[],"class_list":{"0":"post-13740","1":"product","2":"type-product","3":"status-publish","4":"has-post-thumbnail","6":"brand-balsheker-tr","7":"product_cat-tahillar","9":"first","10":"instock","11":"shipping-taxable","12":"purchasable","13":"product-type-simple"},"acf":[],"_links":{"self":[{"href":"https:\/\/turkmenexporter.com\/tr\/wp-json\/wp\/v2\/product\/13740","targetHints":{"allow":["GET"]}}],"collection":[{"href":"https:\/\/turkmenexporter.com\/tr\/wp-json\/wp\/v2\/product"}],"about":[{"href":"https:\/\/turkmenexporter.com\/tr\/wp-json\/wp\/v2\/types\/product"}],"replies":[{"embeddable":true,"href":"https:\/\/turkmenexporter.com\/tr\/wp-json\/wp\/v2\/comments?post=13740"}],"version-history":[{"count":3,"href":"https:\/\/turkmenexporter.com\/tr\/wp-json\/wp\/v2\/product\/13740\/revisions"}],"predecessor-version":[{"id":14265,"href":"https:\/\/turkmenexporter.com\/tr\/wp-json\/wp\/v2\/product\/13740\/revisions\/14265"}],"wp:featuredmedia":[{"embeddable":true,"href":"https:\/\/turkmenexporter.com\/tr\/wp-json\/wp\/v2\/media\/13718"}],"wp:attachment":[{"href":"https:\/\/turkmenexporter.com\/tr\/wp-json\/wp\/v2\/media?parent=13740"}],"wp:term":[{"taxonomy":"brand","embeddable":true,"href":"https:\/\/turkmenexporter.com\/tr\/wp-json\/wp\/v2\/brand?post=13740"},{"taxonomy":"product_cat","embeddable":true,"href":"https:\/\/turkmenexporter.com\/tr\/wp-json\/wp\/v2\/product_cat?post=13740"},{"taxonomy":"product_tag","embeddable":true,"href":"https:\/\/turkmenexporter.com\/tr\/wp-json\/wp\/v2\/product_tag?post=13740"}],"curies":[{"name":"wp","href":"https:\/\/api.w.org\/{rel}","templated":true}]}}