{"id":13853,"date":"2025-03-05T06:15:58","date_gmt":"2025-03-05T01:15:58","guid":{"rendered":"https:\/\/turkmenexporter.com\/product\/ballbon-seker-karamel\/"},"modified":"2025-03-08T17:31:18","modified_gmt":"2025-03-08T12:31:18","slug":"ballbon-seker-karamel","status":"publish","type":"product","link":"https:\/\/turkmenexporter.com\/tr\/urun\/ballbon-seker-karamel\/","title":{"rendered":"BALLBON \u015eeker karamel"},"content":{"rendered":"<p data-start=\"157\" data-end=\"511\">Her \u0131s\u0131r\u0131kta nefis kremsi bir karamel tad\u0131 sunmak i\u00e7in ustal\u0131kla haz\u0131rlanm\u0131\u015f Balsheker BALLBON Candy Caramel&#8217;in zengin, p\u00fcr\u00fczs\u00fcz tad\u0131yla kendinizi \u015f\u0131mart\u0131n. \u00dcst\u00fcn kaliteli malzemeler ve modern \u015fekerleme teknikleri kullan\u0131larak \u00fcretilen bu kar\u015f\u0131 konulmaz karamelli \u015fekerler a\u011fz\u0131n\u0131zda eriyerek m\u00fckemmel bir tatl\u0131l\u0131k ve doku dengesi sunar. <\/p>\n<p>\u00dcr\u00fcn bile\u015fimi: toz \u015feker, melas, asitlik d\u00fczenleyici sitrik asit (E330), do\u011fala \u00f6zde\u015f aroma vericiler \u201cOkalipt\u00fcs\u201d, \u201cD\u00fc\u015fes Armudu\u201d, \u201cNane\u201d, sentetik g\u0131da boyas\u0131 E102 + E133.<\/p>\n<p>Depolama ko\u015fullar\u0131: Kuru ve serin bir yerde, 18\u00b13 \u00b0C y\u00fcksek s\u0131cakl\u0131kta ve nem oran\u0131 %75&#8217;i ge\u00e7meyecek \u015fekilde muhafaza edilmelidir.<\/p>\n<p>Raf \u00f6mr\u00fc: 6 ay. \u00dcr\u00fcn sertifikal\u0131d\u0131r.<\/p>\n<p>GDO i\u00e7ermez.<\/p>\n","protected":false},"excerpt":{"rendered":"<p>Polietilen pakette karamel \u015fekerler 1000 gr.<br \/>\nBir kutuda 7 paket.<br \/>\nBr\u00fct kutu a\u011f\u0131rl\u0131\u011f\u0131 7,33 kg.<\/p>\n","protected":false},"featured_media":13754,"comment_status":"open","ping_status":"closed","template":"","meta":{"_acf_changed":false},"brand":[900],"product_cat":[323],"product_tag":[],"class_list":{"0":"post-13853","1":"product","2":"type-product","3":"status-publish","4":"has-post-thumbnail","6":"brand-balsheker-tr","7":"product_cat-sekerler","9":"first","10":"instock","11":"shipping-taxable","12":"purchasable","13":"product-type-simple"},"acf":[],"_links":{"self":[{"href":"https:\/\/turkmenexporter.com\/tr\/wp-json\/wp\/v2\/product\/13853","targetHints":{"allow":["GET"]}}],"collection":[{"href":"https:\/\/turkmenexporter.com\/tr\/wp-json\/wp\/v2\/product"}],"about":[{"href":"https:\/\/turkmenexporter.com\/tr\/wp-json\/wp\/v2\/types\/product"}],"replies":[{"embeddable":true,"href":"https:\/\/turkmenexporter.com\/tr\/wp-json\/wp\/v2\/comments?post=13853"}],"version-history":[{"count":1,"href":"https:\/\/turkmenexporter.com\/tr\/wp-json\/wp\/v2\/product\/13853\/revisions"}],"predecessor-version":[{"id":13951,"href":"https:\/\/turkmenexporter.com\/tr\/wp-json\/wp\/v2\/product\/13853\/revisions\/13951"}],"wp:featuredmedia":[{"embeddable":true,"href":"https:\/\/turkmenexporter.com\/tr\/wp-json\/wp\/v2\/media\/13754"}],"wp:attachment":[{"href":"https:\/\/turkmenexporter.com\/tr\/wp-json\/wp\/v2\/media?parent=13853"}],"wp:term":[{"taxonomy":"brand","embeddable":true,"href":"https:\/\/turkmenexporter.com\/tr\/wp-json\/wp\/v2\/brand?post=13853"},{"taxonomy":"product_cat","embeddable":true,"href":"https:\/\/turkmenexporter.com\/tr\/wp-json\/wp\/v2\/product_cat?post=13853"},{"taxonomy":"product_tag","embeddable":true,"href":"https:\/\/turkmenexporter.com\/tr\/wp-json\/wp\/v2\/product_tag?post=13853"}],"curies":[{"name":"wp","href":"https:\/\/api.w.org\/{rel}","templated":true}]}}