{"id":13855,"date":"2025-03-05T06:50:03","date_gmt":"2025-03-05T01:50:03","guid":{"rendered":"https:\/\/turkmenexporter.com\/product\/elma-karpuz-aromali-karamel-sekeri\/"},"modified":"2025-03-22T23:41:44","modified_gmt":"2025-03-22T18:41:44","slug":"elma-karpuz-aromali-karamel-sekeri","status":"publish","type":"product","link":"https:\/\/turkmenexporter.com\/tr\/urun\/elma-karpuz-aromali-karamel-sekeri\/","title":{"rendered":"Elma-karpuz aromal\u0131 karamel \u015fekeri"},"content":{"rendered":"<p>\u00dcr\u00fcn bile\u015fimi: toz \u015feker, melas, asitlik d\u00fczenleyici sitrik asit (E330), do\u011fala \u00f6zde\u015f aroma vericiler \u201cKarpuz\u201d, \u201cElma\u201d g\u0131da boyalar\u0131 E102, E124, E102 + E133.<\/p>\n<p>Saklama ko\u015fullar\u0131: kuru ve serin bir yerde, 18\u00b13 \u00b0C y\u00fcksek s\u0131cakl\u0131kta ve nem oran\u0131 en fazla %75 olacak \u015fekilde muhafaza edilmelidir.<\/p>\n<p>Raf \u00f6mr\u00fc: 6 ay. \u00dcr\u00fcn sertifikal\u0131d\u0131r.<br \/>\nGDO i\u00e7ermez.<\/p>\n","protected":false},"excerpt":{"rendered":"<div class=\"elementor-element elementor-element-2cce439 elementor-widget__width-initial elementor-widget elementor-widget-woocommerce-product-short-description\" data-id=\"2cce439\" data-element_type=\"widget\" data-widget_type=\"woocommerce-product-short-description.default\">\n<div class=\"elementor-widget-container\">\n<div class=\"woocommerce-product-details__short-description\">\n<p>Karamelli \u015feker 25 g.<\/p>\n<p>Bir pakette 50 adet. Bir kutuda 8 paket. <\/p>\n<p>Br\u00fct kutu a\u011f\u0131rl\u0131\u011f\u0131 10,4 kg.<\/p>\n<\/div>\n<\/div>\n<\/div>\n","protected":false},"featured_media":13764,"comment_status":"open","ping_status":"closed","template":"","meta":{"_acf_changed":false},"brand":[900],"product_cat":[323],"product_tag":[],"class_list":{"0":"post-13855","1":"product","2":"type-product","3":"status-publish","4":"has-post-thumbnail","6":"brand-balsheker-tr","7":"product_cat-sekerler","9":"first","10":"instock","11":"shipping-taxable","12":"purchasable","13":"product-type-simple"},"acf":[],"_links":{"self":[{"href":"https:\/\/turkmenexporter.com\/tr\/wp-json\/wp\/v2\/product\/13855","targetHints":{"allow":["GET"]}}],"collection":[{"href":"https:\/\/turkmenexporter.com\/tr\/wp-json\/wp\/v2\/product"}],"about":[{"href":"https:\/\/turkmenexporter.com\/tr\/wp-json\/wp\/v2\/types\/product"}],"replies":[{"embeddable":true,"href":"https:\/\/turkmenexporter.com\/tr\/wp-json\/wp\/v2\/comments?post=13855"}],"version-history":[{"count":2,"href":"https:\/\/turkmenexporter.com\/tr\/wp-json\/wp\/v2\/product\/13855\/revisions"}],"predecessor-version":[{"id":14256,"href":"https:\/\/turkmenexporter.com\/tr\/wp-json\/wp\/v2\/product\/13855\/revisions\/14256"}],"wp:featuredmedia":[{"embeddable":true,"href":"https:\/\/turkmenexporter.com\/tr\/wp-json\/wp\/v2\/media\/13764"}],"wp:attachment":[{"href":"https:\/\/turkmenexporter.com\/tr\/wp-json\/wp\/v2\/media?parent=13855"}],"wp:term":[{"taxonomy":"brand","embeddable":true,"href":"https:\/\/turkmenexporter.com\/tr\/wp-json\/wp\/v2\/brand?post=13855"},{"taxonomy":"product_cat","embeddable":true,"href":"https:\/\/turkmenexporter.com\/tr\/wp-json\/wp\/v2\/product_cat?post=13855"},{"taxonomy":"product_tag","embeddable":true,"href":"https:\/\/turkmenexporter.com\/tr\/wp-json\/wp\/v2\/product_tag?post=13855"}],"curies":[{"name":"wp","href":"https:\/\/api.w.org\/{rel}","templated":true}]}}