{"id":13966,"date":"2025-03-08T17:26:37","date_gmt":"2025-03-08T12:26:37","guid":{"rendered":"https:\/\/turkmenexporter.com\/product\/karpuz-aromali-seker-karamel\/"},"modified":"2025-03-23T00:10:42","modified_gmt":"2025-03-22T19:10:42","slug":"karpuz-aromali-seker-karamel","status":"publish","type":"product","link":"https:\/\/turkmenexporter.com\/tr\/urun\/karpuz-aromali-seker-karamel\/","title":{"rendered":"Karpuz aromal\u0131 \u015feker karamel"},"content":{"rendered":"<p>Balsheker Candy Karamel &#8211; Karpuz Aromas\u0131, zengin, ferahlat\u0131c\u0131 ve ho\u015fg\u00f6r\u00fcl\u00fc bir tat i\u00e7in birinci s\u0131n\u0131f malzemelerle \u00fcretilmi\u015ftir. Perakende, toptan ve \u015feker severler i\u00e7in m\u00fckemmel! <\/p>\n<p>\u00dcr\u00fcn bile\u015fimi: toz \u015feker, melas, asitlik d\u00fczenleyici sitrik asit (E330), do\u011fala \u00f6zde\u015f aroma verici \u201cKarpuz\u201d, sentetik g\u0131da boyas\u0131 E124.<\/p>\n<p>Depolama ko\u015fullar\u0131: Kuru ve serin bir yerde, 18\u00b13 \u00b0C y\u00fcksek s\u0131cakl\u0131kta ve nem oran\u0131 %75&#8217;i ge\u00e7meyecek \u015fekilde muhafaza edilmelidir.<\/p>\n<p>Raf \u00f6mr\u00fc: 6 ay. \u00dcr\u00fcn sertifikal\u0131d\u0131r.<\/p>\n<p>GDO i\u00e7ermez.<\/p>\n","protected":false},"excerpt":{"rendered":"<p>Karamelli \u015feker 30 g.<\/p>\n<p>Bir pakette 35 par\u00e7a. Bir kutuda 8 paket. <\/p>\n<p>Br\u00fct kutu a\u011f\u0131rl\u0131\u011f\u0131 9 kg.<\/p>\n","protected":false},"featured_media":13926,"comment_status":"open","ping_status":"closed","template":"","meta":{"_acf_changed":false},"brand":[900],"product_cat":[323],"product_tag":[],"class_list":{"0":"post-13966","1":"product","2":"type-product","3":"status-publish","4":"has-post-thumbnail","6":"brand-balsheker-tr","7":"product_cat-sekerler","9":"first","10":"instock","11":"shipping-taxable","12":"purchasable","13":"product-type-simple"},"acf":[],"_links":{"self":[{"href":"https:\/\/turkmenexporter.com\/tr\/wp-json\/wp\/v2\/product\/13966","targetHints":{"allow":["GET"]}}],"collection":[{"href":"https:\/\/turkmenexporter.com\/tr\/wp-json\/wp\/v2\/product"}],"about":[{"href":"https:\/\/turkmenexporter.com\/tr\/wp-json\/wp\/v2\/types\/product"}],"replies":[{"embeddable":true,"href":"https:\/\/turkmenexporter.com\/tr\/wp-json\/wp\/v2\/comments?post=13966"}],"version-history":[{"count":1,"href":"https:\/\/turkmenexporter.com\/tr\/wp-json\/wp\/v2\/product\/13966\/revisions"}],"predecessor-version":[{"id":14291,"href":"https:\/\/turkmenexporter.com\/tr\/wp-json\/wp\/v2\/product\/13966\/revisions\/14291"}],"wp:featuredmedia":[{"embeddable":true,"href":"https:\/\/turkmenexporter.com\/tr\/wp-json\/wp\/v2\/media\/13926"}],"wp:attachment":[{"href":"https:\/\/turkmenexporter.com\/tr\/wp-json\/wp\/v2\/media?parent=13966"}],"wp:term":[{"taxonomy":"brand","embeddable":true,"href":"https:\/\/turkmenexporter.com\/tr\/wp-json\/wp\/v2\/brand?post=13966"},{"taxonomy":"product_cat","embeddable":true,"href":"https:\/\/turkmenexporter.com\/tr\/wp-json\/wp\/v2\/product_cat?post=13966"},{"taxonomy":"product_tag","embeddable":true,"href":"https:\/\/turkmenexporter.com\/tr\/wp-json\/wp\/v2\/product_tag?post=13966"}],"curies":[{"name":"wp","href":"https:\/\/api.w.org\/{rel}","templated":true}]}}