{"id":13968,"date":"2025-03-08T17:03:05","date_gmt":"2025-03-08T12:03:05","guid":{"rendered":"https:\/\/turkmenexporter.com\/product\/chocoball-cikolatali-kahvaltilik-gevrek\/"},"modified":"2025-03-11T06:50:18","modified_gmt":"2025-03-11T01:50:18","slug":"chocoball-cikolatali-kahvaltilik-gevrek","status":"publish","type":"product","link":"https:\/\/turkmenexporter.com\/tr\/urun\/chocoball-cikolatali-kahvaltilik-gevrek\/","title":{"rendered":"CHOCOBALL \u00c7ikolatal\u0131 Kahvalt\u0131l\u0131k Gevrek"},"content":{"rendered":"<div class=\"flex max-w-full flex-col flex-grow\">\n<div class=\"min-h-8 text-message relative flex w-full flex-col items-end gap-2 whitespace-normal break-words text-start [.text-message+&amp;]:mt-5\" dir=\"auto\" data-message-author-role=\"assistant\" data-message-id=\"4ff00326-9afd-446c-83c0-a5f9d1229831\" data-message-model-slug=\"gpt-4o\">\n<div class=\"flex w-full flex-col gap-1 empty:hidden first:pt-[3px]\">\n<div class=\"markdown prose w-full break-words dark:prose-invert dark\">\n<p data-start=\"1376\" data-end=\"1562\" data-is-last-node=\"\" data-is-only-node=\"\">Balsheker CHOCOBALL \u00c7ikolatal\u0131 Kahvalt\u0131l\u0131k Gevrek &#8211; Zengin kakao aromas\u0131 sunan \u00e7\u0131t\u0131r \u00e7\u0131t\u0131r, \u00e7ikolata kapl\u0131 bir gevrek. Kahvalt\u0131da s\u00fctle birlikte veya her zaman lezzetli bir at\u0131\u015ft\u0131rmal\u0131k olarak m\u00fckemmel! Balsheker CHOCOBALL \u00c7ikolatal\u0131 Kahvalt\u0131l\u0131k Gevrek ile her sabah\u0131 lezzetli ve enerji verici hale getirin. Bu \u00e7\u0131t\u0131r \u00e7\u0131t\u0131r, \u00e7ikolatal\u0131 kahvalt\u0131l\u0131k gevrek, \u00e7\u0131t\u0131rl\u0131k ve zengin kakao aromas\u0131n\u0131n m\u00fckemmel dengesini sunarak her ya\u015ftan kahvalt\u0131 severler i\u00e7in ideal bir se\u00e7imdir.   <\/p>\n<p>\u00dcr\u00fcn bile\u015fimi: birinci s\u0131n\u0131f bu\u011fday unu, m\u0131s\u0131r unu, palmiye ya\u011f\u0131, pudra \u015fekeri, irmik, kuru s\u00fct, \u015furup, kakao tozu, \u00e7ikolata glaze, do\u011fal renklendiriciler E124, E102, E133.<\/p>\n<p>Saklama ko\u015fullar\u0131: Kuru ve serin bir yerde, 18\u00b0C s\u0131cakl\u0131kta ve %75&#8217;i a\u015fmayan ba\u011f\u0131l nemde saklay\u0131n.<\/p>\n<p>Raf \u00f6mr\u00fc: 6 ay. \u00dcr\u00fcn sertifikal\u0131d\u0131r.<br \/>\nGDO i\u00e7ermez.<\/p>\n<\/div>\n<\/div>\n<\/div>\n<\/div>\n","protected":false},"excerpt":{"rendered":"<p>Kahvalt\u0131l\u0131k Gevrek paketi 1 kg.<br \/>\nBir kutuda 4 paket.<br \/>\nBr\u00fct kutu a\u011f\u0131rl\u0131\u011f\u0131 4,1 kg.<\/p>\n","protected":false},"featured_media":13918,"comment_status":"open","ping_status":"closed","template":"","meta":{"_acf_changed":false},"brand":[900],"product_cat":[926],"product_tag":[],"class_list":{"0":"post-13968","1":"product","2":"type-product","3":"status-publish","4":"has-post-thumbnail","6":"brand-balsheker-tr","7":"product_cat-tahillar","9":"first","10":"instock","11":"shipping-taxable","12":"purchasable","13":"product-type-simple"},"acf":[],"_links":{"self":[{"href":"https:\/\/turkmenexporter.com\/tr\/wp-json\/wp\/v2\/product\/13968","targetHints":{"allow":["GET"]}}],"collection":[{"href":"https:\/\/turkmenexporter.com\/tr\/wp-json\/wp\/v2\/product"}],"about":[{"href":"https:\/\/turkmenexporter.com\/tr\/wp-json\/wp\/v2\/types\/product"}],"replies":[{"embeddable":true,"href":"https:\/\/turkmenexporter.com\/tr\/wp-json\/wp\/v2\/comments?post=13968"}],"version-history":[{"count":1,"href":"https:\/\/turkmenexporter.com\/tr\/wp-json\/wp\/v2\/product\/13968\/revisions"}],"predecessor-version":[{"id":14010,"href":"https:\/\/turkmenexporter.com\/tr\/wp-json\/wp\/v2\/product\/13968\/revisions\/14010"}],"wp:featuredmedia":[{"embeddable":true,"href":"https:\/\/turkmenexporter.com\/tr\/wp-json\/wp\/v2\/media\/13918"}],"wp:attachment":[{"href":"https:\/\/turkmenexporter.com\/tr\/wp-json\/wp\/v2\/media?parent=13968"}],"wp:term":[{"taxonomy":"brand","embeddable":true,"href":"https:\/\/turkmenexporter.com\/tr\/wp-json\/wp\/v2\/brand?post=13968"},{"taxonomy":"product_cat","embeddable":true,"href":"https:\/\/turkmenexporter.com\/tr\/wp-json\/wp\/v2\/product_cat?post=13968"},{"taxonomy":"product_tag","embeddable":true,"href":"https:\/\/turkmenexporter.com\/tr\/wp-json\/wp\/v2\/product_tag?post=13968"}],"curies":[{"name":"wp","href":"https:\/\/api.w.org\/{rel}","templated":true}]}}