{"id":13970,"date":"2025-03-08T16:50:04","date_gmt":"2025-03-08T11:50:04","guid":{"rendered":"https:\/\/turkmenexporter.com\/product\/chocoball-cikolatali-misir-gevregi\/"},"modified":"2025-03-23T00:10:41","modified_gmt":"2025-03-22T19:10:41","slug":"chocoball-cikolatali-misir-gevregi","status":"publish","type":"product","link":"https:\/\/turkmenexporter.com\/tr\/urun\/chocoball-cikolatali-misir-gevregi\/","title":{"rendered":"CHOCOBALL \u00c7ikolatal\u0131 M\u0131s\u0131r Gevre\u011fi"},"content":{"rendered":"<p data-start=\"184\" data-end=\"511\">Balsheker CHOCOBALL \u00c7ikolata Soslu Kahvalt\u0131 &#8211; Zengin \u00e7ikolata sosu ile kaplanm\u0131\u015f \u00e7\u0131t\u0131r tah\u0131l toplar\u0131, kahvalt\u0131 veya at\u0131\u015ft\u0131rmal\u0131k i\u00e7in m\u00fckemmeldir. S\u00fctle birlikte veya hareket halindeyken lezzetli bir ikram olarak tad\u0131n\u0131 \u00e7\u0131kar\u0131n! <\/p>\n<p>\u00dcr\u00fcn bile\u015fimi: birinci s\u0131n\u0131f bu\u011fday unu, m\u0131s\u0131r unu, palmiye ya\u011f\u0131, pudra \u015fekeri, irmik, kuru s\u00fct, \u015furup, kakao tozu, \u00e7ikolata glaze, do\u011fal renklendiriciler E124, E102, E133.<\/p>\n<p>Saklama ko\u015fullar\u0131: Kuru ve serin bir yerde, 18\u00b0C s\u0131cakl\u0131kta ve %75&#8217;i a\u015fmayan ba\u011f\u0131l nemde saklay\u0131n.<\/p>\n<p>Raf \u00f6mr\u00fc: 6 ay. \u00dcr\u00fcn sertifikal\u0131d\u0131r.<br \/>\nGDO i\u00e7ermez.<\/p>\n","protected":false},"excerpt":{"rendered":"<p>\u00c7ikolatal\u0131 M\u0131s\u0131r Gevre\u011fi 35g.<\/p>\n<p>Bir pakette 20 paket. Bir kutuda 8 paket. <\/p>\n<p>Br\u00fct kutu a\u011f\u0131rl\u0131\u011f\u0131 6,83 kg.<\/p>\n","protected":false},"featured_media":13903,"comment_status":"open","ping_status":"closed","template":"","meta":{"_acf_changed":false},"brand":[900],"product_cat":[926],"product_tag":[],"class_list":{"0":"post-13970","1":"product","2":"type-product","3":"status-publish","4":"has-post-thumbnail","6":"brand-balsheker-tr","7":"product_cat-tahillar","9":"first","10":"instock","11":"shipping-taxable","12":"purchasable","13":"product-type-simple"},"acf":[],"_links":{"self":[{"href":"https:\/\/turkmenexporter.com\/tr\/wp-json\/wp\/v2\/product\/13970","targetHints":{"allow":["GET"]}}],"collection":[{"href":"https:\/\/turkmenexporter.com\/tr\/wp-json\/wp\/v2\/product"}],"about":[{"href":"https:\/\/turkmenexporter.com\/tr\/wp-json\/wp\/v2\/types\/product"}],"replies":[{"embeddable":true,"href":"https:\/\/turkmenexporter.com\/tr\/wp-json\/wp\/v2\/comments?post=13970"}],"version-history":[{"count":1,"href":"https:\/\/turkmenexporter.com\/tr\/wp-json\/wp\/v2\/product\/13970\/revisions"}],"predecessor-version":[{"id":14289,"href":"https:\/\/turkmenexporter.com\/tr\/wp-json\/wp\/v2\/product\/13970\/revisions\/14289"}],"wp:featuredmedia":[{"embeddable":true,"href":"https:\/\/turkmenexporter.com\/tr\/wp-json\/wp\/v2\/media\/13903"}],"wp:attachment":[{"href":"https:\/\/turkmenexporter.com\/tr\/wp-json\/wp\/v2\/media?parent=13970"}],"wp:term":[{"taxonomy":"brand","embeddable":true,"href":"https:\/\/turkmenexporter.com\/tr\/wp-json\/wp\/v2\/brand?post=13970"},{"taxonomy":"product_cat","embeddable":true,"href":"https:\/\/turkmenexporter.com\/tr\/wp-json\/wp\/v2\/product_cat?post=13970"},{"taxonomy":"product_tag","embeddable":true,"href":"https:\/\/turkmenexporter.com\/tr\/wp-json\/wp\/v2\/product_tag?post=13970"}],"curies":[{"name":"wp","href":"https:\/\/api.w.org\/{rel}","templated":true}]}}